{"id":2,"date":"2024-09-10T08:22:46","date_gmt":"2024-09-10T08:22:46","guid":{"rendered":"https:\/\/redditforcreators.com\/?page_id=2"},"modified":"2025-12-13T15:21:35","modified_gmt":"2025-12-13T15:21:35","slug":"home","status":"publish","type":"page","link":"https:\/\/redditforcreators.com\/es\/","title":{"rendered":"Inicio"},"content":{"rendered":"<section class=\"section\" id=\"section_1187748457\">\n\t\t<div class=\"section-bg fill\" >\n\t\t\t\t\t\t\t\t\t\n\t\t\t\n\n\t\t<\/div>\n\n\t\t\n\n\t\t<div class=\"section-content relative\">\n\t\t\t\n\n<div class=\"row row-collapse align-center\"  id=\"row-897595212\">\n\n\n\t<div id=\"col-953815977\" class=\"col small-11 large-12\"  >\n\t\t\t\t<div class=\"col-inner text-center\"  >\n\t\t\t\n\t\t\t\n\n\t<div id=\"text-3270036966\" class=\"text\">\n\t\t\n\n<h1>Consigue m\u00e1s fans de OnlyFans. Sin coste inicial.<\/h1>\n\t\t\n<style>\n#text-3270036966 {\n  font-size: 1.3rem;\n  line-height: 0.75;\n  color: rgb(255,255,255);\n}\n#text-3270036966 > * {\n  color: rgb(255,255,255);\n}\n@media (min-width:550px) {\n  #text-3270036966 {\n    font-size: 1.8rem;\n  }\n}\n<\/style>\n\t<\/div>\n\t\n\n\t\t<\/div>\n\t\t\t\t\t<\/div>\n\n\t\n\n\t<div id=\"col-31456902\" class=\"col medium-8 small-12 large-8\"  >\n\t\t\t\t<div class=\"col-inner\"  >\n\t\t\t\n\t\t\t\n\n\t<div id=\"text-4032210853\" class=\"text\">\n\t\t\n\n<p>A diferencia de otros servicios que cobran por adelantado, nosotros ponemos nuestro dinero donde est\u00e1 nuestra boca: s\u00f3lo pagas cuando obtenemos resultados.<\/p>\n\t\t\n<style>\n#text-4032210853 {\n  font-size: 1rem;\n  line-height: 1.45;\n  text-align: left;\n  color: rgb(255,255,255);\n}\n#text-4032210853 > * {\n  color: rgb(255,255,255);\n}\n@media (min-width:550px) {\n  #text-4032210853 {\n    font-size: 1.55rem;\n  }\n}\n<\/style>\n\t<\/div>\n\t\n\n\t\t<\/div>\n\t\t\t\t\n<style>\n#col-31456902 > .col-inner {\n  padding: 0px 16px 0px 16px;\n}\n<\/style>\n\t<\/div>\n\n\t\n\n<\/div>\n<div class=\"row row-collapse align-center\"  id=\"row-1483981668\">\n\n\n\t<div id=\"col-1993290981\" class=\"col hide-for-small small-11 large-12\"  >\n\t\t\t\t<div class=\"col-inner text-center\"  >\n\t\t\t\n\t\t\t\n\n<a href=\"https:\/\/cal.com\/redditforcreators\/reddit-for-creators\" class=\"button white is-shade is-large box-shadow-4 box-shadow-5-hover lowercase\" style=\"border-radius:10px;\" target=\"_blank\" rel=\"noopener\">\n\t\t<span>Reserva una llamada<\/span>\n\t<\/a>\n\n\n<a href=\"#learn\" class=\"button white is-underline is-large box-shadow-4 box-shadow-5-hover lowercase\" style=\"border-radius:10px;\">\n\t\t<span>Saber m\u00e1s<\/span>\n\t<\/a>\n\n\n\t<div id=\"text-655456012\" class=\"text\">\n\t\t\n\n<p>We only accept five models at a time to ensure quality and focus.<\/p>\n\t\t\n<style>\n#text-655456012 {\n  font-size: 1rem;\n  line-height: 1.45;\n  text-align: left;\n  color: rgb(255,255,255);\n}\n#text-655456012 > * {\n  color: rgb(255,255,255);\n}\n@media (min-width:550px) {\n  #text-655456012 {\n    font-size: 0.9rem;\n    text-align: center;\n  }\n}\n<\/style>\n\t<\/div>\n\t\n\n\t\t<\/div>\n\t\t\t\t\t<\/div>\n\n\t\n\n<\/div>\n\n\t\t<\/div>\n\n\t\t\n<style>\n#section_1187748457 {\n  padding-top: 0px;\n  padding-bottom: 0px;\n  min-height: 422px;\n  background-color: rgb(23, 46, 53);\n}\n@media (min-width:550px) {\n  #section_1187748457 {\n    padding-top: 60px;\n    padding-bottom: 60px;\n    min-height: 603px;\n  }\n}\n<\/style>\n\t<\/section>\n\t\n\n\t<section class=\"section\" id=\"section_870614944\">\n\t\t<div class=\"section-bg fill\" >\n\t\t\t\t\t\t\t\t\t\n\t\t\t\n\n\t\t<\/div>\n\n\t\t\n\n\t\t<div class=\"section-content relative\">\n\t\t\t\n\n<div class=\"row row-collapse align-center\"  id=\"row-1458127787\">\n\n\n\t<div id=\"col-617690978\" class=\"col medium-7 small-12 large-7\"  >\n\t\t\t\t<div class=\"col-inner\"  >\n\t\t\t\n\t\t\t\n\n<span class=\"scroll-to\" data-label=\"Scroll to: #learn\" data-bullet=\"false\" data-link=\"#learn\" data-title=\"learn\"><a name=\"learn\"><\/a><\/span>\n\n\t<div id=\"text-2055371807\" class=\"text\">\n\t\t\n\n<h2>\u00bfC\u00f3mo funciona?<\/h2>\n<ol>\n<li><span data-preserver-spaces=\"true\">Nos env\u00edas <\/span><strong><span data-preserver-spaces=\"true\">contenido<\/span><\/strong><span data-preserver-spaces=\"true\"> para publicar en Reddit.<\/span><\/li>\n<li><span data-preserver-spaces=\"true\">Creamos una <\/span><strong><span data-preserver-spaces=\"true\">cuenta Reddit de marca<\/span><\/strong><span data-preserver-spaces=\"true\"> para tu modelo el D\u00eda 1.<\/span><\/li>\n<li><span data-preserver-spaces=\"true\">Usted nos da acceso <strong>s\u00f3lo a los enlaces de seguimiento de la secci\u00f3n Crecimiento de Infloww<\/strong> para que podamos controlar los resultados.<\/span><\/li>\n<li><span data-preserver-spaces=\"true\">Conducimos <\/span><strong><span data-preserver-spaces=\"true\">tr\u00e1fico selectivo<\/span><\/strong><span data-preserver-spaces=\"true\"> directamente a tu p\u00e1gina de OnlyFans.<\/span><\/li>\n<li><span data-preserver-spaces=\"true\">T\u00fa te encargas de <\/span><strong><span data-preserver-spaces=\"true\">charlas y ventas.<\/span><\/strong><\/li>\n<li><span data-preserver-spaces=\"true\">Los fans te pagan.<\/span><\/li>\n<li><span data-preserver-spaces=\"true\">Enviamos un <\/span><strong><span data-preserver-spaces=\"true\">factura en funci\u00f3n de la comisi\u00f3n obtenida.<\/span><\/strong><\/li>\n<\/ol>\n<p><!-- notionvc: 0c35d7a2-fcd4-4623-82ae-7d4d85dd7355 --><\/p>\n<p><!-- notionvc: dd1fecc1-25d9-41ee-a612-afd37cc47726 --><\/p>\n\t\t\n<style>\n#text-2055371807 {\n  font-size: 1.2rem;\n}\n@media (min-width:550px) {\n  #text-2055371807 {\n    font-size: 1.5rem;\n  }\n}\n<\/style>\n\t<\/div>\n\t\n\n\t\t<\/div>\n\t\t\t\t\n<style>\n#col-617690978 > .col-inner {\n  padding: 25px 25px 0px 25px;\n}\n<\/style>\n\t<\/div>\n\n\t\n\n<\/div>\n\n\t\t<\/div>\n\n\t\t\n<style>\n#section_870614944 {\n  padding-top: 30px;\n  padding-bottom: 30px;\n}\n@media (min-width:550px) {\n  #section_870614944 {\n    padding-top: 30px;\n    padding-bottom: 30px;\n  }\n}\n<\/style>\n\t<\/section>\n\t\n\n\t<section class=\"section\" id=\"section_1450427511\">\n\t\t<div class=\"section-bg fill\" >\n\t\t\t\t\t\t\t\t\t\n\t\t\t\n\n\t\t<\/div>\n\n\t\t\n\n\t\t<div class=\"section-content relative\">\n\t\t\t\n\n<div class=\"row row-collapse align-center\"  id=\"row-239266172\">\n\n\n\t<div id=\"col-1572057804\" class=\"col medium-7 small-12 large-7\"  >\n\t\t\t\t<div class=\"col-inner\"  >\n\t\t\t\n\t\t\t\n\n\t<div id=\"text-3363273821\" class=\"text\">\n\t\t\n\n<h2>Invertimos dinero en ti<\/h2>\n<p class=\"\" data-start=\"142\" data-end=\"249\">Tienes que comprender - <strong data-start=\"167\" data-end=\"210\">estamos poniendo nuestro propio tiempo y dinero<\/strong> para crear un equipo en torno a tu cuenta.<\/p>\n<p class=\"\" data-start=\"251\" data-end=\"380\"><strong>Cubrimos todos los gastos por adelantado<\/strong> - navegador antidetecci\u00f3n, proxies m\u00f3viles, creaci\u00f3n de cuentas, calentamiento de empleados, pruebas de contenidos y gesti\u00f3n de puestos, todo ello antes de que veamos un solo d\u00f3lar.<\/p>\n<p class=\"\" data-start=\"382\" data-end=\"468\">Ya nos hemos quemado antes, as\u00ed que s\u00f3lo buscamos <strong data-start=\"434\" data-end=\"466\">socios serios y a largo plazo.<\/strong><\/p>\n<p class=\"\" data-start=\"470\" data-end=\"585\">Queremos crecer contigo, <strong data-start=\"496\" data-end=\"528\">cubrir la inversi\u00f3n que hacemos<\/strong>y <strong data-start=\"534\" data-end=\"564\">seguir ganando dinero juntos<\/strong> a largo plazo.<\/p>\n<p><!-- notionvc: 0c35d7a2-fcd4-4623-82ae-7d4d85dd7355 --><\/p>\n<p><!-- notionvc: dd1fecc1-25d9-41ee-a612-afd37cc47726 --><\/p>\n\t\t\n<style>\n#text-3363273821 {\n  font-size: 1.2rem;\n}\n@media (min-width:550px) {\n  #text-3363273821 {\n    font-size: 1.5rem;\n  }\n}\n<\/style>\n\t<\/div>\n\t\n\n\t\t<\/div>\n\t\t\t\t\n<style>\n#col-1572057804 > .col-inner {\n  padding: 25px 25px 0px 25px;\n}\n<\/style>\n\t<\/div>\n\n\t\n\n<\/div>\n\n\t\t<\/div>\n\n\t\t\n<style>\n#section_1450427511 {\n  padding-top: 30px;\n  padding-bottom: 30px;\n  background-color: rgb(215, 223, 226);\n}\n@media (min-width:550px) {\n  #section_1450427511 {\n    padding-top: 30px;\n    padding-bottom: 30px;\n  }\n}\n<\/style>\n\t<\/section>\n\t\n\n\t<section class=\"section\" id=\"section_1782321084\">\n\t\t<div class=\"section-bg fill\" >\n\t\t\t\t\t\t\t\t\t\n\t\t\t\n\n\t\t<\/div>\n\n\t\t\n\n\t\t<div class=\"section-content relative\">\n\t\t\t\n\n<div class=\"row row-collapse align-center\"  id=\"row-1070664294\">\n\n\n\t<div id=\"col-1624511341\" class=\"col medium-7 small-12 large-7\"  >\n\t\t\t\t<div class=\"col-inner\"  >\n\t\t\t\n\t\t\t\n\n<span class=\"scroll-to\" data-label=\"Scroll to: #learn\" data-bullet=\"false\" data-link=\"#learn\" data-title=\"learn\"><a name=\"learn\"><\/a><\/span>\n\n\t<div id=\"text-4230943875\" class=\"text\">\n\t\t\n\n<p class=\"\" data-start=\"470\" data-end=\"585\">\u00a0<\/p>\n<h2>\u00bfTienes m\u00e1s preguntas?<\/h2>\n<h3><strong>\u00bfPor qu\u00e9 no cobras por adelantado?<\/strong><\/h3>\n<p>Porque Reddit es altamente competitivo. En lugar de hacer falsas promesas, dejamos que <strong>los resultados hablan por s\u00ed solos.<\/strong> Si el tr\u00e1fico no se convierte, no pagas-.<strong>riesgo cero para ti.<\/strong><\/p>\n<h3><strong>\u00bfCon cu\u00e1ntos modelos trabajas?<\/strong><\/h3>\n<p>S\u00f3lo aceptamos <strong>5 modelos al mes<\/strong> a <strong>garantizar resultados de alta calidad.<\/strong><\/p>\n<h3><strong>\u00bfTrabajas con p\u00e1ginas OnlyFans gratuitas o de pago?<\/strong><\/h3>\n<p>Trabajamos principalmente con <strong>p\u00e1ginas libres<\/strong>ya que convierten mejor con nuestra estrategia Reddit.<\/p>\n<h3><strong>\u00bfPor qu\u00e9 no tienes tus propios modelos?<\/strong><\/h3>\n<p>Estamos especializados en <strong>una sola cosa: atraer tr\u00e1fico desde Reddit.<\/strong> Dirigir una agencia de OF requiere gestionar <strong>contenido, chats, precios, estrategia y m\u00e1s<\/strong>-nos centramos en <strong>lo que mejor sabemos hacer<\/strong> para que puedas centrarte en monetizar.<\/p>\n<h3><strong>\u00bfC\u00f3mo te pagan?<\/strong><\/h3>\n<p><strong data-start=\"50\" data-end=\"117\">Nos llevamos una 25% parte de las ganancias de los fans que te traemos. <\/strong>Por ejemplo, si uno de nuestros fans gasta $1.000 en tu contenido (suscripciones, consejos, PPV, contenido personalizado, etc.), ganamos $250.<\/p>\n<h3><strong>\u00bfC\u00f3mo ves de d\u00f3nde viene el aficionado y cu\u00e1nto gasta?<\/strong><\/h3>\n<p>Esto s\u00f3lo es posible si ya utilizas un servicio como <strong>Entradaw<\/strong>. Con <strong>Enlaces de seguimiento de Infloww<\/strong>puedes controlar:<\/p>\n<ul>\n<li><strong>De d\u00f3nde viene el ventilador<\/strong> (por ejemplo, Reddit, TikTok, Twitter, etc.)<\/li>\n<li><strong>Cu\u00e1nto gastan<\/strong>, incluyendo suscripciones, contenido PPV, consejos y mucho m\u00e1s.<\/li>\n<\/ul>\n<h3><strong>\u00bfPuedes aportar una \"Prueba de trabajo\"?<\/strong><\/h3>\n<p class=\"\" data-start=\"77\" data-end=\"232\">No proporcionamos pruebas de trabajo por adelantado porque cada cuenta es diferente y <a href=\"https:\/\/www.fiverr.com\/search\/gigs?query=video%20testimonial&amp;source=drop_down_filters&amp;acmpl=1&amp;search_in=everywhere&amp;search-autocomplete-original-term=testimonial&amp;search-autocomplete-available=true&amp;search-autocomplete-type=suggest&amp;search-autocomplete-position=1&amp;ref_ctx_id=1d763d9ed2cb405694a502452014eb3f&amp;ref=presentor%3Awoman\" target=\"_blank\" rel=\"noopener\">no hay forma real de probarlo<\/a>. Por eso no cobramos nada por adelantado.<\/p>\n<h3><strong>\u00bfTe encargas del chat?<\/strong><\/h3>\n<p>No. Nuestro trabajo es <strong>env\u00eda tr\u00e1fico de calidad<\/strong>y tus chateadores los convierten en fans de pago.<\/p>\n<h3><strong>\u00bfCu\u00e1nto contenido necesito?<\/strong><\/h3>\n<p>\u00a1Cuantos m\u00e1s, mejor! Tener un <strong>suministro coherente de contenidos<\/strong> ayuda a que el tr\u00e1fico de Reddit convierta mejor con el tiempo.<\/p>\n<h3><strong>\u00bfYa est\u00e1s en Reddit?<\/strong><\/h3>\n<p>Si ya tienes tr\u00e1fico de Reddit, puede que nuestro servicio no te convenga. Nosotros <strong>funcionan mejor con agencias que todav\u00eda no utilizan Reddit<\/strong> para que podamos construirlo y ampliarlo desde cero.<\/p>\n<h3><strong>\u00bfCu\u00e1ntos fans puedes generar?<\/strong><\/h3>\n<p>Es dif\u00edcil predecir las cifras exactas, ya que <strong>El tr\u00e1fico de Reddit depende de muchos factores<\/strong>-contenido, compromiso y competencia en tu nicho. Sin embargo <strong>S\u00f3lo aceptamos modelos que creemos que podemos hacer crecer con \u00e9xito.<\/strong><\/p>\n<p>\u00a0<\/p>\n<p><!-- notionvc: 0c35d7a2-fcd4-4623-82ae-7d4d85dd7355 --><\/p>\n<p><!-- notionvc: dd1fecc1-25d9-41ee-a612-afd37cc47726 --><\/p>\n\t\t\n<style>\n#text-4230943875 {\n  font-size: 1.2rem;\n}\n@media (min-width:550px) {\n  #text-4230943875 {\n    font-size: 1.5rem;\n  }\n}\n<\/style>\n\t<\/div>\n\t\n\n\t\t<\/div>\n\t\t\t\t\n<style>\n#col-1624511341 > .col-inner {\n  padding: 25px 25px 0px 25px;\n}\n<\/style>\n\t<\/div>\n\n\t\n\n<\/div>\n\t<div id=\"gap-843189274\" class=\"gap-element clearfix\" style=\"display:block; height:auto;\">\n\t\t\n<style>\n#gap-843189274 {\n  padding-top: 30px;\n}\n<\/style>\n\t<\/div>\n\t\n\n\t<div id=\"text-1507011988\" class=\"text\">\n\t\t\n\n<p>Este sitio no forma parte del sitio web de Facebook ni de Facebook Inc. Adem\u00e1s, este sitio NO est\u00e1 avalado por Facebook en modo alguno. FACEBOOK es una marca comercial de FACEBOOK, Inc.<\/p>\n<p><a href=\"https:\/\/redditforcreators.com\/es\/politica-de-privacidad\/\">Pol\u00edtica de privacidad<\/a><\/p>\n<p>2024 Perfect Pose LTD. Todos los derechos reservados | Pol\u00edtica de privacidad | Condiciones de uso<\/p>\n\t\t\n<style>\n#text-1507011988 {\n  font-size: 0.75rem;\n  line-height: 0.9;\n  text-align: center;\n}\n<\/style>\n\t<\/div>\n\t\n\t<div id=\"gap-1825170325\" class=\"gap-element clearfix\" style=\"display:block; height:auto;\">\n\t\t\n<style>\n#gap-1825170325 {\n  padding-top: 153px;\n}\n<\/style>\n\t<\/div>\n\t\n\n\n\t\t<\/div>\n\n\t\t\n<style>\n#section_1782321084 {\n  padding-top: 30px;\n  padding-bottom: 30px;\n}\n@media (min-width:550px) {\n  #section_1782321084 {\n    padding-top: 30px;\n    padding-bottom: 30px;\n  }\n}\n<\/style>\n\t<\/section>\n\t\n\n\t<section class=\"section fixed-bottom-section show-for-small\" id=\"section_2080995950\">\n\t\t<div class=\"section-bg fill\" >\n\t\t\t\t\t\t\t\t\t\n\t\t\t\n\t<div class=\"is-border\"\n\t\tstyle=\"border-width:0px 0px 0px 0px;\">\n\t<\/div>\n\n\t\t<\/div>\n\n\t\t\n\n\t\t<div class=\"section-content relative\">\n\t\t\t\n\n<div class=\"row row-collapse align-center\"  id=\"row-663235783\">\n\n\n\t<div id=\"col-1591063527\" class=\"col small-12 large-12\"  >\n\t\t\t\t<div class=\"col-inner text-center\"  >\n\t\t\t\n\t\t\t\n\n<a href=\"https:\/\/cal.com\/broadhollow\/reddit-for-creators\" class=\"button primary instagram-button\" target=\"_blank\" rel=\"noopener\">\n\t<i class=\"icon-phone\" aria-hidden=\"true\"><\/i>\t<span>Reserva una llamada<\/span>\n\t<\/a>\n\n\n<a href=\"http:\/\/m.me\/61572140380741\" class=\"button primary messenger-button hidden\">\n\t<i class=\"icon-facebook\" aria-hidden=\"true\"><\/i>\t<span>Mensajero<\/span>\n\t<\/a>\n\n\n<a href=\"https:\/\/wa.me\/4915510086467\" class=\"button primary telegram-button hidden\" target=\"_blank\" rel=\"noopener\">\n\t<i class=\"icon-telegram\" aria-hidden=\"true\"><\/i>\t<span>Telegrama<\/span>\n\t<\/a>\n\n\n\n\t\t<\/div>\n\t\t\t\t\t<\/div>\n\n\t\n\n\n<style>\n#row-663235783 > .col > .col-inner {\n  padding: 0px 0px 0px 0px;\n}\n<\/style>\n<\/div>\n\n\t\t<\/div>\n\n\t\t\n<style>\n#section_2080995950 {\n  padding-top: 0px;\n  padding-bottom: 0px;\n  background-color: rgb(242, 246, 247);\n}\n@media (min-width:550px) {\n  #section_2080995950 {\n    padding-top: 30px;\n    padding-bottom: 30px;\n  }\n}\n<\/style>\n\t<\/section>\n\t\n\n\n<style>\n\n.fixed-bottom-section {\n  position: fixed;  \/* Fix the section to the bottom *\/\n  bottom: 0;        \/* Stick to the bottom of the page *\/\n  left: 0;          \/* Align to the left *\/\n  width: 100%;      \/* Make it full width *\/\n  padding: 15px;\n  box-shadow: 0 -2px 5px rgba(0, 0, 0, 0.2);\n  z-index: 9999;    \/* High z-index to make sure it's above other elements *\/\n}\n\n.instagram-button, .messenger-button {\n  pointer-events: auto; \/* Ensure buttons are clickable *\/\n  z-index: 10000;       \/* Make sure buttons are clickable above any overlays *\/\n}\n\n.content-wrapper {\n  padding-bottom: 120px; \/* Ensure content above doesn't overlap the fixed section *\/\n}\n\n\n.dropshadow {\n    box-shadow: 5px 5px 15px rgba(0,0,0,0.5);\n}\n\n\/* Base styles for mobile (default) *\/\n.whatsapp-button,\n.telegram-button,\n.messenger-button,\n.instagram-button {\n  background-color: #25d366; \/* WhatsApp color *\/\n  margin: 7px;\n  color: white;\n  border-radius: 5px;\n  padding: 10px 20px;\n  text-align: center;\n  display: inline-block;\n  box-sizing: border-box; \/* Ensures padding and borders are included in width *\/\n}\n\n\/* Different colors for each button *\/\n.telegram-button {\n  background-color: #0088cc; \/* Telegram color *\/\n}\n\n.messenger-button {\n  background-color: #0084ff; \/* Messenger color *\/\n}\n\n.instagram-button {\n  background-color: #e4405f; \/* Instagram color *\/\n  font-weight: bold; \/* Bold text for emphasis *\/\n  font-family: Arial, sans-serif; \/* Simple, modern font *\/\n  box-shadow: 0 4px 6px rgba(0, 0, 0, 0.1); \/* Subtle shadow for a lifted effect *\/\n  transition: background-color 0.3s ease; \/* Smooth hover effect *\/\n}\n\n.instagram-button:hover {\n  background-color: #d2365c; \/* Slightly darker shade on hover *\/\n}\n\n\/* Styles for mobile *\/\n@media (max-width: 768px) {\n  .whatsapp-button,\n  .telegram-button,\n  .messenger-button,\n  .instagram-button {\n    width: 100%; \/* Full width on mobile *\/\n    max-width: 300px; \/* Limit max width on mobile *\/\n    margin-left: auto;\n    margin-right: auto;\n  }\n}\n\n\/* Make buttons the same width on desktop *\/\n@media (min-width: 768px) {\n  .whatsapp-button,\n  .telegram-button,\n  .messenger-button,\n  .instagram-button {\n    margin: 7px 20px; \/* Desktop spacing *\/\n    width: 250px; \/* Set the same width for all buttons on desktop *\/\n  }\n}\n\nh1 {\n  text-shadow: 2px 2px 4px rgba(0, 0, 0, 0.5); \/* X-offset, Y-offset, blur-radius, color *\/\n}\n<\/style>\n\n\n\t<div id=\"text-2866336727\" class=\"text hidden\">\n\t\t\n\n<p>Toque para chatear: sin presiones, s\u00f3lo respuestas.<\/p>\n\t\t\n<style>\n#text-2866336727 {\n  color: rgb(209, 218, 225);\n}\n#text-2866336727 > * {\n  color: rgb(209, 218, 225);\n}\n<\/style>\n\t<\/div>\n\t\n<a href=\"https:\/\/wa.me\/4915510086467\" class=\"button primary whatsapp-button hidden\" target=\"_blank\" rel=\"noopener\">\n\t<i class=\"icon-whatsapp\" aria-hidden=\"true\"><\/i>\t<span>Qu\u00e9 es la App<\/span>\n\t<\/a>","protected":false},"excerpt":{"rendered":"","protected":false},"author":1,"featured_media":580,"parent":0,"menu_order":0,"comment_status":"closed","ping_status":"closed","template":"page-blank.php","meta":{"_monsterinsights_skip_tracking":false,"_monsterinsights_sitenote_active":false,"_monsterinsights_sitenote_note":"","_monsterinsights_sitenote_category":0,"footnotes":""},"class_list":["post-2","page","type-page","status-publish","has-post-thumbnail","hentry"],"_links":{"self":[{"href":"https:\/\/redditforcreators.com\/es\/wp-json\/wp\/v2\/pages\/2","targetHints":{"allow":["GET"]}}],"collection":[{"href":"https:\/\/redditforcreators.com\/es\/wp-json\/wp\/v2\/pages"}],"about":[{"href":"https:\/\/redditforcreators.com\/es\/wp-json\/wp\/v2\/types\/page"}],"author":[{"embeddable":true,"href":"https:\/\/redditforcreators.com\/es\/wp-json\/wp\/v2\/users\/1"}],"replies":[{"embeddable":true,"href":"https:\/\/redditforcreators.com\/es\/wp-json\/wp\/v2\/comments?post=2"}],"version-history":[{"count":156,"href":"https:\/\/redditforcreators.com\/es\/wp-json\/wp\/v2\/pages\/2\/revisions"}],"predecessor-version":[{"id":598,"href":"https:\/\/redditforcreators.com\/es\/wp-json\/wp\/v2\/pages\/2\/revisions\/598"}],"wp:featuredmedia":[{"embeddable":true,"href":"https:\/\/redditforcreators.com\/es\/wp-json\/wp\/v2\/media\/580"}],"wp:attachment":[{"href":"https:\/\/redditforcreators.com\/es\/wp-json\/wp\/v2\/media?parent=2"}],"curies":[{"name":"wp","href":"https:\/\/api.w.org\/{rel}","templated":true}]}}