{"id":3,"date":"2024-09-10T08:22:46","date_gmt":"2024-09-10T08:22:46","guid":{"rendered":"https:\/\/redditforcreators.com\/?page_id=3"},"modified":"2024-10-03T14:33:16","modified_gmt":"2024-10-03T14:33:16","slug":"privacy-policy","status":"publish","type":"page","link":"https:\/\/redditforcreators.com\/es\/politica-de-privacidad\/","title":{"rendered":"Pol\u00edtica de privacidad"},"content":{"rendered":"<p><strong>Qui\u00e9nes somos<\/strong><\/p>\n\n\n\n<p>La direcci\u00f3n de nuestro sitio web es <a href=\"https:\/\/redditforcreators.com\/es\/\">https:\/\/redditforcreators.com<\/a>.<\/p>\n\n\n\n<p><strong>Anuncios en Meta<\/strong><\/p>\n\n\n\n<p>Utilizamos la funci\u00f3n Lead Ads de Meta para recopilar informaci\u00f3n, como direcciones de correo electr\u00f3nico y otros datos del usuario, cuando decides proporcionarla a trav\u00e9s de nuestros anuncios. Al proporcionar tu informaci\u00f3n a trav\u00e9s de un Lead Ad, aceptas las condiciones que se indican a continuaci\u00f3n:<\/p>\n\n\n\n<ol class=\"wp-block-list\">\n<li><strong>Uso de los datos de los anuncios de clientes potenciales<\/strong>: Recogemos y almacenamos la informaci\u00f3n que nos proporcionas a trav\u00e9s de los Anuncios de clientes potenciales de Meta, incluida tu direcci\u00f3n de correo electr\u00f3nico y cualquier otro dato que decidas enviar. Estos datos se utilizar\u00e1n de acuerdo con esta pol\u00edtica de privacidad, la Pol\u00edtica de la Plataforma de Meta (<a href=\"https:\/\/developers.facebook.com\/policy\/\" target=\"_blank\" rel=\"noopener\">https:\/\/developers.facebook.com\/policy\/<\/a>), las Pol\u00edticas de Publicidad de Meta (<a href=\"https:\/\/www.facebook.com\/policies\/ads\" target=\"_blank\" rel=\"noopener\">https:\/\/www.facebook.com\/policies\/ads<\/a>), y las leyes y normativas aplicables. Los datos no se aumentar\u00e1n, mezclar\u00e1n ni complementar\u00e1n con datos de otros anunciantes o fuentes.<\/li>\n\n\n\n<li><strong>Prop\u00f3sito<\/strong>: Utilizamos la informaci\u00f3n recopilada a trav\u00e9s de Lead Ads con el fin de enviarte comunicaciones y ofertas relevantes basadas en la informaci\u00f3n que nos has proporcionado. Tus datos s\u00f3lo se utilizar\u00e1n para el fin para el que se recopilaron, y no venderemos ni transferiremos tus datos a menos que sea necesario para cumplir este fin.<\/li>\n\n\n\n<li><strong>Acceso de terceros<\/strong>: Si compartimos tu informaci\u00f3n con terceros asociados para cumplir los fines para los que se recopilaron los datos, nos aseguramos de que estos terceros cumplan las leyes aplicables, incluida la normativa sobre protecci\u00f3n de datos y privacidad. Sin embargo, no somos responsables de su cumplimiento, y compartes tus datos con ellos bajo tu propia responsabilidad.<\/li>\n\n\n\n<li><strong>Protecci\u00f3n de datos<\/strong>: Hemos implementado medidas t\u00e9cnicas y organizativas apropiadas para proteger tus datos de accesos no autorizados, p\u00e9rdidas o da\u00f1os. Todo el procesamiento de los Datos de publicidad de clientes potenciales se lleva a cabo de conformidad con las leyes pertinentes y las directrices de Meta.<\/li>\n\n\n\n<li><strong>Modificaciones<\/strong>: Meta puede cambiar o interrumpir la disponibilidad de Lead Ads en cualquier momento, y podemos actualizar esta pol\u00edtica para reflejar esos cambios.<\/li>\n<\/ol>\n\n\n\n<p><strong>Meta p\u00edxel<\/strong><\/p>\n\n\n\n<p>Utilizamos el Meta Pixel en nuestro sitio web para rastrear las interacciones de los usuarios con nuestro sitio. El Meta Pixel nos permite medir la eficacia de nuestra publicidad al comprender c\u00f3mo interact\u00faan los visitantes con nuestro sitio y nuestros anuncios. Los datos recogidos a trav\u00e9s del Meta Pixel incluyen:<\/p>\n\n\n\n<ul class=\"wp-block-list\">\n<li>Informaci\u00f3n sobre tu visita a nuestro sitio, incluidas las p\u00e1ginas visitadas, las acciones realizadas (por ejemplo, compras o env\u00edo de formularios) y tu direcci\u00f3n IP.<\/li>\n\n\n\n<li>Los datos recogidos a trav\u00e9s del p\u00edxel Meta se procesan de acuerdo con la pol\u00edtica de privacidad de Meta. <a href=\"https:\/\/www.facebook.com\/policy.php\" target=\"_blank\" rel=\"noopener\">Pol\u00edtica de datos<\/a>.<\/li>\n<\/ul>\n\n\n\n<p>Estos datos se utilizan para ayudarnos a mejorar la relevancia de nuestra publicidad en las plataformas Meta. Puedes gestionar tu configuraci\u00f3n de privacidad a trav\u00e9s de tu cuenta de Meta o visitando <a href=\"https:\/\/www.facebook.com\/about\/privacy\/\" target=\"_blank\" rel=\"noopener\">Opciones de privacidad de Meta<\/a>.<\/p>\n\n\n\n<p><strong>Google Analytics<\/strong><\/p>\n\n\n\n<p>Utilizamos Google Analytics para recopilar informaci\u00f3n sobre c\u00f3mo los visitantes utilizan nuestro sitio. Google Analytics recopila datos como:<\/p>\n\n\n\n<ul class=\"wp-block-list\">\n<li>Las p\u00e1ginas que visitas y el tiempo que permaneces en cada una de ellas.<\/li>\n\n\n\n<li>El dispositivo y el navegador que utilizas para acceder al sitio.<\/li>\n\n\n\n<li>Tu ubicaci\u00f3n geogr\u00e1fica y direcci\u00f3n IP.<\/li>\n<\/ul>\n\n\n\n<p>Estos datos nos ayudan a analizar el tr\u00e1fico del sitio, mejorar nuestro sitio web y comprender el comportamiento de los usuarios. Google Analytics utiliza cookies para recopilar estos datos. Puedes obtener m\u00e1s informaci\u00f3n sobre c\u00f3mo Google procesa tus datos visitando <a>Pol\u00edtica de privacidad de Google<\/a>.<\/p>\n\n\n\n<p>Para excluirte del seguimiento de Google Analytics, puedes utilizar el bot\u00f3n <a>Complemento de inhabilitaci\u00f3n para navegadores de Google Analytics<\/a>.<\/p>\n\n\n\n<p><strong>Cookies<\/strong><\/p>\n\n\n\n<p>Utilizamos cookies para mejorar tu experiencia en nuestro sitio y con fines anal\u00edticos. Entre ellas se incluyen:<\/p>\n\n\n\n<ul class=\"wp-block-list\">\n<li><strong>Galletas esenciales<\/strong>: Estas cookies son necesarias para que el sitio web funcione correctamente y no se pueden desactivar en nuestros sistemas.<\/li>\n\n\n\n<li><strong>Cookies de rendimiento y an\u00e1lisis<\/strong>: Estas cookies nos permiten contar las visitas y las fuentes de tr\u00e1fico para que podamos medir y mejorar el rendimiento de nuestro sitio.<\/li>\n\n\n\n<li><strong>Cookies publicitarias<\/strong>: Meta Pixel y otras cookies de terceros pueden utilizarse para ofrecer anuncios personalizados basados en tus interacciones con nuestro sitio.<\/li>\n<\/ul>\n\n\n\n<p>Puedes gestionar tus preferencias de cookies ajustando la configuraci\u00f3n de tu navegador. Ten en cuenta que desactivar las cookies puede afectar a la funcionalidad del sitio web.<\/p>\n\n\n\n<p><strong>Contenido incrustado de otros sitios web<\/strong><\/p>\n\n\n\n<p>Nuestros art\u00edculos pueden incluir contenido incrustado (como v\u00eddeos o im\u00e1genes). El contenido incrustado de otros sitios web se comporta de la misma manera que si estuvieras visitando el otro sitio web directamente. Estos sitios web externos pueden recopilar datos sobre ti, utilizar cookies y controlar tu interacci\u00f3n con el contenido incrustado.<\/p>\n\n\n\n<p><strong>Con qui\u00e9n compartimos tus datos<\/strong><\/p>\n\n\n\n<p>Si solicitas un restablecimiento de contrase\u00f1a, tu direcci\u00f3n IP se incluir\u00e1 en el correo electr\u00f3nico de restablecimiento. Los datos recogidos a trav\u00e9s de Meta Pixel y Google Analytics se procesan de acuerdo con las respectivas pol\u00edticas de Meta y Google.<\/p>\n\n\n\n<p><strong>Cu\u00e1nto tiempo conservamos tus datos<\/strong><\/p>\n\n\n\n<p>Si dejas un comentario, conservamos el comentario y sus metadatos indefinidamente. Para los usuarios que se registran en nuestro sitio web, almacenamos su informaci\u00f3n personal en sus perfiles de usuario indefinidamente, pero los usuarios pueden ver, editar o eliminar su informaci\u00f3n personal en cualquier momento.<\/p>\n\n\n\n<p><strong>Qu\u00e9 derechos tienes sobre tus datos<\/strong><\/p>\n\n\n\n<p>Si has dejado comentarios o proporcionado datos a trav\u00e9s de Lead Ads, Meta Pixel o Google Analytics, puedes solicitar que te enviemos un archivo exportado de los datos personales que tenemos sobre ti, incluidos los datos que hayas proporcionado. Tambi\u00e9n puedes solicitar que borremos cualquier dato personal que tengamos sobre ti, excluyendo los datos que debamos conservar por motivos legales o administrativos.<\/p>\n\n\n\n<p><strong>D\u00f3nde se env\u00edan tus datos<\/strong><\/p>\n\n\n\n<p>Los comentarios de los visitantes pueden ser comprobados a trav\u00e9s de un servicio automatizado de detecci\u00f3n de spam. Los datos recogidos a trav\u00e9s de Meta Pixel y Google Analytics pueden ser procesados fuera de tu pa\u00eds de residencia y est\u00e1n sujetos a las pol\u00edticas de privacidad de Meta y Google.<\/p>\n\n\n\n<p><strong>Informaci\u00f3n de contacto<\/strong><\/p>\n\n\n\n<p>Si tienes alguna duda sobre esta pol\u00edtica de privacidad, ponte en contacto con nosotros en<\/p>\n\n\n\n<p><strong>Perfect Pose LTD<\/strong><br>8 Derwent Drive<br>Doncaster<br>DN4 5PB<br>Correo electr\u00f3nico: <a>perfectpose.uk@gmail.com<\/a><\/p>","protected":false},"excerpt":{"rendered":"<p>Qui\u00e9nes somos La direcci\u00f3n de nuestro sitio web es: https:\/\/redditforcreators.com. Lead Ads en Meta Utilizamos la funci\u00f3n Lead Ads de Meta para recopilar informaci\u00f3n, como direcciones de correo electr\u00f3nico y otros datos del usuario, cuando decides proporcionarla a trav\u00e9s de nuestros anuncios. Al proporcionar tu informaci\u00f3n a trav\u00e9s de un Lead Ad, aceptas los t\u00e9rminos que se indican a continuaci\u00f3n: Meta Pixel [...]","protected":false},"author":1,"featured_media":0,"parent":0,"menu_order":0,"comment_status":"closed","ping_status":"open","template":"","meta":{"_monsterinsights_skip_tracking":false,"_monsterinsights_sitenote_active":false,"_monsterinsights_sitenote_note":"","_monsterinsights_sitenote_category":0,"footnotes":""},"class_list":["post-3","page","type-page","status-publish","hentry"],"_links":{"self":[{"href":"https:\/\/redditforcreators.com\/es\/wp-json\/wp\/v2\/pages\/3","targetHints":{"allow":["GET"]}}],"collection":[{"href":"https:\/\/redditforcreators.com\/es\/wp-json\/wp\/v2\/pages"}],"about":[{"href":"https:\/\/redditforcreators.com\/es\/wp-json\/wp\/v2\/types\/page"}],"author":[{"embeddable":true,"href":"https:\/\/redditforcreators.com\/es\/wp-json\/wp\/v2\/users\/1"}],"replies":[{"embeddable":true,"href":"https:\/\/redditforcreators.com\/es\/wp-json\/wp\/v2\/comments?post=3"}],"version-history":[{"count":2,"href":"https:\/\/redditforcreators.com\/es\/wp-json\/wp\/v2\/pages\/3\/revisions"}],"predecessor-version":[{"id":160,"href":"https:\/\/redditforcreators.com\/es\/wp-json\/wp\/v2\/pages\/3\/revisions\/160"}],"wp:attachment":[{"href":"https:\/\/redditforcreators.com\/es\/wp-json\/wp\/v2\/media?parent=3"}],"curies":[{"name":"wp","href":"https:\/\/api.w.org\/{rel}","templated":true}]}}