{"id":2,"date":"2024-09-10T08:22:46","date_gmt":"2024-09-10T08:22:46","guid":{"rendered":"https:\/\/redditforcreators.com\/?page_id=2"},"modified":"2025-12-13T15:21:35","modified_gmt":"2025-12-13T15:21:35","slug":"home","status":"publish","type":"page","link":"https:\/\/redditforcreators.com\/fi\/","title":{"rendered":"Etusivu"},"content":{"rendered":"<section class=\"section\" id=\"section_2046052159\">\n\t\t<div class=\"section-bg fill\" >\n\t\t\t\t\t\t\t\t\t\n\t\t\t\n\n\t\t<\/div>\n\n\t\t\n\n\t\t<div class=\"section-content relative\">\n\t\t\t\n\n<div class=\"row row-collapse align-center\"  id=\"row-174160573\">\n\n\n\t<div id=\"col-438214529\" class=\"col small-11 large-12\"  >\n\t\t\t\t<div class=\"col-inner text-center\"  >\n\t\t\t\n\t\t\t\n\n\t<div id=\"text-1089612233\" class=\"text\">\n\t\t\n\n<h1>Hanki lis\u00e4\u00e4 OnlyFans-faneja. Ei etuk\u00e4teiskustannuksia.<\/h1>\n\t\t\n<style>\n#text-1089612233 {\n  font-size: 1.3rem;\n  line-height: 0.75;\n  color: rgb(255,255,255);\n}\n#text-1089612233 > * {\n  color: rgb(255,255,255);\n}\n@media (min-width:550px) {\n  #text-1089612233 {\n    font-size: 1.8rem;\n  }\n}\n<\/style>\n\t<\/div>\n\t\n\n\t\t<\/div>\n\t\t\t\t\t<\/div>\n\n\t\n\n\t<div id=\"col-2087265636\" class=\"col medium-8 small-12 large-8\"  >\n\t\t\t\t<div class=\"col-inner\"  >\n\t\t\t\n\t\t\t\n\n\t<div id=\"text-3062674750\" class=\"text\">\n\t\t\n\n<p>Toisin kuin muut palvelut, jotka veloittavat etuk\u00e4teen, me panemme rahamme likoon - maksat vain, kun saamme tuloksia aikaan.<\/p>\n\t\t\n<style>\n#text-3062674750 {\n  font-size: 1rem;\n  line-height: 1.45;\n  text-align: left;\n  color: rgb(255,255,255);\n}\n#text-3062674750 > * {\n  color: rgb(255,255,255);\n}\n@media (min-width:550px) {\n  #text-3062674750 {\n    font-size: 1.55rem;\n  }\n}\n<\/style>\n\t<\/div>\n\t\n\n\t\t<\/div>\n\t\t\t\t\n<style>\n#col-2087265636 > .col-inner {\n  padding: 0px 16px 0px 16px;\n}\n<\/style>\n\t<\/div>\n\n\t\n\n<\/div>\n<div class=\"row row-collapse align-center\"  id=\"row-466249150\">\n\n\n\t<div id=\"col-1633720787\" class=\"col hide-for-small small-11 large-12\"  >\n\t\t\t\t<div class=\"col-inner text-center\"  >\n\t\t\t\n\t\t\t\n\n<a href=\"https:\/\/cal.com\/redditforcreators\/reddit-for-creators\" class=\"button white is-shade is-large box-shadow-4 box-shadow-5-hover lowercase\" style=\"border-radius:10px;\" target=\"_blank\" rel=\"noopener\">\n\t\t<span>Varaa puhelu<\/span>\n\t<\/a>\n\n\n<a href=\"#learn\" class=\"button white is-underline is-large box-shadow-4 box-shadow-5-hover lowercase\" style=\"border-radius:10px;\">\n\t\t<span>Lue lis\u00e4\u00e4<\/span>\n\t<\/a>\n\n\n\t<div id=\"text-1147772109\" class=\"text\">\n\t\t\n\n<p>We only accept five models at a time to ensure quality and focus.<\/p>\n\t\t\n<style>\n#text-1147772109 {\n  font-size: 1rem;\n  line-height: 1.45;\n  text-align: left;\n  color: rgb(255,255,255);\n}\n#text-1147772109 > * {\n  color: rgb(255,255,255);\n}\n@media (min-width:550px) {\n  #text-1147772109 {\n    font-size: 0.9rem;\n    text-align: center;\n  }\n}\n<\/style>\n\t<\/div>\n\t\n\n\t\t<\/div>\n\t\t\t\t\t<\/div>\n\n\t\n\n<\/div>\n\n\t\t<\/div>\n\n\t\t\n<style>\n#section_2046052159 {\n  padding-top: 0px;\n  padding-bottom: 0px;\n  min-height: 422px;\n  background-color: rgb(23, 46, 53);\n}\n@media (min-width:550px) {\n  #section_2046052159 {\n    padding-top: 60px;\n    padding-bottom: 60px;\n    min-height: 603px;\n  }\n}\n<\/style>\n\t<\/section>\n\t\n\n\t<section class=\"section\" id=\"section_1734683743\">\n\t\t<div class=\"section-bg fill\" >\n\t\t\t\t\t\t\t\t\t\n\t\t\t\n\n\t\t<\/div>\n\n\t\t\n\n\t\t<div class=\"section-content relative\">\n\t\t\t\n\n<div class=\"row row-collapse align-center\"  id=\"row-1361198341\">\n\n\n\t<div id=\"col-475244628\" class=\"col medium-7 small-12 large-7\"  >\n\t\t\t\t<div class=\"col-inner\"  >\n\t\t\t\n\t\t\t\n\n<span class=\"scroll-to\" data-label=\"Scroll to: #learn\" data-bullet=\"false\" data-link=\"#learn\" data-title=\"learn\"><a name=\"learn\"><\/a><\/span>\n\n\t<div id=\"text-3634509562\" class=\"text\">\n\t\t\n\n<h2>Miten se toimii?<\/h2>\n<ol>\n<li><span data-preserver-spaces=\"true\">Te l\u00e4het\u00e4tte meille <\/span><strong><span data-preserver-spaces=\"true\">sis\u00e4lt\u00f6<\/span><\/strong><span data-preserver-spaces=\"true\"> l\u00e4hett\u00e4\u00e4 Redditiin.<\/span><\/li>\n<li><span data-preserver-spaces=\"true\">Luomme <\/span><strong><span data-preserver-spaces=\"true\">br\u00e4nd\u00e4tty Reddit-tili<\/span><\/strong><span data-preserver-spaces=\"true\"> malliasi varten ensimm\u00e4isen\u00e4 p\u00e4iv\u00e4n\u00e4.<\/span><\/li>\n<li><span data-preserver-spaces=\"true\">Annat meille p\u00e4\u00e4syn <strong>vain Infloww:n Kasvu-osiossa oleviin seurantalinkkeihin.<\/strong> jotta voimme seurata tuloksia.<\/span><\/li>\n<li><span data-preserver-spaces=\"true\">Me ajamme <\/span><strong><span data-preserver-spaces=\"true\">kohdennettu liikenne<\/span><\/strong><span data-preserver-spaces=\"true\"> suoraan OnlyFans-sivullesi.<\/span><\/li>\n<li><span data-preserver-spaces=\"true\">Sin\u00e4 hoidat <\/span><strong><span data-preserver-spaces=\"true\">keskustelua ja myynti\u00e4.<\/span><\/strong><\/li>\n<li><span data-preserver-spaces=\"true\">Fanit maksavat sinulle.<\/span><\/li>\n<li><span data-preserver-spaces=\"true\">L\u00e4het\u00e4mme <\/span><strong><span data-preserver-spaces=\"true\">laskun, joka perustuu ansaitsemaamme provisioon.<\/span><\/strong><\/li>\n<\/ol>\n<p><!-- notionvc: 0c35d7a2-fcd4-4623-82ae-7d4d85dd7355 --><\/p>\n<p><!-- notionvc: dd1fecc1-25d9-41ee-a612-afd37cc47726 --><\/p>\n\t\t\n<style>\n#text-3634509562 {\n  font-size: 1.2rem;\n}\n@media (min-width:550px) {\n  #text-3634509562 {\n    font-size: 1.5rem;\n  }\n}\n<\/style>\n\t<\/div>\n\t\n\n\t\t<\/div>\n\t\t\t\t\n<style>\n#col-475244628 > .col-inner {\n  padding: 25px 25px 0px 25px;\n}\n<\/style>\n\t<\/div>\n\n\t\n\n<\/div>\n\n\t\t<\/div>\n\n\t\t\n<style>\n#section_1734683743 {\n  padding-top: 30px;\n  padding-bottom: 30px;\n}\n@media (min-width:550px) {\n  #section_1734683743 {\n    padding-top: 30px;\n    padding-bottom: 30px;\n  }\n}\n<\/style>\n\t<\/section>\n\t\n\n\t<section class=\"section\" id=\"section_1257225011\">\n\t\t<div class=\"section-bg fill\" >\n\t\t\t\t\t\t\t\t\t\n\t\t\t\n\n\t\t<\/div>\n\n\t\t\n\n\t\t<div class=\"section-content relative\">\n\t\t\t\n\n<div class=\"row row-collapse align-center\"  id=\"row-1739725302\">\n\n\n\t<div id=\"col-175671475\" class=\"col medium-7 small-12 large-7\"  >\n\t\t\t\t<div class=\"col-inner\"  >\n\t\t\t\n\t\t\t\n\n\t<div id=\"text-2079397599\" class=\"text\">\n\t\t\n\n<h2>Sijoitamme rahaa sinuun<\/h2>\n<p class=\"\" data-start=\"142\" data-end=\"249\">Sinun on ymm\u00e4rrett\u00e4v\u00e4 - <strong data-start=\"167\" data-end=\"210\">panostamme omaan aikaamme ja rahaan -<\/strong> rakentaa tiimi tilisi ymp\u00e4rille.<\/p>\n<p class=\"\" data-start=\"251\" data-end=\"380\"><strong>Katamme kaikki kustannukset etuk\u00e4teen<\/strong> - antidetect-selain, mobiiliproxyt, tilin luominen, ty\u00f6ntekij\u00f6iden l\u00e4mmittely, sis\u00e4ll\u00f6n testaaminen ja viestien hallinta - kaikki t\u00e4m\u00e4 ennen kuin n\u00e4emme yht\u00e4\u00e4n dollaria.<\/p>\n<p class=\"\" data-start=\"382\" data-end=\"468\">Meid\u00e4t on poltettu ennenkin, joten etsimme vain - <strong data-start=\"434\" data-end=\"466\">vakavasti otettavia, pitk\u00e4aikaisia kumppaneita.<\/strong><\/p>\n<p class=\"\" data-start=\"470\" data-end=\"585\">Haluamme kasvaa kanssasi, <strong data-start=\"496\" data-end=\"528\">kattaa tekem\u00e4mme investoinnit<\/strong>ja <strong data-start=\"534\" data-end=\"564\">tehd\u00e4 rahaa yhdess\u00e4<\/strong> pitk\u00e4ll\u00e4 aikav\u00e4lill\u00e4.<\/p>\n<p><!-- notionvc: 0c35d7a2-fcd4-4623-82ae-7d4d85dd7355 --><\/p>\n<p><!-- notionvc: dd1fecc1-25d9-41ee-a612-afd37cc47726 --><\/p>\n\t\t\n<style>\n#text-2079397599 {\n  font-size: 1.2rem;\n}\n@media (min-width:550px) {\n  #text-2079397599 {\n    font-size: 1.5rem;\n  }\n}\n<\/style>\n\t<\/div>\n\t\n\n\t\t<\/div>\n\t\t\t\t\n<style>\n#col-175671475 > .col-inner {\n  padding: 25px 25px 0px 25px;\n}\n<\/style>\n\t<\/div>\n\n\t\n\n<\/div>\n\n\t\t<\/div>\n\n\t\t\n<style>\n#section_1257225011 {\n  padding-top: 30px;\n  padding-bottom: 30px;\n  background-color: rgb(215, 223, 226);\n}\n@media (min-width:550px) {\n  #section_1257225011 {\n    padding-top: 30px;\n    padding-bottom: 30px;\n  }\n}\n<\/style>\n\t<\/section>\n\t\n\n\t<section class=\"section\" id=\"section_884666070\">\n\t\t<div class=\"section-bg fill\" >\n\t\t\t\t\t\t\t\t\t\n\t\t\t\n\n\t\t<\/div>\n\n\t\t\n\n\t\t<div class=\"section-content relative\">\n\t\t\t\n\n<div class=\"row row-collapse align-center\"  id=\"row-2093264062\">\n\n\n\t<div id=\"col-1458970695\" class=\"col medium-7 small-12 large-7\"  >\n\t\t\t\t<div class=\"col-inner\"  >\n\t\t\t\n\t\t\t\n\n<span class=\"scroll-to\" data-label=\"Scroll to: #learn\" data-bullet=\"false\" data-link=\"#learn\" data-title=\"learn\"><a name=\"learn\"><\/a><\/span>\n\n\t<div id=\"text-2512374150\" class=\"text\">\n\t\t\n\n<p class=\"\" data-start=\"470\" data-end=\"585\">\u00a0<\/p>\n<h2>Onko sinulla lis\u00e4\u00e4 kysymyksi\u00e4?<\/h2>\n<h3><strong>Miksi et veloita etuk\u00e4teen?<\/strong><\/h3>\n<p>Koska Reddit on eritt\u00e4in kilpailukykyinen. Sen sijaan, ett\u00e4 antaisimme tekaistuja lupauksia, annamme <strong>tulokset puhuvat puolestaan.<\/strong> Jos liikenne ei konvertoi, et maksa...<strong>nollariski sinulle.<\/strong><\/p>\n<h3><strong>Kuinka monen mallin kanssa ty\u00f6skentelet?<\/strong><\/h3>\n<p>Otamme vastaan vain <strong>5 mallia kuukaudessa<\/strong> osoitteeseen <strong>varmistaa korkealaatuiset tulokset.<\/strong><\/p>\n<h3><strong>Ty\u00f6skenteletk\u00f6 ilmaisten vai maksullisten OnlyFans-sivujen kanssa?<\/strong><\/h3>\n<p>Ty\u00f6skentelemme ensisijaisesti <strong>ilmaiset sivut<\/strong>, koska ne muuntuvat paremmin Reddit-strategiamme avulla.<\/p>\n<h3><strong>Miksi teill\u00e4 ei ole omia malleja?<\/strong><\/h3>\n<p>Olemme erikoistuneet <strong>vain yksi asia - liikenteen ajaminen Redditist\u00e4.<\/strong> OF-toimiston johtaminen edellytt\u00e4\u00e4 <strong>sis\u00e4lt\u00f6, keskustelijat, hinnoittelu, strategia ja paljon muuta.<\/strong>-Keskitymme <strong>mit\u00e4 me teemme parhaiten<\/strong> jotta voit keskitty\u00e4 rahan ansaitsemiseen.<\/p>\n<h3><strong>Miten sinulle maksetaan?<\/strong><\/h3>\n<p><strong data-start=\"50\" data-end=\"117\">Otamme 25%-osuuden fanien tuottamista tuloista. <\/strong>Jos esimerkiksi yksi faneistamme k\u00e4ytt\u00e4\u00e4 $1,000 sis\u00e4lt\u00f6\u00e4si (tilaukset, vinkit, PPV, mukautettu sis\u00e4lt\u00f6 jne.), ansaitsemme $250.<\/p>\n<h3><strong>Miten n\u00e4et, mist\u00e4 fanit tulevat ja kuinka paljon he k\u00e4ytt\u00e4v\u00e4t rahaa?<\/strong><\/h3>\n<p>T\u00e4m\u00e4 on mahdollista vain, jos k\u00e4yt\u00e4t jo palvelua kuten <strong>Infloww<\/strong>. Osoitteessa <strong>Infloww:n seurantalinkit<\/strong>voit seurata:<\/p>\n<ul>\n<li><strong>Mist\u00e4 tuuletin tulee<\/strong> (esim. Reddit, TikTok, Twitter jne.).<\/li>\n<li><strong>Kuinka paljon he k\u00e4ytt\u00e4v\u00e4t<\/strong>, mukaan lukien tilaukset, PPV-sis\u00e4lt\u00f6, vinkit ja paljon muuta.<\/li>\n<\/ul>\n<h3><strong>Voitteko toimittaa \"ty\u00f6todistuksen\"?<\/strong><\/h3>\n<p class=\"\" data-start=\"77\" data-end=\"232\">Emme anna todisteita ty\u00f6st\u00e4 etuk\u00e4teen, koska jokainen tili on erilainen ja <a href=\"https:\/\/www.fiverr.com\/search\/gigs?query=video%20testimonial&amp;source=drop_down_filters&amp;acmpl=1&amp;search_in=everywhere&amp;search-autocomplete-original-term=testimonial&amp;search-autocomplete-available=true&amp;search-autocomplete-type=suggest&amp;search-autocomplete-position=1&amp;ref_ctx_id=1d763d9ed2cb405694a502452014eb3f&amp;ref=presentor%3Awoman\" target=\"_blank\" rel=\"noopener\">ei ole mit\u00e4\u00e4n todellista keinoa todistaa sit\u00e4<\/a>. Siksi emme veloita mit\u00e4\u00e4n etuk\u00e4teen.<\/p>\n<h3><strong>P\u00e4rj\u00e4\u00e4tk\u00f6 chattailussa?<\/strong><\/h3>\n<p>Ei. Teht\u00e4v\u00e4mme on <strong>l\u00e4hett\u00e4\u00e4 laadukasta liikennett\u00e4<\/strong>ja keskustelijat muuttavat heid\u00e4t maksaviksi faneiksi.<\/p>\n<h3><strong>Kuinka paljon sis\u00e4lt\u00f6\u00e4 tarvitsen?<\/strong><\/h3>\n<p>Mit\u00e4 enemm\u00e4n, sen parempi! Kun sinulla on <strong>johdonmukainen sis\u00e4ll\u00f6n tarjonta<\/strong> auttaa Reddit-liikennett\u00e4 muuntumaan paremmin ajan my\u00f6t\u00e4.<\/p>\n<h3><strong>Oletko jo Redditiss\u00e4?<\/strong><\/h3>\n<p>Jos k\u00e4yt\u00e4t jo Reddit-liikennett\u00e4, palvelumme ei ehk\u00e4 sovi sinulle. Me <strong>toimivat parhaiten virastojen kanssa, jotka eiv\u00e4t viel\u00e4 k\u00e4yt\u00e4 Redditi\u00e4.<\/strong> jotta voimme rakentaa ja skaalata sen tyhj\u00e4st\u00e4.<\/p>\n<h3><strong>Kuinka monta fania voit luoda?<\/strong><\/h3>\n<p>Tarkkoja lukuja on vaikea ennustaa, koska <strong>Reddit-liikenne riippuu monista tekij\u00f6ist\u00e4<\/strong>-sis\u00e4lt\u00f6, sitoutuminen ja kilpailu omassa markkinarakossasi. Kuitenkin me <strong>otamme vain sellaisia malleja, joita uskomme voivamme kasvattaa menestyksekk\u00e4\u00e4sti.<\/strong><\/p>\n<p>\u00a0<\/p>\n<p><!-- notionvc: 0c35d7a2-fcd4-4623-82ae-7d4d85dd7355 --><\/p>\n<p><!-- notionvc: dd1fecc1-25d9-41ee-a612-afd37cc47726 --><\/p>\n\t\t\n<style>\n#text-2512374150 {\n  font-size: 1.2rem;\n}\n@media (min-width:550px) {\n  #text-2512374150 {\n    font-size: 1.5rem;\n  }\n}\n<\/style>\n\t<\/div>\n\t\n\n\t\t<\/div>\n\t\t\t\t\n<style>\n#col-1458970695 > .col-inner {\n  padding: 25px 25px 0px 25px;\n}\n<\/style>\n\t<\/div>\n\n\t\n\n<\/div>\n\t<div id=\"gap-1337307023\" class=\"gap-element clearfix\" style=\"display:block; height:auto;\">\n\t\t\n<style>\n#gap-1337307023 {\n  padding-top: 30px;\n}\n<\/style>\n\t<\/div>\n\t\n\n\t<div id=\"text-112876337\" class=\"text\">\n\t\t\n\n<p>T\u00e4m\u00e4 sivusto ei ole osa Facebookin verkkosivustoa tai Facebook Inc:t\u00e4. Lis\u00e4ksi Facebook EI tue t\u00e4t\u00e4 sivustoa mill\u00e4\u00e4n tavalla. FACEBOOK on FACEBOOK, Inc:n tavaramerkki.<\/p>\n<p><a href=\"https:\/\/redditforcreators.com\/fi\/privacy-policy\/\">Tietosuojak\u00e4yt\u00e4nt\u00f6<\/a><\/p>\n<p>\u00a9 2024 Perfect Pose LTD. Kaikki oikeudet pid\u00e4tet\u00e4\u00e4n | Yksityisyydensuoja | Ehdot ja ehdot<\/p>\n\t\t\n<style>\n#text-112876337 {\n  font-size: 0.75rem;\n  line-height: 0.9;\n  text-align: center;\n}\n<\/style>\n\t<\/div>\n\t\n\t<div id=\"gap-1818245514\" class=\"gap-element clearfix\" style=\"display:block; height:auto;\">\n\t\t\n<style>\n#gap-1818245514 {\n  padding-top: 153px;\n}\n<\/style>\n\t<\/div>\n\t\n\n\n\t\t<\/div>\n\n\t\t\n<style>\n#section_884666070 {\n  padding-top: 30px;\n  padding-bottom: 30px;\n}\n@media (min-width:550px) {\n  #section_884666070 {\n    padding-top: 30px;\n    padding-bottom: 30px;\n  }\n}\n<\/style>\n\t<\/section>\n\t\n\n\t<section class=\"section fixed-bottom-section show-for-small\" id=\"section_378963736\">\n\t\t<div class=\"section-bg fill\" >\n\t\t\t\t\t\t\t\t\t\n\t\t\t\n\t<div class=\"is-border\"\n\t\tstyle=\"border-width:0px 0px 0px 0px;\">\n\t<\/div>\n\n\t\t<\/div>\n\n\t\t\n\n\t\t<div class=\"section-content relative\">\n\t\t\t\n\n<div class=\"row row-collapse align-center\"  id=\"row-149832271\">\n\n\n\t<div id=\"col-86003070\" class=\"col small-12 large-12\"  >\n\t\t\t\t<div class=\"col-inner text-center\"  >\n\t\t\t\n\t\t\t\n\n<a href=\"https:\/\/cal.com\/broadhollow\/reddit-for-creators\" class=\"button primary instagram-button\" target=\"_blank\" rel=\"noopener\">\n\t<i class=\"icon-phone\" aria-hidden=\"true\"><\/i>\t<span>Varaa puhelu<\/span>\n\t<\/a>\n\n\n<a href=\"http:\/\/m.me\/61572140380741\" class=\"button primary messenger-button hidden\">\n\t<i class=\"icon-facebook\" aria-hidden=\"true\"><\/i>\t<span>Messenger<\/span>\n\t<\/a>\n\n\n<a href=\"https:\/\/wa.me\/4915510086467\" class=\"button primary telegram-button hidden\" target=\"_blank\" rel=\"noopener\">\n\t<i class=\"icon-telegram\" aria-hidden=\"true\"><\/i>\t<span>Telegrammi<\/span>\n\t<\/a>\n\n\n\n\t\t<\/div>\n\t\t\t\t\t<\/div>\n\n\t\n\n\n<style>\n#row-149832271 > .col > .col-inner {\n  padding: 0px 0px 0px 0px;\n}\n<\/style>\n<\/div>\n\n\t\t<\/div>\n\n\t\t\n<style>\n#section_378963736 {\n  padding-top: 0px;\n  padding-bottom: 0px;\n  background-color: rgb(242, 246, 247);\n}\n@media (min-width:550px) {\n  #section_378963736 {\n    padding-top: 30px;\n    padding-bottom: 30px;\n  }\n}\n<\/style>\n\t<\/section>\n\t\n\n\n<style>\n\n.fixed-bottom-section {\n  position: fixed;  \/* Fix the section to the bottom *\/\n  bottom: 0;        \/* Stick to the bottom of the page *\/\n  left: 0;          \/* Align to the left *\/\n  width: 100%;      \/* Make it full width *\/\n  padding: 15px;\n  box-shadow: 0 -2px 5px rgba(0, 0, 0, 0.2);\n  z-index: 9999;    \/* High z-index to make sure it's above other elements *\/\n}\n\n.instagram-button, .messenger-button {\n  pointer-events: auto; \/* Ensure buttons are clickable *\/\n  z-index: 10000;       \/* Make sure buttons are clickable above any overlays *\/\n}\n\n.content-wrapper {\n  padding-bottom: 120px; \/* Ensure content above doesn't overlap the fixed section *\/\n}\n\n\n.dropshadow {\n    box-shadow: 5px 5px 15px rgba(0,0,0,0.5);\n}\n\n\/* Base styles for mobile (default) *\/\n.whatsapp-button,\n.telegram-button,\n.messenger-button,\n.instagram-button {\n  background-color: #25d366; \/* WhatsApp color *\/\n  margin: 7px;\n  color: white;\n  border-radius: 5px;\n  padding: 10px 20px;\n  text-align: center;\n  display: inline-block;\n  box-sizing: border-box; \/* Ensures padding and borders are included in width *\/\n}\n\n\/* Different colors for each button *\/\n.telegram-button {\n  background-color: #0088cc; \/* Telegram color *\/\n}\n\n.messenger-button {\n  background-color: #0084ff; \/* Messenger color *\/\n}\n\n.instagram-button {\n  background-color: #e4405f; \/* Instagram color *\/\n  font-weight: bold; \/* Bold text for emphasis *\/\n  font-family: Arial, sans-serif; \/* Simple, modern font *\/\n  box-shadow: 0 4px 6px rgba(0, 0, 0, 0.1); \/* Subtle shadow for a lifted effect *\/\n  transition: background-color 0.3s ease; \/* Smooth hover effect *\/\n}\n\n.instagram-button:hover {\n  background-color: #d2365c; \/* Slightly darker shade on hover *\/\n}\n\n\/* Styles for mobile *\/\n@media (max-width: 768px) {\n  .whatsapp-button,\n  .telegram-button,\n  .messenger-button,\n  .instagram-button {\n    width: 100%; \/* Full width on mobile *\/\n    max-width: 300px; \/* Limit max width on mobile *\/\n    margin-left: auto;\n    margin-right: auto;\n  }\n}\n\n\/* Make buttons the same width on desktop *\/\n@media (min-width: 768px) {\n  .whatsapp-button,\n  .telegram-button,\n  .messenger-button,\n  .instagram-button {\n    margin: 7px 20px; \/* Desktop spacing *\/\n    width: 250px; \/* Set the same width for all buttons on desktop *\/\n  }\n}\n\nh1 {\n  text-shadow: 2px 2px 4px rgba(0, 0, 0, 0.5); \/* X-offset, Y-offset, blur-radius, color *\/\n}\n<\/style>\n\n\n\t<div id=\"text-3319028981\" class=\"text hidden\">\n\t\t\n\n<p>Napauta ja keskustele - ei paineita, vain vastauksia.<\/p>\n\t\t\n<style>\n#text-3319028981 {\n  color: rgb(209, 218, 225);\n}\n#text-3319028981 > * {\n  color: rgb(209, 218, 225);\n}\n<\/style>\n\t<\/div>\n\t\n<a href=\"https:\/\/wa.me\/4915510086467\" class=\"button primary whatsapp-button hidden\" target=\"_blank\" rel=\"noopener\">\n\t<i class=\"icon-whatsapp\" aria-hidden=\"true\"><\/i>\t<span>Mik\u00e4 on App<\/span>\n\t<\/a>","protected":false},"excerpt":{"rendered":"","protected":false},"author":1,"featured_media":580,"parent":0,"menu_order":0,"comment_status":"closed","ping_status":"closed","template":"page-blank.php","meta":{"_monsterinsights_skip_tracking":false,"_monsterinsights_sitenote_active":false,"_monsterinsights_sitenote_note":"","_monsterinsights_sitenote_category":0,"footnotes":""},"class_list":["post-2","page","type-page","status-publish","has-post-thumbnail","hentry"],"_links":{"self":[{"href":"https:\/\/redditforcreators.com\/fi\/wp-json\/wp\/v2\/pages\/2","targetHints":{"allow":["GET"]}}],"collection":[{"href":"https:\/\/redditforcreators.com\/fi\/wp-json\/wp\/v2\/pages"}],"about":[{"href":"https:\/\/redditforcreators.com\/fi\/wp-json\/wp\/v2\/types\/page"}],"author":[{"embeddable":true,"href":"https:\/\/redditforcreators.com\/fi\/wp-json\/wp\/v2\/users\/1"}],"replies":[{"embeddable":true,"href":"https:\/\/redditforcreators.com\/fi\/wp-json\/wp\/v2\/comments?post=2"}],"version-history":[{"count":156,"href":"https:\/\/redditforcreators.com\/fi\/wp-json\/wp\/v2\/pages\/2\/revisions"}],"predecessor-version":[{"id":598,"href":"https:\/\/redditforcreators.com\/fi\/wp-json\/wp\/v2\/pages\/2\/revisions\/598"}],"wp:featuredmedia":[{"embeddable":true,"href":"https:\/\/redditforcreators.com\/fi\/wp-json\/wp\/v2\/media\/580"}],"wp:attachment":[{"href":"https:\/\/redditforcreators.com\/fi\/wp-json\/wp\/v2\/media?parent=2"}],"curies":[{"name":"wp","href":"https:\/\/api.w.org\/{rel}","templated":true}]}}