{"id":2,"date":"2024-09-10T08:22:46","date_gmt":"2024-09-10T08:22:46","guid":{"rendered":"https:\/\/redditforcreators.com\/?page_id=2"},"modified":"2025-12-13T15:21:35","modified_gmt":"2025-12-13T15:21:35","slug":"home","status":"publish","type":"page","link":"https:\/\/redditforcreators.com\/fr\/","title":{"rendered":"Accueil"},"content":{"rendered":"<section class=\"section\" id=\"section_719611630\">\n\t\t<div class=\"section-bg fill\" >\n\t\t\t\t\t\t\t\t\t\n\t\t\t\n\n\t\t<\/div>\n\n\t\t\n\n\t\t<div class=\"section-content relative\">\n\t\t\t\n\n<div class=\"row row-collapse align-center\"  id=\"row-1366166032\">\n\n\n\t<div id=\"col-1834044059\" class=\"col small-11 large-12\"  >\n\t\t\t\t<div class=\"col-inner text-center\"  >\n\t\t\t\n\t\t\t\n\n\t<div id=\"text-2291123990\" class=\"text\">\n\t\t\n\n<h1>Obtenez plus de fans OnlyFans. Aucun co\u00fbt initial.<\/h1>\n\t\t\n<style>\n#text-2291123990 {\n  font-size: 1.3rem;\n  line-height: 0.75;\n  color: rgb(255,255,255);\n}\n#text-2291123990 > * {\n  color: rgb(255,255,255);\n}\n@media (min-width:550px) {\n  #text-2291123990 {\n    font-size: 1.8rem;\n  }\n}\n<\/style>\n\t<\/div>\n\t\n\n\t\t<\/div>\n\t\t\t\t\t<\/div>\n\n\t\n\n\t<div id=\"col-446659466\" class=\"col medium-8 small-12 large-8\"  >\n\t\t\t\t<div class=\"col-inner\"  >\n\t\t\t\n\t\t\t\n\n\t<div id=\"text-358336544\" class=\"text\">\n\t\t\n\n<p>Contrairement \u00e0 d'autres services qui facturent \u00e0 l'avance, nous joignons le geste \u00e0 la parole : vous ne payez que lorsque nous obtenons des r\u00e9sultats.<\/p>\n\t\t\n<style>\n#text-358336544 {\n  font-size: 1rem;\n  line-height: 1.45;\n  text-align: left;\n  color: rgb(255,255,255);\n}\n#text-358336544 > * {\n  color: rgb(255,255,255);\n}\n@media (min-width:550px) {\n  #text-358336544 {\n    font-size: 1.55rem;\n  }\n}\n<\/style>\n\t<\/div>\n\t\n\n\t\t<\/div>\n\t\t\t\t\n<style>\n#col-446659466 > .col-inner {\n  padding: 0px 16px 0px 16px;\n}\n<\/style>\n\t<\/div>\n\n\t\n\n<\/div>\n<div class=\"row row-collapse align-center\"  id=\"row-5231978\">\n\n\n\t<div id=\"col-850419274\" class=\"col hide-for-small small-11 large-12\"  >\n\t\t\t\t<div class=\"col-inner text-center\"  >\n\t\t\t\n\t\t\t\n\n<a href=\"https:\/\/cal.com\/redditforcreators\/reddit-for-creators\" class=\"button white is-shade is-large box-shadow-4 box-shadow-5-hover lowercase\" style=\"border-radius:10px;\" target=\"_blank\" rel=\"noopener\">\n\t\t<span>R\u00e9server un appel<\/span>\n\t<\/a>\n\n\n<a href=\"#learn\" class=\"button white is-underline is-large box-shadow-4 box-shadow-5-hover lowercase\" style=\"border-radius:10px;\">\n\t\t<span>En savoir plus<\/span>\n\t<\/a>\n\n\n\t<div id=\"text-4203698693\" class=\"text\">\n\t\t\n\n<p>We only accept five models at a time to ensure quality and focus.<\/p>\n\t\t\n<style>\n#text-4203698693 {\n  font-size: 1rem;\n  line-height: 1.45;\n  text-align: left;\n  color: rgb(255,255,255);\n}\n#text-4203698693 > * {\n  color: rgb(255,255,255);\n}\n@media (min-width:550px) {\n  #text-4203698693 {\n    font-size: 0.9rem;\n    text-align: center;\n  }\n}\n<\/style>\n\t<\/div>\n\t\n\n\t\t<\/div>\n\t\t\t\t\t<\/div>\n\n\t\n\n<\/div>\n\n\t\t<\/div>\n\n\t\t\n<style>\n#section_719611630 {\n  padding-top: 0px;\n  padding-bottom: 0px;\n  min-height: 422px;\n  background-color: rgb(23, 46, 53);\n}\n@media (min-width:550px) {\n  #section_719611630 {\n    padding-top: 60px;\n    padding-bottom: 60px;\n    min-height: 603px;\n  }\n}\n<\/style>\n\t<\/section>\n\t\n\n\t<section class=\"section\" id=\"section_1907327472\">\n\t\t<div class=\"section-bg fill\" >\n\t\t\t\t\t\t\t\t\t\n\t\t\t\n\n\t\t<\/div>\n\n\t\t\n\n\t\t<div class=\"section-content relative\">\n\t\t\t\n\n<div class=\"row row-collapse align-center\"  id=\"row-674385959\">\n\n\n\t<div id=\"col-1453360733\" class=\"col medium-7 small-12 large-7\"  >\n\t\t\t\t<div class=\"col-inner\"  >\n\t\t\t\n\t\t\t\n\n<span class=\"scroll-to\" data-label=\"Scroll to: #learn\" data-bullet=\"false\" data-link=\"#learn\" data-title=\"learn\"><a name=\"learn\"><\/a><\/span>\n\n\t<div id=\"text-1423376244\" class=\"text\">\n\t\t\n\n<h2>Comment cela fonctionne-t-il ?<\/h2>\n<ol>\n<li><span data-preserver-spaces=\"true\">Vous nous envoyez <\/span><strong><span data-preserver-spaces=\"true\">contenu<\/span><\/strong><span data-preserver-spaces=\"true\"> \u00e0 publier sur Reddit.<\/span><\/li>\n<li><span data-preserver-spaces=\"true\">Nous cr\u00e9ons un <\/span><strong><span data-preserver-spaces=\"true\">compte Reddit de marque<\/span><\/strong><span data-preserver-spaces=\"true\"> pour votre mod\u00e8le le jour 1.<\/span><\/li>\n<li><span data-preserver-spaces=\"true\">Vous nous donnez acc\u00e8s <strong>uniquement aux liens de suivi dans la section Croissance d'Infloww<\/strong> afin que nous puissions suivre les r\u00e9sultats.<\/span><\/li>\n<li><span data-preserver-spaces=\"true\">Nous conduisons <\/span><strong><span data-preserver-spaces=\"true\">trafic cibl\u00e9<\/span><\/strong><span data-preserver-spaces=\"true\"> directement sur votre page OnlyFans.<\/span><\/li>\n<li><span data-preserver-spaces=\"true\">Vous vous occupez de la <\/span><strong><span data-preserver-spaces=\"true\">le bavardage et la vente.<\/span><\/strong><\/li>\n<li><span data-preserver-spaces=\"true\">Les fans vous paient.<\/span><\/li>\n<li><span data-preserver-spaces=\"true\">Nous envoyons un <\/span><strong><span data-preserver-spaces=\"true\">sur la base de la commission que nous avons per\u00e7ue.<\/span><\/strong><\/li>\n<\/ol>\n<p><!-- notionvc: 0c35d7a2-fcd4-4623-82ae-7d4d85dd7355 --><\/p>\n<p><!-- notionvc: dd1fecc1-25d9-41ee-a612-afd37cc47726 --><\/p>\n\t\t\n<style>\n#text-1423376244 {\n  font-size: 1.2rem;\n}\n@media (min-width:550px) {\n  #text-1423376244 {\n    font-size: 1.5rem;\n  }\n}\n<\/style>\n\t<\/div>\n\t\n\n\t\t<\/div>\n\t\t\t\t\n<style>\n#col-1453360733 > .col-inner {\n  padding: 25px 25px 0px 25px;\n}\n<\/style>\n\t<\/div>\n\n\t\n\n<\/div>\n\n\t\t<\/div>\n\n\t\t\n<style>\n#section_1907327472 {\n  padding-top: 30px;\n  padding-bottom: 30px;\n}\n@media (min-width:550px) {\n  #section_1907327472 {\n    padding-top: 30px;\n    padding-bottom: 30px;\n  }\n}\n<\/style>\n\t<\/section>\n\t\n\n\t<section class=\"section\" id=\"section_341334740\">\n\t\t<div class=\"section-bg fill\" >\n\t\t\t\t\t\t\t\t\t\n\t\t\t\n\n\t\t<\/div>\n\n\t\t\n\n\t\t<div class=\"section-content relative\">\n\t\t\t\n\n<div class=\"row row-collapse align-center\"  id=\"row-1094724815\">\n\n\n\t<div id=\"col-1842919275\" class=\"col medium-7 small-12 large-7\"  >\n\t\t\t\t<div class=\"col-inner\"  >\n\t\t\t\n\t\t\t\n\n\t<div id=\"text-2360985103\" class=\"text\">\n\t\t\n\n<h2>Nous investissons de l'argent en vous<\/h2>\n<p class=\"\" data-start=\"142\" data-end=\"249\">Vous devez comprendre - <strong data-start=\"167\" data-end=\"210\">nous investissons notre propre temps et notre propre argent<\/strong> pour constituer une \u00e9quipe autour de votre compte.<\/p>\n<p class=\"\" data-start=\"251\" data-end=\"380\"><strong>Nous couvrons tous les co\u00fbts \u00e0 l'avance<\/strong> - navigateur anti-d\u00e9tection, proxies mobiles, cr\u00e9ation de comptes, \u00e9chauffement des employ\u00e9s, tests de contenu et gestion des messages - tout cela avant que nous ne percevions le moindre dollar.<\/p>\n<p class=\"\" data-start=\"382\" data-end=\"468\">Nous nous sommes d\u00e9j\u00e0 fait avoir par le pass\u00e9, c'est pourquoi nous ne recherchons que des <strong data-start=\"434\" data-end=\"466\">des partenaires s\u00e9rieux et durables.<\/strong><\/p>\n<p class=\"\" data-start=\"470\" data-end=\"585\">Nous voulons grandir avec vous, <strong data-start=\"496\" data-end=\"528\">couvrir l'investissement que nous faisons<\/strong>et <strong data-start=\"534\" data-end=\"564\">continuer \u00e0 gagner de l'argent ensemble<\/strong> \u00e0 long terme.<\/p>\n<p><!-- notionvc: 0c35d7a2-fcd4-4623-82ae-7d4d85dd7355 --><\/p>\n<p><!-- notionvc: dd1fecc1-25d9-41ee-a612-afd37cc47726 --><\/p>\n\t\t\n<style>\n#text-2360985103 {\n  font-size: 1.2rem;\n}\n@media (min-width:550px) {\n  #text-2360985103 {\n    font-size: 1.5rem;\n  }\n}\n<\/style>\n\t<\/div>\n\t\n\n\t\t<\/div>\n\t\t\t\t\n<style>\n#col-1842919275 > .col-inner {\n  padding: 25px 25px 0px 25px;\n}\n<\/style>\n\t<\/div>\n\n\t\n\n<\/div>\n\n\t\t<\/div>\n\n\t\t\n<style>\n#section_341334740 {\n  padding-top: 30px;\n  padding-bottom: 30px;\n  background-color: rgb(215, 223, 226);\n}\n@media (min-width:550px) {\n  #section_341334740 {\n    padding-top: 30px;\n    padding-bottom: 30px;\n  }\n}\n<\/style>\n\t<\/section>\n\t\n\n\t<section class=\"section\" id=\"section_556279135\">\n\t\t<div class=\"section-bg fill\" >\n\t\t\t\t\t\t\t\t\t\n\t\t\t\n\n\t\t<\/div>\n\n\t\t\n\n\t\t<div class=\"section-content relative\">\n\t\t\t\n\n<div class=\"row row-collapse align-center\"  id=\"row-2034562371\">\n\n\n\t<div id=\"col-1851253166\" class=\"col medium-7 small-12 large-7\"  >\n\t\t\t\t<div class=\"col-inner\"  >\n\t\t\t\n\t\t\t\n\n<span class=\"scroll-to\" data-label=\"Scroll to: #learn\" data-bullet=\"false\" data-link=\"#learn\" data-title=\"learn\"><a name=\"learn\"><\/a><\/span>\n\n\t<div id=\"text-1492696995\" class=\"text\">\n\t\t\n\n<p class=\"\" data-start=\"470\" data-end=\"585\">\u00a0<\/p>\n<h2>Vous avez d'autres questions ?<\/h2>\n<h3><strong>Pourquoi ne pas facturer d'avance ?<\/strong><\/h3>\n<p>Parce que Reddit est tr\u00e8s comp\u00e9titif. Au lieu de faire de fausses promesses, nous laissons <strong>Les r\u00e9sultats parlent d'eux-m\u00eames.<\/strong> Si le trafic n'est pas converti, vous ne payez pas...<strong>z\u00e9ro risque pour vous.<\/strong><\/p>\n<h3><strong>Avec combien de mod\u00e8les travaillez-vous ?<\/strong><\/h3>\n<p>Nous ne prenons en charge que <strong>5 mod\u00e8les par mois<\/strong> \u00e0 <strong>garantir des r\u00e9sultats de haute qualit\u00e9.<\/strong><\/p>\n<h3><strong>Travaillez-vous avec des pages OnlyFans gratuites ou payantes ?<\/strong><\/h3>\n<p>Nous travaillons principalement avec <strong>pages libres<\/strong>car ils se convertissent mieux avec notre strat\u00e9gie Reddit.<\/p>\n<h3><strong>Pourquoi n'avez-vous pas vos propres mod\u00e8les ?<\/strong><\/h3>\n<p>Nous sommes sp\u00e9cialis\u00e9s dans <strong>une seule chose : g\u00e9n\u00e9rer du trafic \u00e0 partir de Reddit.<\/strong> La gestion d'une agence de l'OF implique de g\u00e9rer <strong>le contenu, les chatteurs, la tarification, la strat\u00e9gie, etc.<\/strong>-nous nous concentrons sur <strong>ce que nous faisons le mieux<\/strong> afin que vous puissiez vous concentrer sur la mon\u00e9tisation.<\/p>\n<h3><strong>Comment \u00eates-vous pay\u00e9 ?<\/strong><\/h3>\n<p><strong data-start=\"50\" data-end=\"117\">Nous prenons une part 25% des revenus des fans que nous vous apportons. <\/strong>Par exemple, si un de nos fans d\u00e9pense $1 000 sur votre contenu (abonnements, conseils, PPV, contenu personnalis\u00e9, etc.), nous gagnons $250.<\/p>\n<h3><strong>Comment savoir d'o\u00f9 vient le fan et combien il d\u00e9pense ?<\/strong><\/h3>\n<p>Cela n'est possible que si vous utilisez d\u00e9j\u00e0 un service tel que <strong>Flux d'information<\/strong>. Avec <strong>Liens de suivi d'Infloww<\/strong>vous pouvez surveiller :<\/p>\n<ul>\n<li><strong>D'o\u00f9 vient le ventilateur ?<\/strong> (par exemple, Reddit, TikTok, Twitter, etc.)<\/li>\n<li><strong>Combien d\u00e9pensent-ils ?<\/strong>Le site Web de la Commission europ\u00e9enne contient des informations sur les services de la Commission europ\u00e9enne, y compris des abonnements, du contenu PPV, des conseils et bien plus encore.<\/li>\n<\/ul>\n<h3><strong>Pouvez-vous fournir une \"preuve de travail\" ?<\/strong><\/h3>\n<p class=\"\" data-start=\"77\" data-end=\"232\">Nous ne fournissons pas de preuve de travail \u00e0 l'avance parce que chaque compte est diff\u00e9rent et que nous n'avons pas besoin de fournir de preuve de travail. <a href=\"https:\/\/www.fiverr.com\/search\/gigs?query=video%20testimonial&amp;source=drop_down_filters&amp;acmpl=1&amp;search_in=everywhere&amp;search-autocomplete-original-term=testimonial&amp;search-autocomplete-available=true&amp;search-autocomplete-type=suggest&amp;search-autocomplete-position=1&amp;ref_ctx_id=1d763d9ed2cb405694a502452014eb3f&amp;ref=presentor%3Awoman\" target=\"_blank\" rel=\"noopener\">il n'y a pas de v\u00e9ritable moyen de le prouver<\/a>. C'est pourquoi nous ne facturons rien \u00e0 l'avance.<\/p>\n<h3><strong>Vous g\u00e9rez le chat ?<\/strong><\/h3>\n<p>Non. Notre travail consiste \u00e0 <strong>envoyer du trafic de qualit\u00e9<\/strong>et vos chatteurs les convertissent en fans payants.<\/p>\n<h3><strong>De quelle quantit\u00e9 de contenu ai-je besoin ?<\/strong><\/h3>\n<p>Plus il y en a, mieux c'est ! Le fait d'avoir un <strong>une offre de contenu coh\u00e9rente<\/strong> aide le trafic de Reddit \u00e0 mieux se convertir au fil du temps.<\/p>\n<h3><strong>\u00cates-vous d\u00e9j\u00e0 sur Reddit ?<\/strong><\/h3>\n<p>Si vous avez d\u00e9j\u00e0 un trafic Reddit, notre service peut ne pas vous convenir. Nous <strong>fonctionnent mieux avec les agences qui n'utilisent pas encore Reddit<\/strong> afin que nous puissions le construire et l'adapter \u00e0 partir de z\u00e9ro.<\/p>\n<h3><strong>Combien de fans pouvez-vous g\u00e9n\u00e9rer ?<\/strong><\/h3>\n<p>Il est difficile de pr\u00e9voir des chiffres exacts car <strong>Le trafic Reddit d\u00e9pend de nombreux facteurs<\/strong>-Le contenu, l'engagement et la concurrence dans votre niche. Cependant, nous <strong>Nous n'acceptons que les mod\u00e8les que nous pensons pouvoir d\u00e9velopper avec succ\u00e8s.<\/strong><\/p>\n<p>\u00a0<\/p>\n<p><!-- notionvc: 0c35d7a2-fcd4-4623-82ae-7d4d85dd7355 --><\/p>\n<p><!-- notionvc: dd1fecc1-25d9-41ee-a612-afd37cc47726 --><\/p>\n\t\t\n<style>\n#text-1492696995 {\n  font-size: 1.2rem;\n}\n@media (min-width:550px) {\n  #text-1492696995 {\n    font-size: 1.5rem;\n  }\n}\n<\/style>\n\t<\/div>\n\t\n\n\t\t<\/div>\n\t\t\t\t\n<style>\n#col-1851253166 > .col-inner {\n  padding: 25px 25px 0px 25px;\n}\n<\/style>\n\t<\/div>\n\n\t\n\n<\/div>\n\t<div id=\"gap-196341839\" class=\"gap-element clearfix\" style=\"display:block; height:auto;\">\n\t\t\n<style>\n#gap-196341839 {\n  padding-top: 30px;\n}\n<\/style>\n\t<\/div>\n\t\n\n\t<div id=\"text-1919994788\" class=\"text\">\n\t\t\n\n<p>Ce site ne fait pas partie du site web de Facebook ou de Facebook Inc. En outre, ce site n'est PAS approuv\u00e9 par Facebook de quelque mani\u00e8re que ce soit. FACEBOOK est une marque d\u00e9pos\u00e9e de FACEBOOK, Inc.<\/p>\n<p><a href=\"https:\/\/redditforcreators.com\/fr\/politique-de-confidentialite\/\">Politique de confidentialit\u00e9<\/a><\/p>\n<p>2024 Perfect Pose LTD. Tous droits r\u00e9serv\u00e9s | Politique de confidentialit\u00e9 | Conditions d'utilisation<\/p>\n\t\t\n<style>\n#text-1919994788 {\n  font-size: 0.75rem;\n  line-height: 0.9;\n  text-align: center;\n}\n<\/style>\n\t<\/div>\n\t\n\t<div id=\"gap-1770052204\" class=\"gap-element clearfix\" style=\"display:block; height:auto;\">\n\t\t\n<style>\n#gap-1770052204 {\n  padding-top: 153px;\n}\n<\/style>\n\t<\/div>\n\t\n\n\n\t\t<\/div>\n\n\t\t\n<style>\n#section_556279135 {\n  padding-top: 30px;\n  padding-bottom: 30px;\n}\n@media (min-width:550px) {\n  #section_556279135 {\n    padding-top: 30px;\n    padding-bottom: 30px;\n  }\n}\n<\/style>\n\t<\/section>\n\t\n\n\t<section class=\"section fixed-bottom-section show-for-small\" id=\"section_1541456780\">\n\t\t<div class=\"section-bg fill\" >\n\t\t\t\t\t\t\t\t\t\n\t\t\t\n\t<div class=\"is-border\"\n\t\tstyle=\"border-width:0px 0px 0px 0px;\">\n\t<\/div>\n\n\t\t<\/div>\n\n\t\t\n\n\t\t<div class=\"section-content relative\">\n\t\t\t\n\n<div class=\"row row-collapse align-center\"  id=\"row-1353937505\">\n\n\n\t<div id=\"col-1424616175\" class=\"col small-12 large-12\"  >\n\t\t\t\t<div class=\"col-inner text-center\"  >\n\t\t\t\n\t\t\t\n\n<a href=\"https:\/\/cal.com\/broadhollow\/reddit-for-creators\" class=\"button primary instagram-button\" target=\"_blank\" rel=\"noopener\">\n\t<i class=\"icon-phone\" aria-hidden=\"true\"><\/i>\t<span>R\u00e9server un appel<\/span>\n\t<\/a>\n\n\n<a href=\"http:\/\/m.me\/61572140380741\" class=\"button primary messenger-button hidden\">\n\t<i class=\"icon-facebook\" aria-hidden=\"true\"><\/i>\t<span>Messager<\/span>\n\t<\/a>\n\n\n<a href=\"https:\/\/wa.me\/4915510086467\" class=\"button primary telegram-button hidden\" target=\"_blank\" rel=\"noopener\">\n\t<i class=\"icon-telegram\" aria-hidden=\"true\"><\/i>\t<span>T\u00e9l\u00e9gramme<\/span>\n\t<\/a>\n\n\n\n\t\t<\/div>\n\t\t\t\t\t<\/div>\n\n\t\n\n\n<style>\n#row-1353937505 > .col > .col-inner {\n  padding: 0px 0px 0px 0px;\n}\n<\/style>\n<\/div>\n\n\t\t<\/div>\n\n\t\t\n<style>\n#section_1541456780 {\n  padding-top: 0px;\n  padding-bottom: 0px;\n  background-color: rgb(242, 246, 247);\n}\n@media (min-width:550px) {\n  #section_1541456780 {\n    padding-top: 30px;\n    padding-bottom: 30px;\n  }\n}\n<\/style>\n\t<\/section>\n\t\n\n\n<style>\n\n.fixed-bottom-section {\n  position: fixed;  \/* Fix the section to the bottom *\/\n  bottom: 0;        \/* Stick to the bottom of the page *\/\n  left: 0;          \/* Align to the left *\/\n  width: 100%;      \/* Make it full width *\/\n  padding: 15px;\n  box-shadow: 0 -2px 5px rgba(0, 0, 0, 0.2);\n  z-index: 9999;    \/* High z-index to make sure it's above other elements *\/\n}\n\n.instagram-button, .messenger-button {\n  pointer-events: auto; \/* Ensure buttons are clickable *\/\n  z-index: 10000;       \/* Make sure buttons are clickable above any overlays *\/\n}\n\n.content-wrapper {\n  padding-bottom: 120px; \/* Ensure content above doesn't overlap the fixed section *\/\n}\n\n\n.dropshadow {\n    box-shadow: 5px 5px 15px rgba(0,0,0,0.5);\n}\n\n\/* Base styles for mobile (default) *\/\n.whatsapp-button,\n.telegram-button,\n.messenger-button,\n.instagram-button {\n  background-color: #25d366; \/* WhatsApp color *\/\n  margin: 7px;\n  color: white;\n  border-radius: 5px;\n  padding: 10px 20px;\n  text-align: center;\n  display: inline-block;\n  box-sizing: border-box; \/* Ensures padding and borders are included in width *\/\n}\n\n\/* Different colors for each button *\/\n.telegram-button {\n  background-color: #0088cc; \/* Telegram color *\/\n}\n\n.messenger-button {\n  background-color: #0084ff; \/* Messenger color *\/\n}\n\n.instagram-button {\n  background-color: #e4405f; \/* Instagram color *\/\n  font-weight: bold; \/* Bold text for emphasis *\/\n  font-family: Arial, sans-serif; \/* Simple, modern font *\/\n  box-shadow: 0 4px 6px rgba(0, 0, 0, 0.1); \/* Subtle shadow for a lifted effect *\/\n  transition: background-color 0.3s ease; \/* Smooth hover effect *\/\n}\n\n.instagram-button:hover {\n  background-color: #d2365c; \/* Slightly darker shade on hover *\/\n}\n\n\/* Styles for mobile *\/\n@media (max-width: 768px) {\n  .whatsapp-button,\n  .telegram-button,\n  .messenger-button,\n  .instagram-button {\n    width: 100%; \/* Full width on mobile *\/\n    max-width: 300px; \/* Limit max width on mobile *\/\n    margin-left: auto;\n    margin-right: auto;\n  }\n}\n\n\/* Make buttons the same width on desktop *\/\n@media (min-width: 768px) {\n  .whatsapp-button,\n  .telegram-button,\n  .messenger-button,\n  .instagram-button {\n    margin: 7px 20px; \/* Desktop spacing *\/\n    width: 250px; \/* Set the same width for all buttons on desktop *\/\n  }\n}\n\nh1 {\n  text-shadow: 2px 2px 4px rgba(0, 0, 0, 0.5); \/* X-offset, Y-offset, blur-radius, color *\/\n}\n<\/style>\n\n\n\t<div id=\"text-3356034023\" class=\"text hidden\">\n\t\t\n\n<p>Il n'y a pas de pression, il n'y a que des r\u00e9ponses.<\/p>\n\t\t\n<style>\n#text-3356034023 {\n  color: rgb(209, 218, 225);\n}\n#text-3356034023 > * {\n  color: rgb(209, 218, 225);\n}\n<\/style>\n\t<\/div>\n\t\n<a href=\"https:\/\/wa.me\/4915510086467\" class=\"button primary whatsapp-button hidden\" target=\"_blank\" rel=\"noopener\">\n\t<i class=\"icon-whatsapp\" aria-hidden=\"true\"><\/i>\t<span>What's App<\/span>\n\t<\/a>","protected":false},"excerpt":{"rendered":"","protected":false},"author":1,"featured_media":580,"parent":0,"menu_order":0,"comment_status":"closed","ping_status":"closed","template":"page-blank.php","meta":{"_monsterinsights_skip_tracking":false,"_monsterinsights_sitenote_active":false,"_monsterinsights_sitenote_note":"","_monsterinsights_sitenote_category":0,"footnotes":""},"class_list":["post-2","page","type-page","status-publish","has-post-thumbnail","hentry"],"_links":{"self":[{"href":"https:\/\/redditforcreators.com\/fr\/wp-json\/wp\/v2\/pages\/2","targetHints":{"allow":["GET"]}}],"collection":[{"href":"https:\/\/redditforcreators.com\/fr\/wp-json\/wp\/v2\/pages"}],"about":[{"href":"https:\/\/redditforcreators.com\/fr\/wp-json\/wp\/v2\/types\/page"}],"author":[{"embeddable":true,"href":"https:\/\/redditforcreators.com\/fr\/wp-json\/wp\/v2\/users\/1"}],"replies":[{"embeddable":true,"href":"https:\/\/redditforcreators.com\/fr\/wp-json\/wp\/v2\/comments?post=2"}],"version-history":[{"count":156,"href":"https:\/\/redditforcreators.com\/fr\/wp-json\/wp\/v2\/pages\/2\/revisions"}],"predecessor-version":[{"id":598,"href":"https:\/\/redditforcreators.com\/fr\/wp-json\/wp\/v2\/pages\/2\/revisions\/598"}],"wp:featuredmedia":[{"embeddable":true,"href":"https:\/\/redditforcreators.com\/fr\/wp-json\/wp\/v2\/media\/580"}],"wp:attachment":[{"href":"https:\/\/redditforcreators.com\/fr\/wp-json\/wp\/v2\/media?parent=2"}],"curies":[{"name":"wp","href":"https:\/\/api.w.org\/{rel}","templated":true}]}}