{"id":3,"date":"2024-09-10T08:22:46","date_gmt":"2024-09-10T08:22:46","guid":{"rendered":"https:\/\/redditforcreators.com\/?page_id=3"},"modified":"2024-10-03T14:33:16","modified_gmt":"2024-10-03T14:33:16","slug":"privacy-policy","status":"publish","type":"page","link":"https:\/\/redditforcreators.com\/fr\/politique-de-confidentialite\/","title":{"rendered":"Politique de confidentialit\u00e9"},"content":{"rendered":"<p><strong>Qui sommes-nous ?<\/strong><\/p>\n\n\n\n<p>L'adresse de notre site web est la suivante : <a href=\"https:\/\/redditforcreators.com\/fr\/\">https:\/\/redditforcreators.com<\/a>.<\/p>\n\n\n\n<p><strong>Annonces de prospects sur Meta<\/strong><\/p>\n\n\n\n<p>Nous utilisons la fonction Lead Ads de Meta pour collecter des informations telles que les adresses \u00e9lectroniques et d'autres donn\u00e9es utilisateur lorsque vous choisissez de les fournir par le biais de nos publicit\u00e9s. En fournissant vos informations par le biais d'une annonce publicitaire, vous acceptez les conditions \u00e9nonc\u00e9es ci-dessous :<\/p>\n\n\n\n<ol class=\"wp-block-list\">\n<li><strong>Utilisation des donn\u00e9es relatives aux annonces de prospects<\/strong>: Nous recueillons et stockons les informations que vous fournissez par l'interm\u00e9diaire des Lead Ads de Meta, y compris votre adresse e-mail et tout autre d\u00e9tail que vous choisissez de soumettre. Ces donn\u00e9es seront utilis\u00e9es conform\u00e9ment \u00e0 la pr\u00e9sente politique de confidentialit\u00e9, \u00e0 la politique de la plateforme Meta (<a href=\"https:\/\/developers.facebook.com\/policy\/\" target=\"_blank\" rel=\"noopener\">https:\/\/developers.facebook.com\/policy\/<\/a>), les politiques publicitaires de Meta (<a href=\"https:\/\/www.facebook.com\/policies\/ads\" target=\"_blank\" rel=\"noopener\">https:\/\/www.facebook.com\/policies\/ads<\/a>), et toutes les lois et r\u00e9glementations applicables. Les donn\u00e9es ne seront pas augment\u00e9es, m\u00e9lang\u00e9es ou compl\u00e9t\u00e9es par des donn\u00e9es provenant d'autres annonceurs ou sources.<\/li>\n\n\n\n<li><strong>Objectif<\/strong>: Nous utilisons les informations collect\u00e9es par le biais de Lead Ads dans le but de fournir des communications et des offres pertinentes bas\u00e9es sur les informations que vous avez fournies. Vos donn\u00e9es ne seront utilis\u00e9es qu'aux fins pour lesquelles elles ont \u00e9t\u00e9 collect\u00e9es, et nous ne les vendrons ni ne les transf\u00e9rerons, sauf si cela s'av\u00e8re n\u00e9cessaire pour atteindre cet objectif.<\/li>\n\n\n\n<li><strong>Acc\u00e8s des tiers<\/strong>: Si nous partageons vos informations avec des partenaires tiers pour atteindre les objectifs pour lesquels les donn\u00e9es ont \u00e9t\u00e9 collect\u00e9es, nous nous assurons que ces tiers respectent les lois applicables, y compris les r\u00e9glementations en mati\u00e8re de protection des donn\u00e9es et de la vie priv\u00e9e. Cependant, nous ne sommes pas responsables de leur conformit\u00e9 et vous partagez vos donn\u00e9es avec eux \u00e0 vos propres risques.<\/li>\n\n\n\n<li><strong>Protection des donn\u00e9es<\/strong>: Nous avons mis en \u0153uvre des mesures techniques et organisationnelles appropri\u00e9es pour prot\u00e9ger vos donn\u00e9es contre tout acc\u00e8s non autoris\u00e9, toute perte ou tout dommage. Tous les traitements de donn\u00e9es publicitaires sont effectu\u00e9s en conformit\u00e9 avec les lois en vigueur et les directives de Meta.<\/li>\n\n\n\n<li><strong>Modifications<\/strong>: Meta peut modifier ou interrompre la disponibilit\u00e9 des annonces de prospects \u00e0 tout moment, et nous pouvons mettre \u00e0 jour cette politique pour refl\u00e9ter ces changements.<\/li>\n<\/ol>\n\n\n\n<p><strong>M\u00e9tapixel<\/strong><\/p>\n\n\n\n<p>Nous utilisons le Meta Pixel sur notre site web pour suivre les interactions des utilisateurs avec notre site. Le Meta Pixel nous permet de mesurer l'efficacit\u00e9 de notre publicit\u00e9 en comprenant comment les visiteurs interagissent avec notre site et nos publicit\u00e9s. Les donn\u00e9es collect\u00e9es par Meta Pixel comprennent :<\/p>\n\n\n\n<ul class=\"wp-block-list\">\n<li>Les informations relatives \u00e0 votre visite sur notre site, y compris les pages consult\u00e9es, les actions entreprises (par exemple, les achats ou les soumissions de formulaires) et votre adresse IP.<\/li>\n\n\n\n<li>Les donn\u00e9es collect\u00e9es par le biais du pixel Meta sont trait\u00e9es conform\u00e9ment \u00e0 la politique de Meta en mati\u00e8re de protection des donn\u00e9es. <a href=\"https:\/\/www.facebook.com\/policy.php\" target=\"_blank\" rel=\"noopener\">Politique des donn\u00e9es<\/a>.<\/li>\n<\/ul>\n\n\n\n<p>Ces donn\u00e9es sont utilis\u00e9es pour nous aider \u00e0 am\u00e9liorer la pertinence de notre publicit\u00e9 sur les plateformes Meta. Vous pouvez g\u00e9rer vos param\u00e8tres de confidentialit\u00e9 par le biais de votre compte Meta ou en vous rendant sur le site suivant <a href=\"https:\/\/www.facebook.com\/about\/privacy\/\" target=\"_blank\" rel=\"noopener\">Options de confidentialit\u00e9 de Meta<\/a>.<\/p>\n\n\n\n<p><strong>Google Analytics<\/strong><\/p>\n\n\n\n<p>Nous utilisons Google Analytics pour collecter des informations sur l'utilisation de notre site par les visiteurs. Google Analytics recueille des donn\u00e9es telles que :<\/p>\n\n\n\n<ul class=\"wp-block-list\">\n<li>Les pages que vous visitez et le temps que vous passez sur chaque page.<\/li>\n\n\n\n<li>L'appareil et le navigateur que vous utilisez pour acc\u00e9der au site.<\/li>\n\n\n\n<li>Votre emplacement g\u00e9ographique et votre adresse IP.<\/li>\n<\/ul>\n\n\n\n<p>Ces donn\u00e9es nous aident \u00e0 analyser le trafic sur le site, \u00e0 am\u00e9liorer notre site web et \u00e0 comprendre le comportement des utilisateurs. Google Analytics utilise des cookies pour collecter ces donn\u00e9es. Pour en savoir plus sur le traitement de vos donn\u00e9es par Google, consultez le site suivant <a>R\u00e8gles de confidentialit\u00e9 de Google<\/a>.<\/p>\n\n\n\n<p>Pour d\u00e9sactiver le suivi de Google Analytics, vous pouvez utiliser l'option de d\u00e9sactivation de Google Analytics. <a>Module compl\u00e9mentaire de navigateur pour la d\u00e9sactivation de Google Analytics<\/a>.<\/p>\n\n\n\n<p><strong>Cookies<\/strong><\/p>\n\n\n\n<p>Nous utilisons des cookies pour am\u00e9liorer votre exp\u00e9rience sur notre site et \u00e0 des fins d'analyse. Il s'agit notamment de<\/p>\n\n\n\n<ul class=\"wp-block-list\">\n<li><strong>Biscuits essentiels<\/strong>: Ces cookies sont n\u00e9cessaires au bon fonctionnement du site web et ne peuvent pas \u00eatre d\u00e9sactiv\u00e9s dans nos syst\u00e8mes.<\/li>\n\n\n\n<li><strong>Cookies de performance et d'analyse<\/strong>: Ces cookies nous permettent de compter les visites et les sources de trafic afin de mesurer et d'am\u00e9liorer les performances de notre site.<\/li>\n\n\n\n<li><strong>Cookies publicitaires<\/strong>: Meta Pixel et d'autres cookies de tiers peuvent \u00eatre utilis\u00e9s pour fournir des publicit\u00e9s personnalis\u00e9es bas\u00e9es sur vos interactions avec notre site.<\/li>\n<\/ul>\n\n\n\n<p>Vous pouvez g\u00e9rer vos pr\u00e9f\u00e9rences en mati\u00e8re de cookies en ajustant les param\u00e8tres de votre navigateur. Notez que la d\u00e9sactivation des cookies peut affecter la fonctionnalit\u00e9 du site web.<\/p>\n\n\n\n<p><strong>Contenu int\u00e9gr\u00e9 d'autres sites web<\/strong><\/p>\n\n\n\n<p>Nos articles peuvent contenir du contenu int\u00e9gr\u00e9 (comme des vid\u00e9os ou des images). Le contenu int\u00e9gr\u00e9 provenant d'autres sites web se comporte de la m\u00eame mani\u00e8re que si vous visitiez directement l'autre site web. Ces sites web externes peuvent collecter des donn\u00e9es vous concernant, utiliser des cookies et surveiller votre interaction avec le contenu int\u00e9gr\u00e9.<\/p>\n\n\n\n<p><strong>Avec qui partageons-nous vos donn\u00e9es ?<\/strong><\/p>\n\n\n\n<p>Si vous demandez une r\u00e9initialisation de votre mot de passe, votre adresse IP sera incluse dans l'e-mail de r\u00e9initialisation. Les donn\u00e9es collect\u00e9es par Meta Pixel et Google Analytics sont trait\u00e9es conform\u00e9ment aux politiques respectives de Meta et de Google.<\/p>\n\n\n\n<p><strong>Dur\u00e9e de conservation des donn\u00e9es<\/strong><\/p>\n\n\n\n<p>Si vous laissez un commentaire, nous conservons le commentaire et ses m\u00e9tadonn\u00e9es ind\u00e9finiment. Pour les utilisateurs qui s'inscrivent sur notre site web, nous stockons leurs informations personnelles dans leur profil d'utilisateur pour une dur\u00e9e ind\u00e9termin\u00e9e, mais les utilisateurs peuvent consulter, modifier ou supprimer leurs informations personnelles \u00e0 tout moment.<\/p>\n\n\n\n<p><strong>Quels sont vos droits sur vos donn\u00e9es ?<\/strong><\/p>\n\n\n\n<p>Si vous avez laiss\u00e9 des commentaires ou fourni des donn\u00e9es via Lead Ads, Meta Pixel ou Google Analytics, vous pouvez demander \u00e0 recevoir un fichier export\u00e9 des donn\u00e9es personnelles que nous d\u00e9tenons \u00e0 votre sujet, y compris les donn\u00e9es que vous avez fournies. Vous pouvez \u00e9galement nous demander d'effacer toutes les donn\u00e9es personnelles que nous d\u00e9tenons \u00e0 votre sujet, \u00e0 l'exception des donn\u00e9es que nous devons conserver \u00e0 des fins juridiques ou administratives.<\/p>\n\n\n\n<p><strong>O\u00f9 sont envoy\u00e9es vos donn\u00e9es<\/strong><\/p>\n\n\n\n<p>Les commentaires des visiteurs peuvent \u00eatre v\u00e9rifi\u00e9s par un service automatis\u00e9 de d\u00e9tection des spams. Les donn\u00e9es collect\u00e9es via Meta Pixel et Google Analytics peuvent \u00eatre trait\u00e9es en dehors de votre pays de r\u00e9sidence et sont soumises aux r\u00e8gles de confidentialit\u00e9 de Meta et de Google.<\/p>\n\n\n\n<p><strong>Informations sur le contact<\/strong><\/p>\n\n\n\n<p>Si vous avez des questions concernant cette politique de confidentialit\u00e9, veuillez nous contacter \u00e0 l'adresse suivante :<\/p>\n\n\n\n<p><strong>Perfect Pose LTD<\/strong><br>8 Derwent Drive<br>Doncaster<br>DN4 5PB<br>Courriel : <a>perfectpose.uk@gmail.com<\/a><\/p>","protected":false},"excerpt":{"rendered":"<p>Qui sommes-nous ? L'adresse de notre site web est la suivante : https:\/\/redditforcreators.com. Annonces principales sur Meta Nous utilisons la fonction Annonces principales de Meta pour collecter des informations telles que les adresses \u00e9lectroniques et d'autres donn\u00e9es utilisateur lorsque vous choisissez de les fournir par le biais de nos publicit\u00e9s. En fournissant vos informations par le biais d'une annonce publicitaire, vous acceptez les conditions \u00e9nonc\u00e9es ci-dessous : Meta Pixel [...]","protected":false},"author":1,"featured_media":0,"parent":0,"menu_order":0,"comment_status":"closed","ping_status":"open","template":"","meta":{"_monsterinsights_skip_tracking":false,"_monsterinsights_sitenote_active":false,"_monsterinsights_sitenote_note":"","_monsterinsights_sitenote_category":0,"footnotes":""},"class_list":["post-3","page","type-page","status-publish","hentry"],"_links":{"self":[{"href":"https:\/\/redditforcreators.com\/fr\/wp-json\/wp\/v2\/pages\/3","targetHints":{"allow":["GET"]}}],"collection":[{"href":"https:\/\/redditforcreators.com\/fr\/wp-json\/wp\/v2\/pages"}],"about":[{"href":"https:\/\/redditforcreators.com\/fr\/wp-json\/wp\/v2\/types\/page"}],"author":[{"embeddable":true,"href":"https:\/\/redditforcreators.com\/fr\/wp-json\/wp\/v2\/users\/1"}],"replies":[{"embeddable":true,"href":"https:\/\/redditforcreators.com\/fr\/wp-json\/wp\/v2\/comments?post=3"}],"version-history":[{"count":2,"href":"https:\/\/redditforcreators.com\/fr\/wp-json\/wp\/v2\/pages\/3\/revisions"}],"predecessor-version":[{"id":160,"href":"https:\/\/redditforcreators.com\/fr\/wp-json\/wp\/v2\/pages\/3\/revisions\/160"}],"wp:attachment":[{"href":"https:\/\/redditforcreators.com\/fr\/wp-json\/wp\/v2\/media?parent=3"}],"curies":[{"name":"wp","href":"https:\/\/api.w.org\/{rel}","templated":true}]}}