{"id":2,"date":"2024-09-10T08:22:46","date_gmt":"2024-09-10T08:22:46","guid":{"rendered":"https:\/\/redditforcreators.com\/?page_id=2"},"modified":"2025-12-13T15:21:35","modified_gmt":"2025-12-13T15:21:35","slug":"home","status":"publish","type":"page","link":"https:\/\/redditforcreators.com\/hu\/","title":{"rendered":"Home"},"content":{"rendered":"<section class=\"section\" id=\"section_1987975169\">\n\t\t<div class=\"section-bg fill\" >\n\t\t\t\t\t\t\t\t\t\n\t\t\t\n\n\t\t<\/div>\n\n\t\t\n\n\t\t<div class=\"section-content relative\">\n\t\t\t\n\n<div class=\"row row-collapse align-center\"  id=\"row-1000093979\">\n\n\n\t<div id=\"col-1713427781\" class=\"col small-11 large-12\"  >\n\t\t\t\t<div class=\"col-inner text-center\"  >\n\t\t\t\n\t\t\t\n\n\t<div id=\"text-3040956655\" class=\"text\">\n\t\t\n\n<h1>Szerezzen t\u00f6bb OnlyFans rajong\u00f3t. Nincs el\u0151zetes k\u00f6lts\u00e9g.<\/h1>\n\t\t\n<style>\n#text-3040956655 {\n  font-size: 1.3rem;\n  line-height: 0.75;\n  color: rgb(255,255,255);\n}\n#text-3040956655 > * {\n  color: rgb(255,255,255);\n}\n@media (min-width:550px) {\n  #text-3040956655 {\n    font-size: 1.8rem;\n  }\n}\n<\/style>\n\t<\/div>\n\t\n\n\t\t<\/div>\n\t\t\t\t\t<\/div>\n\n\t\n\n\t<div id=\"col-656990343\" class=\"col medium-8 small-12 large-8\"  >\n\t\t\t\t<div class=\"col-inner\"  >\n\t\t\t\n\t\t\t\n\n\t<div id=\"text-3603831404\" class=\"text\">\n\t\t\n\n<p>Ellent\u00e9tben m\u00e1s, el\u0151re felsz\u00e1m\u00edtott szolg\u00e1ltat\u00e1sokkal, mi a p\u00e9nz\u00fcnket a sz\u00e1nkba tessz\u00fck - csak akkor fizet, ha eredm\u00e9nyeket \u00e9r\u00fcnk el.<\/p>\n\t\t\n<style>\n#text-3603831404 {\n  font-size: 1rem;\n  line-height: 1.45;\n  text-align: left;\n  color: rgb(255,255,255);\n}\n#text-3603831404 > * {\n  color: rgb(255,255,255);\n}\n@media (min-width:550px) {\n  #text-3603831404 {\n    font-size: 1.55rem;\n  }\n}\n<\/style>\n\t<\/div>\n\t\n\n\t\t<\/div>\n\t\t\t\t\n<style>\n#col-656990343 > .col-inner {\n  padding: 0px 16px 0px 16px;\n}\n<\/style>\n\t<\/div>\n\n\t\n\n<\/div>\n<div class=\"row row-collapse align-center\"  id=\"row-1173566844\">\n\n\n\t<div id=\"col-1868663794\" class=\"col hide-for-small small-11 large-12\"  >\n\t\t\t\t<div class=\"col-inner text-center\"  >\n\t\t\t\n\t\t\t\n\n<a href=\"https:\/\/cal.com\/redditforcreators\/reddit-for-creators\" class=\"button white is-shade is-large box-shadow-4 box-shadow-5-hover lowercase\" style=\"border-radius:10px;\" target=\"_blank\" rel=\"noopener\">\n\t\t<span>Foglaljon egy h\u00edv\u00e1st<\/span>\n\t<\/a>\n\n\n<a href=\"#learn\" class=\"button white is-underline is-large box-shadow-4 box-shadow-5-hover lowercase\" style=\"border-radius:10px;\">\n\t\t<span>Tudjon meg t\u00f6bbet<\/span>\n\t<\/a>\n\n\n\t<div id=\"text-3910135536\" class=\"text\">\n\t\t\n\n<p>We only accept five models at a time to ensure quality and focus.<\/p>\n\t\t\n<style>\n#text-3910135536 {\n  font-size: 1rem;\n  line-height: 1.45;\n  text-align: left;\n  color: rgb(255,255,255);\n}\n#text-3910135536 > * {\n  color: rgb(255,255,255);\n}\n@media (min-width:550px) {\n  #text-3910135536 {\n    font-size: 0.9rem;\n    text-align: center;\n  }\n}\n<\/style>\n\t<\/div>\n\t\n\n\t\t<\/div>\n\t\t\t\t\t<\/div>\n\n\t\n\n<\/div>\n\n\t\t<\/div>\n\n\t\t\n<style>\n#section_1987975169 {\n  padding-top: 0px;\n  padding-bottom: 0px;\n  min-height: 422px;\n  background-color: rgb(23, 46, 53);\n}\n@media (min-width:550px) {\n  #section_1987975169 {\n    padding-top: 60px;\n    padding-bottom: 60px;\n    min-height: 603px;\n  }\n}\n<\/style>\n\t<\/section>\n\t\n\n\t<section class=\"section\" id=\"section_725693822\">\n\t\t<div class=\"section-bg fill\" >\n\t\t\t\t\t\t\t\t\t\n\t\t\t\n\n\t\t<\/div>\n\n\t\t\n\n\t\t<div class=\"section-content relative\">\n\t\t\t\n\n<div class=\"row row-collapse align-center\"  id=\"row-525004888\">\n\n\n\t<div id=\"col-646688809\" class=\"col medium-7 small-12 large-7\"  >\n\t\t\t\t<div class=\"col-inner\"  >\n\t\t\t\n\t\t\t\n\n<span class=\"scroll-to\" data-label=\"Scroll to: #learn\" data-bullet=\"false\" data-link=\"#learn\" data-title=\"learn\"><a name=\"learn\"><\/a><\/span>\n\n\t<div id=\"text-3077370550\" class=\"text\">\n\t\t\n\n<h2>Hogyan m\u0171k\u00f6dik?<\/h2>\n<ol>\n<li><span data-preserver-spaces=\"true\">\u00d6n k\u00fcld nek\u00fcnk <\/span><strong><span data-preserver-spaces=\"true\">tartalom<\/span><\/strong><span data-preserver-spaces=\"true\"> a Redditre posztolni.<\/span><\/li>\n<li><span data-preserver-spaces=\"true\">L\u00e9trehozunk egy <\/span><strong><span data-preserver-spaces=\"true\">m\u00e1rk\u00e1s Reddit fi\u00f3k<\/span><\/strong><span data-preserver-spaces=\"true\"> az \u00d6n modellj\u00e9hez az 1. napon.<\/span><\/li>\n<li><span data-preserver-spaces=\"true\">Hozz\u00e1f\u00e9r\u00e9st biztos\u00edt sz\u00e1munkra <strong>csak az Infloww n\u00f6veked\u00e9si szekci\u00f3j\u00e1ban tal\u00e1lhat\u00f3 nyomon k\u00f6vet\u00e9si linkekre.<\/strong> hogy nyomon k\u00f6vethess\u00fck az eredm\u00e9nyeket.<\/span><\/li>\n<li><span data-preserver-spaces=\"true\">Mi vezet\u00fcnk <\/span><strong><span data-preserver-spaces=\"true\">c\u00e9lzott forgalom<\/span><\/strong><span data-preserver-spaces=\"true\"> egyenesen az OnlyFans oldaladra.<\/span><\/li>\n<li><span data-preserver-spaces=\"true\">Te kezeled a <\/span><strong><span data-preserver-spaces=\"true\">cseveg\u00e9s \u00e9s \u00e9rt\u00e9kes\u00edt\u00e9s.<\/span><\/strong><\/li>\n<li><span data-preserver-spaces=\"true\">A rajong\u00f3k fizetnek neked.<\/span><\/li>\n<li><span data-preserver-spaces=\"true\">K\u00fcld\u00fcnk egy <\/span><strong><span data-preserver-spaces=\"true\">sz\u00e1ml\u00e1t a megkeresett jutal\u00e9k alapj\u00e1n.<\/span><\/strong><\/li>\n<\/ol>\n<p><!-- notionvc: 0c35d7a2-fcd4-4623-82ae-7d4d85dd7355 --><\/p>\n<p><!-- notionvc: dd1fecc1-25d9-41ee-a612-afd37cc47726 --><\/p>\n\t\t\n<style>\n#text-3077370550 {\n  font-size: 1.2rem;\n}\n@media (min-width:550px) {\n  #text-3077370550 {\n    font-size: 1.5rem;\n  }\n}\n<\/style>\n\t<\/div>\n\t\n\n\t\t<\/div>\n\t\t\t\t\n<style>\n#col-646688809 > .col-inner {\n  padding: 25px 25px 0px 25px;\n}\n<\/style>\n\t<\/div>\n\n\t\n\n<\/div>\n\n\t\t<\/div>\n\n\t\t\n<style>\n#section_725693822 {\n  padding-top: 30px;\n  padding-bottom: 30px;\n}\n@media (min-width:550px) {\n  #section_725693822 {\n    padding-top: 30px;\n    padding-bottom: 30px;\n  }\n}\n<\/style>\n\t<\/section>\n\t\n\n\t<section class=\"section\" id=\"section_1112036802\">\n\t\t<div class=\"section-bg fill\" >\n\t\t\t\t\t\t\t\t\t\n\t\t\t\n\n\t\t<\/div>\n\n\t\t\n\n\t\t<div class=\"section-content relative\">\n\t\t\t\n\n<div class=\"row row-collapse align-center\"  id=\"row-524627415\">\n\n\n\t<div id=\"col-973044484\" class=\"col medium-7 small-12 large-7\"  >\n\t\t\t\t<div class=\"col-inner\"  >\n\t\t\t\n\t\t\t\n\n\t<div id=\"text-2926282375\" class=\"text\">\n\t\t\n\n<h2>P\u00e9nzt fektet\u00fcnk be \u00d6nbe<\/h2>\n<p class=\"\" data-start=\"142\" data-end=\"249\">Meg kell \u00e9rtened - <strong data-start=\"167\" data-end=\"210\">a saj\u00e1t id\u0151nket \u00e9s p\u00e9nz\u00fcnket \u00e1ldozzuk arra.<\/strong> hogy egy csapatot \u00e9p\u00edtsen a fi\u00f3kja k\u00f6r\u00e9.<\/p>\n<p class=\"\" data-start=\"251\" data-end=\"380\"><strong>Minden k\u00f6lts\u00e9get el\u0151re fedez\u00fcnk<\/strong> - anti-detect b\u00f6ng\u00e9sz\u0151, mobil proxyk, fi\u00f3k l\u00e9trehoz\u00e1sa, az alkalmazottak bemeleg\u00edt\u00e9se, tartalomtesztel\u00e9s \u00e9s posztkezel\u00e9s - mindez m\u00e9g azel\u0151tt, hogy egyetlen doll\u00e1rt is l\u00e1tn\u00e1nk.<\/p>\n<p class=\"\" data-start=\"382\" data-end=\"468\">M\u00e1r meg\u00e9gett\u00fck magunkat, ez\u00e9rt csak olyanokat keres\u00fcnk. <strong data-start=\"434\" data-end=\"466\">komoly, hossz\u00fa t\u00e1v\u00fa partnerek.<\/strong><\/p>\n<p class=\"\" data-start=\"470\" data-end=\"585\">Veled egy\u00fctt akarunk n\u00f6vekedni, <strong data-start=\"496\" data-end=\"528\">fedezz\u00fck a befektet\u00e9seinket<\/strong>, \u00e9s <strong data-start=\"534\" data-end=\"564\">hogy egy\u00fctt keress\u00fck a p\u00e9nzt<\/strong> hossz\u00fa t\u00e1von.<\/p>\n<p><!-- notionvc: 0c35d7a2-fcd4-4623-82ae-7d4d85dd7355 --><\/p>\n<p><!-- notionvc: dd1fecc1-25d9-41ee-a612-afd37cc47726 --><\/p>\n\t\t\n<style>\n#text-2926282375 {\n  font-size: 1.2rem;\n}\n@media (min-width:550px) {\n  #text-2926282375 {\n    font-size: 1.5rem;\n  }\n}\n<\/style>\n\t<\/div>\n\t\n\n\t\t<\/div>\n\t\t\t\t\n<style>\n#col-973044484 > .col-inner {\n  padding: 25px 25px 0px 25px;\n}\n<\/style>\n\t<\/div>\n\n\t\n\n<\/div>\n\n\t\t<\/div>\n\n\t\t\n<style>\n#section_1112036802 {\n  padding-top: 30px;\n  padding-bottom: 30px;\n  background-color: rgb(215, 223, 226);\n}\n@media (min-width:550px) {\n  #section_1112036802 {\n    padding-top: 30px;\n    padding-bottom: 30px;\n  }\n}\n<\/style>\n\t<\/section>\n\t\n\n\t<section class=\"section\" id=\"section_1620714533\">\n\t\t<div class=\"section-bg fill\" >\n\t\t\t\t\t\t\t\t\t\n\t\t\t\n\n\t\t<\/div>\n\n\t\t\n\n\t\t<div class=\"section-content relative\">\n\t\t\t\n\n<div class=\"row row-collapse align-center\"  id=\"row-894247931\">\n\n\n\t<div id=\"col-1125110732\" class=\"col medium-7 small-12 large-7\"  >\n\t\t\t\t<div class=\"col-inner\"  >\n\t\t\t\n\t\t\t\n\n<span class=\"scroll-to\" data-label=\"Scroll to: #learn\" data-bullet=\"false\" data-link=\"#learn\" data-title=\"learn\"><a name=\"learn\"><\/a><\/span>\n\n\t<div id=\"text-2877750305\" class=\"text\">\n\t\t\n\n<p class=\"\" data-start=\"470\" data-end=\"585\">\u00a0<\/p>\n<h2>Tov\u00e1bbi k\u00e9rd\u00e9se van?<\/h2>\n<h3><strong>Mi\u00e9rt nem sz\u00e1m\u00edt fel el\u0151re?<\/strong><\/h3>\n<p>Mert a Reddit nagyon versenyk\u00e9pes. Ahelyett, hogy hamis \u00edg\u00e9reteket tenn\u00e9nk, hagyjuk, hogy a <strong>az eredm\u00e9nyek maguk\u00e9rt besz\u00e9lnek.<\/strong> Ha a forgalom nem konvert\u00e1l, akkor nem fizet...<strong>nulla kock\u00e1zat az \u00d6n sz\u00e1m\u00e1ra.<\/strong><\/p>\n<h3><strong>H\u00e1ny modellel dolgozik?<\/strong><\/h3>\n<p>Csak a k\u00f6vetkez\u0151 feladatokat v\u00e1llaljuk <strong>5 modell havonta<\/strong> a  c\u00edmre. <strong>biztos\u00edtja a kiv\u00e1l\u00f3 min\u0151s\u00e9g\u0171 eredm\u00e9nyeket.<\/strong><\/p>\n<h3><strong>Ingyenes vagy fizet\u0151s OnlyFans oldalakkal dolgozol?<\/strong><\/h3>\n<p>Els\u0151sorban a k\u00f6vetkez\u0151kkel dolgozunk <strong>ingyenes oldalak<\/strong>, mivel jobban konvert\u00e1lnak a Reddit-strat\u00e9gi\u00e1nkkal.<\/p>\n<h3><strong>Mi\u00e9rt nincsenek saj\u00e1t modelljeik?<\/strong><\/h3>\n<p>Szakter\u00fclet\u00fcnk <strong>egyetlen dolog - a Redditr\u0151l \u00e9rkez\u0151 forgalom.<\/strong> Egy OF \u00fcgyn\u00f6ks\u00e9g m\u0171k\u00f6dtet\u00e9se a k\u00f6vetkez\u0151k ir\u00e1ny\u00edt\u00e1s\u00e1t ig\u00e9nyli <strong>tartalom, cseveg\u0151k, \u00e1rk\u00e9pz\u00e9s, strat\u00e9gia, \u00e9s m\u00e9g sok minden m\u00e1s<\/strong>-a k\u00f6vetkez\u0151kre \u00f6sszpontos\u00edtunk <strong>amit a legjobban tudunk<\/strong> \u00edgy a p\u00e9nzszerz\u00e9sre koncentr\u00e1lhatsz.<\/p>\n<h3><strong>Hogyan fizetik ki?<\/strong><\/h3>\n<p><strong data-start=\"50\" data-end=\"117\">Mi 25% r\u00e9szesed\u00e9st kapunk a rajong\u00f3kt\u00f3l sz\u00e1rmaz\u00f3 bev\u00e9telekb\u0151l. <\/strong>P\u00e9ld\u00e1ul, ha egy rajong\u00f3nk $1,000-et k\u00f6lt az \u00d6n tartalmaira (el\u0151fizet\u00e9sek, tippek, PPV, egy\u00e9ni tartalom stb.), mi $250-et keres\u00fcnk.<\/p>\n<h3><strong>Hogyan l\u00e1tod, honnan j\u00f6n a rajong\u00f3 \u00e9s mennyit k\u00f6lt?<\/strong><\/h3>\n<p>Ez csak akkor lehets\u00e9ges, ha m\u00e1r haszn\u00e1l egy olyan szolg\u00e1ltat\u00e1st, mint a <strong>Infloww<\/strong>. A <strong>Infloww nyomk\u00f6vet\u0151 linkjei<\/strong>, figyelemmel k\u00eds\u00e9rheti:<\/p>\n<ul>\n<li><strong>Honnan j\u00f6n a ventil\u00e1tor<\/strong> (pl. Reddit, TikTok, Twitter stb.)<\/li>\n<li><strong>Mennyit k\u00f6ltenek<\/strong>, bele\u00e9rtve az el\u0151fizet\u00e9seket, PPV-tartalmakat, tippeket \u00e9s egyebeket.<\/li>\n<\/ul>\n<h3><strong>Tud \"munkaigazol\u00e1st\" beny\u00fajtani?<\/strong><\/h3>\n<p class=\"\" data-start=\"77\" data-end=\"232\">Nem adunk el\u0151re igazol\u00e1st a munk\u00e1r\u00f3l, mert minden sz\u00e1mla m\u00e1s \u00e9s m\u00e1s. <a href=\"https:\/\/www.fiverr.com\/search\/gigs?query=video%20testimonial&amp;source=drop_down_filters&amp;acmpl=1&amp;search_in=everywhere&amp;search-autocomplete-original-term=testimonial&amp;search-autocomplete-available=true&amp;search-autocomplete-type=suggest&amp;search-autocomplete-position=1&amp;ref_ctx_id=1d763d9ed2cb405694a502452014eb3f&amp;ref=presentor%3Awoman\" target=\"_blank\" rel=\"noopener\">nem igaz\u00e1n lehet bizony\u00edtani.<\/a>. Ez\u00e9rt nem sz\u00e1m\u00edtunk fel semmit el\u0151re.<\/p>\n<h3><strong>Megbirk\u00f3zol a cseveg\u00e9ssel?<\/strong><\/h3>\n<p>Nem. A mi feladatunk az, hogy <strong>min\u0151s\u00e9gi forgalom k\u00fcld\u00e9se<\/strong>, \u00e9s a cseveg\u0151id fizet\u0151 rajong\u00f3kk\u00e1 alak\u00edtj\u00e1k \u0151ket.<\/p>\n<h3><strong>Mennyi tartalomra van sz\u00fcks\u00e9gem?<\/strong><\/h3>\n<p>Min\u00e9l t\u00f6bb, ann\u00e1l jobb! Ha van egy <strong>k\u00f6vetkezetes tartalomszolg\u00e1ltat\u00e1s<\/strong> seg\u00edt a Reddit-forgalom jobb konvert\u00e1l\u00e1s\u00e1ban az id\u0151 m\u00fal\u00e1s\u00e1val.<\/p>\n<h3><strong>\u00d6n m\u00e1r a Reddit-en van?<\/strong><\/h3>\n<p>Ha m\u00e1r Reddit-forgalmat bonyol\u00edt, szolg\u00e1ltat\u00e1sunk nem biztos, hogy megfelel\u0151 lesz. Mi <strong>a legjobban azokkal az \u00fcgyn\u00f6ks\u00e9gekkel m\u0171k\u00f6dik, amelyek m\u00e9g nem haszn\u00e1lj\u00e1k a Redditet.<\/strong> \u00edgy a semmib\u0151l \u00e9p\u00edthetj\u00fck fel \u00e9s m\u00e9retezhetj\u00fck meg.<\/p>\n<h3><strong>H\u00e1ny rajong\u00f3t tudsz gener\u00e1lni?<\/strong><\/h3>\n<p>Neh\u00e9z megj\u00f3solni a pontos sz\u00e1mokat, mivel <strong>A Reddit forgalma sok t\u00e9nyez\u0151t\u0151l f\u00fcgg<\/strong>-tartalom, elk\u00f6telezetts\u00e9g \u00e9s a verseny az \u00d6n szakter\u00fclet\u00e9n. Azonban mi <strong>csak olyan modelleket v\u00e1llalunk fel, amelyekr\u0151l \u00fagy gondoljuk, hogy sikeresen tudunk n\u00f6vekedni.<\/strong><\/p>\n<p>\u00a0<\/p>\n<p><!-- notionvc: 0c35d7a2-fcd4-4623-82ae-7d4d85dd7355 --><\/p>\n<p><!-- notionvc: dd1fecc1-25d9-41ee-a612-afd37cc47726 --><\/p>\n\t\t\n<style>\n#text-2877750305 {\n  font-size: 1.2rem;\n}\n@media (min-width:550px) {\n  #text-2877750305 {\n    font-size: 1.5rem;\n  }\n}\n<\/style>\n\t<\/div>\n\t\n\n\t\t<\/div>\n\t\t\t\t\n<style>\n#col-1125110732 > .col-inner {\n  padding: 25px 25px 0px 25px;\n}\n<\/style>\n\t<\/div>\n\n\t\n\n<\/div>\n\t<div id=\"gap-466666653\" class=\"gap-element clearfix\" style=\"display:block; height:auto;\">\n\t\t\n<style>\n#gap-466666653 {\n  padding-top: 30px;\n}\n<\/style>\n\t<\/div>\n\t\n\n\t<div id=\"text-3904278926\" class=\"text\">\n\t\t\n\n<p>Ez az oldal nem r\u00e9sze a Facebook weboldal\u00e1nak vagy a Facebook Inc. Tov\u00e1bb\u00e1 ezt az oldalt a Facebook semmilyen m\u00f3don nem t\u00e1mogatja. A FACEBOOK a FACEBOOK, Inc. v\u00e9djegye.<\/p>\n<p><a href=\"https:\/\/redditforcreators.com\/hu\/privacy-policy\/\">Adatv\u00e9delmi ir\u00e1nyelvek<\/a><\/p>\n<p>\u00a9 2024 Perfect Pose LTD. Minden jog fenntartva | Adatv\u00e9delmi politika | Felt\u00e9telek \u00e9s felt\u00e9telek<\/p>\n\t\t\n<style>\n#text-3904278926 {\n  font-size: 0.75rem;\n  line-height: 0.9;\n  text-align: center;\n}\n<\/style>\n\t<\/div>\n\t\n\t<div id=\"gap-916726253\" class=\"gap-element clearfix\" style=\"display:block; height:auto;\">\n\t\t\n<style>\n#gap-916726253 {\n  padding-top: 153px;\n}\n<\/style>\n\t<\/div>\n\t\n\n\n\t\t<\/div>\n\n\t\t\n<style>\n#section_1620714533 {\n  padding-top: 30px;\n  padding-bottom: 30px;\n}\n@media (min-width:550px) {\n  #section_1620714533 {\n    padding-top: 30px;\n    padding-bottom: 30px;\n  }\n}\n<\/style>\n\t<\/section>\n\t\n\n\t<section class=\"section fixed-bottom-section show-for-small\" id=\"section_1409672457\">\n\t\t<div class=\"section-bg fill\" >\n\t\t\t\t\t\t\t\t\t\n\t\t\t\n\t<div class=\"is-border\"\n\t\tstyle=\"border-width:0px 0px 0px 0px;\">\n\t<\/div>\n\n\t\t<\/div>\n\n\t\t\n\n\t\t<div class=\"section-content relative\">\n\t\t\t\n\n<div class=\"row row-collapse align-center\"  id=\"row-822939079\">\n\n\n\t<div id=\"col-382847833\" class=\"col small-12 large-12\"  >\n\t\t\t\t<div class=\"col-inner text-center\"  >\n\t\t\t\n\t\t\t\n\n<a href=\"https:\/\/cal.com\/broadhollow\/reddit-for-creators\" class=\"button primary instagram-button\" target=\"_blank\" rel=\"noopener\">\n\t<i class=\"icon-phone\" aria-hidden=\"true\"><\/i>\t<span>Foglaljon egy h\u00edv\u00e1st<\/span>\n\t<\/a>\n\n\n<a href=\"http:\/\/m.me\/61572140380741\" class=\"button primary messenger-button hidden\">\n\t<i class=\"icon-facebook\" aria-hidden=\"true\"><\/i>\t<span>Messenger<\/span>\n\t<\/a>\n\n\n<a href=\"https:\/\/wa.me\/4915510086467\" class=\"button primary telegram-button hidden\" target=\"_blank\" rel=\"noopener\">\n\t<i class=\"icon-telegram\" aria-hidden=\"true\"><\/i>\t<span>T\u00e1virat<\/span>\n\t<\/a>\n\n\n\n\t\t<\/div>\n\t\t\t\t\t<\/div>\n\n\t\n\n\n<style>\n#row-822939079 > .col > .col-inner {\n  padding: 0px 0px 0px 0px;\n}\n<\/style>\n<\/div>\n\n\t\t<\/div>\n\n\t\t\n<style>\n#section_1409672457 {\n  padding-top: 0px;\n  padding-bottom: 0px;\n  background-color: rgb(242, 246, 247);\n}\n@media (min-width:550px) {\n  #section_1409672457 {\n    padding-top: 30px;\n    padding-bottom: 30px;\n  }\n}\n<\/style>\n\t<\/section>\n\t\n\n\n<style>\n\n.fixed-bottom-section {\n  position: fixed;  \/* Fix the section to the bottom *\/\n  bottom: 0;        \/* Stick to the bottom of the page *\/\n  left: 0;          \/* Align to the left *\/\n  width: 100%;      \/* Make it full width *\/\n  padding: 15px;\n  box-shadow: 0 -2px 5px rgba(0, 0, 0, 0.2);\n  z-index: 9999;    \/* High z-index to make sure it's above other elements *\/\n}\n\n.instagram-button, .messenger-button {\n  pointer-events: auto; \/* Ensure buttons are clickable *\/\n  z-index: 10000;       \/* Make sure buttons are clickable above any overlays *\/\n}\n\n.content-wrapper {\n  padding-bottom: 120px; \/* Ensure content above doesn't overlap the fixed section *\/\n}\n\n\n.dropshadow {\n    box-shadow: 5px 5px 15px rgba(0,0,0,0.5);\n}\n\n\/* Base styles for mobile (default) *\/\n.whatsapp-button,\n.telegram-button,\n.messenger-button,\n.instagram-button {\n  background-color: #25d366; \/* WhatsApp color *\/\n  margin: 7px;\n  color: white;\n  border-radius: 5px;\n  padding: 10px 20px;\n  text-align: center;\n  display: inline-block;\n  box-sizing: border-box; \/* Ensures padding and borders are included in width *\/\n}\n\n\/* Different colors for each button *\/\n.telegram-button {\n  background-color: #0088cc; \/* Telegram color *\/\n}\n\n.messenger-button {\n  background-color: #0084ff; \/* Messenger color *\/\n}\n\n.instagram-button {\n  background-color: #e4405f; \/* Instagram color *\/\n  font-weight: bold; \/* Bold text for emphasis *\/\n  font-family: Arial, sans-serif; \/* Simple, modern font *\/\n  box-shadow: 0 4px 6px rgba(0, 0, 0, 0.1); \/* Subtle shadow for a lifted effect *\/\n  transition: background-color 0.3s ease; \/* Smooth hover effect *\/\n}\n\n.instagram-button:hover {\n  background-color: #d2365c; \/* Slightly darker shade on hover *\/\n}\n\n\/* Styles for mobile *\/\n@media (max-width: 768px) {\n  .whatsapp-button,\n  .telegram-button,\n  .messenger-button,\n  .instagram-button {\n    width: 100%; \/* Full width on mobile *\/\n    max-width: 300px; \/* Limit max width on mobile *\/\n    margin-left: auto;\n    margin-right: auto;\n  }\n}\n\n\/* Make buttons the same width on desktop *\/\n@media (min-width: 768px) {\n  .whatsapp-button,\n  .telegram-button,\n  .messenger-button,\n  .instagram-button {\n    margin: 7px 20px; \/* Desktop spacing *\/\n    width: 250px; \/* Set the same width for all buttons on desktop *\/\n  }\n}\n\nh1 {\n  text-shadow: 2px 2px 4px rgba(0, 0, 0, 0.5); \/* X-offset, Y-offset, blur-radius, color *\/\n}\n<\/style>\n\n\n\t<div id=\"text-518317811\" class=\"text hidden\">\n\t\t\n\n<p>Cseveg\u00e9s - nincs nyom\u00e1s, csak v\u00e1laszok.<\/p>\n\t\t\n<style>\n#text-518317811 {\n  color: rgb(209, 218, 225);\n}\n#text-518317811 > * {\n  color: rgb(209, 218, 225);\n}\n<\/style>\n\t<\/div>\n\t\n<a href=\"https:\/\/wa.me\/4915510086467\" class=\"button primary whatsapp-button hidden\" target=\"_blank\" rel=\"noopener\">\n\t<i class=\"icon-whatsapp\" aria-hidden=\"true\"><\/i>\t<span>Mi az App<\/span>\n\t<\/a>","protected":false},"excerpt":{"rendered":"","protected":false},"author":1,"featured_media":580,"parent":0,"menu_order":0,"comment_status":"closed","ping_status":"closed","template":"page-blank.php","meta":{"_monsterinsights_skip_tracking":false,"_monsterinsights_sitenote_active":false,"_monsterinsights_sitenote_note":"","_monsterinsights_sitenote_category":0,"footnotes":""},"class_list":["post-2","page","type-page","status-publish","has-post-thumbnail","hentry"],"_links":{"self":[{"href":"https:\/\/redditforcreators.com\/hu\/wp-json\/wp\/v2\/pages\/2","targetHints":{"allow":["GET"]}}],"collection":[{"href":"https:\/\/redditforcreators.com\/hu\/wp-json\/wp\/v2\/pages"}],"about":[{"href":"https:\/\/redditforcreators.com\/hu\/wp-json\/wp\/v2\/types\/page"}],"author":[{"embeddable":true,"href":"https:\/\/redditforcreators.com\/hu\/wp-json\/wp\/v2\/users\/1"}],"replies":[{"embeddable":true,"href":"https:\/\/redditforcreators.com\/hu\/wp-json\/wp\/v2\/comments?post=2"}],"version-history":[{"count":156,"href":"https:\/\/redditforcreators.com\/hu\/wp-json\/wp\/v2\/pages\/2\/revisions"}],"predecessor-version":[{"id":598,"href":"https:\/\/redditforcreators.com\/hu\/wp-json\/wp\/v2\/pages\/2\/revisions\/598"}],"wp:featuredmedia":[{"embeddable":true,"href":"https:\/\/redditforcreators.com\/hu\/wp-json\/wp\/v2\/media\/580"}],"wp:attachment":[{"href":"https:\/\/redditforcreators.com\/hu\/wp-json\/wp\/v2\/media?parent=2"}],"curies":[{"name":"wp","href":"https:\/\/api.w.org\/{rel}","templated":true}]}}