{"id":2,"date":"2024-09-10T08:22:46","date_gmt":"2024-09-10T08:22:46","guid":{"rendered":"https:\/\/redditforcreators.com\/?page_id=2"},"modified":"2025-12-13T15:21:35","modified_gmt":"2025-12-13T15:21:35","slug":"home","status":"publish","type":"page","link":"https:\/\/redditforcreators.com\/pl\/","title":{"rendered":"Strona g\u0142\u00f3wna"},"content":{"rendered":"<section class=\"section\" id=\"section_1971076859\">\n\t\t<div class=\"section-bg fill\" >\n\t\t\t\t\t\t\t\t\t\n\t\t\t\n\n\t\t<\/div>\n\n\t\t\n\n\t\t<div class=\"section-content relative\">\n\t\t\t\n\n<div class=\"row row-collapse align-center\"  id=\"row-1789231717\">\n\n\n\t<div id=\"col-1245036292\" class=\"col small-11 large-12\"  >\n\t\t\t\t<div class=\"col-inner text-center\"  >\n\t\t\t\n\t\t\t\n\n\t<div id=\"text-1776416341\" class=\"text\">\n\t\t\n\n<h1>Zdob\u0105d\u017a wi\u0119cej fan\u00f3w OnlyFans. Bez koszt\u00f3w wst\u0119pnych.<\/h1>\n\t\t\n<style>\n#text-1776416341 {\n  font-size: 1.3rem;\n  line-height: 0.75;\n  color: rgb(255,255,255);\n}\n#text-1776416341 > * {\n  color: rgb(255,255,255);\n}\n@media (min-width:550px) {\n  #text-1776416341 {\n    font-size: 1.8rem;\n  }\n}\n<\/style>\n\t<\/div>\n\t\n\n\t\t<\/div>\n\t\t\t\t\t<\/div>\n\n\t\n\n\t<div id=\"col-1087255617\" class=\"col medium-8 small-12 large-8\"  >\n\t\t\t\t<div class=\"col-inner\"  >\n\t\t\t\n\t\t\t\n\n\t<div id=\"text-3668629098\" class=\"text\">\n\t\t\n\n<p>W przeciwie\u0144stwie do innych us\u0142ug, kt\u00f3re pobieraj\u0105 op\u0142aty z g\u00f3ry, my stawiamy na jako\u015b\u0107 - p\u0142acisz tylko wtedy, gdy osi\u0105gamy wyniki.<\/p>\n\t\t\n<style>\n#text-3668629098 {\n  font-size: 1rem;\n  line-height: 1.45;\n  text-align: left;\n  color: rgb(255,255,255);\n}\n#text-3668629098 > * {\n  color: rgb(255,255,255);\n}\n@media (min-width:550px) {\n  #text-3668629098 {\n    font-size: 1.55rem;\n  }\n}\n<\/style>\n\t<\/div>\n\t\n\n\t\t<\/div>\n\t\t\t\t\n<style>\n#col-1087255617 > .col-inner {\n  padding: 0px 16px 0px 16px;\n}\n<\/style>\n\t<\/div>\n\n\t\n\n<\/div>\n<div class=\"row row-collapse align-center\"  id=\"row-1947499162\">\n\n\n\t<div id=\"col-1712885497\" class=\"col hide-for-small small-11 large-12\"  >\n\t\t\t\t<div class=\"col-inner text-center\"  >\n\t\t\t\n\t\t\t\n\n<a href=\"https:\/\/cal.com\/redditforcreators\/reddit-for-creators\" class=\"button white is-shade is-large box-shadow-4 box-shadow-5-hover lowercase\" style=\"border-radius:10px;\" target=\"_blank\" rel=\"noopener\">\n\t\t<span>Zarezerwuj po\u0142\u0105czenie<\/span>\n\t<\/a>\n\n\n<a href=\"#learn\" class=\"button white is-underline is-large box-shadow-4 box-shadow-5-hover lowercase\" style=\"border-radius:10px;\">\n\t\t<span>Dowiedz si\u0119 wi\u0119cej<\/span>\n\t<\/a>\n\n\n\t<div id=\"text-1529421696\" class=\"text\">\n\t\t\n\n<p>We only accept five models at a time to ensure quality and focus.<\/p>\n\t\t\n<style>\n#text-1529421696 {\n  font-size: 1rem;\n  line-height: 1.45;\n  text-align: left;\n  color: rgb(255,255,255);\n}\n#text-1529421696 > * {\n  color: rgb(255,255,255);\n}\n@media (min-width:550px) {\n  #text-1529421696 {\n    font-size: 0.9rem;\n    text-align: center;\n  }\n}\n<\/style>\n\t<\/div>\n\t\n\n\t\t<\/div>\n\t\t\t\t\t<\/div>\n\n\t\n\n<\/div>\n\n\t\t<\/div>\n\n\t\t\n<style>\n#section_1971076859 {\n  padding-top: 0px;\n  padding-bottom: 0px;\n  min-height: 422px;\n  background-color: rgb(23, 46, 53);\n}\n@media (min-width:550px) {\n  #section_1971076859 {\n    padding-top: 60px;\n    padding-bottom: 60px;\n    min-height: 603px;\n  }\n}\n<\/style>\n\t<\/section>\n\t\n\n\t<section class=\"section\" id=\"section_1655178756\">\n\t\t<div class=\"section-bg fill\" >\n\t\t\t\t\t\t\t\t\t\n\t\t\t\n\n\t\t<\/div>\n\n\t\t\n\n\t\t<div class=\"section-content relative\">\n\t\t\t\n\n<div class=\"row row-collapse align-center\"  id=\"row-180857549\">\n\n\n\t<div id=\"col-316082392\" class=\"col medium-7 small-12 large-7\"  >\n\t\t\t\t<div class=\"col-inner\"  >\n\t\t\t\n\t\t\t\n\n<span class=\"scroll-to\" data-label=\"Scroll to: #learn\" data-bullet=\"false\" data-link=\"#learn\" data-title=\"learn\"><a name=\"learn\"><\/a><\/span>\n\n\t<div id=\"text-1793947272\" class=\"text\">\n\t\t\n\n<h2>Jak to dzia\u0142a?<\/h2>\n<ol>\n<li><span data-preserver-spaces=\"true\">Wysy\u0142asz nam <\/span><strong><span data-preserver-spaces=\"true\">zawarto\u015b\u0107<\/span><\/strong><span data-preserver-spaces=\"true\"> aby opublikowa\u0107 na Reddit.<\/span><\/li>\n<li><span data-preserver-spaces=\"true\">Tworzymy <\/span><strong><span data-preserver-spaces=\"true\">markowe konto Reddit<\/span><\/strong><span data-preserver-spaces=\"true\"> dla Twojego modelu w Dniu 1.<\/span><\/li>\n<li><span data-preserver-spaces=\"true\">Udzielasz nam dost\u0119pu <strong>tylko do link\u00f3w \u015bledz\u0105cych w sekcji Wzrost w Infloww<\/strong> aby\u015bmy mogli monitorowa\u0107 wyniki.<\/span><\/li>\n<li><span data-preserver-spaces=\"true\">Jedziemy <\/span><strong><span data-preserver-spaces=\"true\">ukierunkowany ruch<\/span><\/strong><span data-preserver-spaces=\"true\"> prosto na Twoj\u0105 stron\u0119 OnlyFans.<\/span><\/li>\n<li><span data-preserver-spaces=\"true\">Zajmujesz si\u0119 <\/span><strong><span data-preserver-spaces=\"true\">czat i sprzeda\u017c.<\/span><\/strong><\/li>\n<li><span data-preserver-spaces=\"true\">Fani ci p\u0142ac\u0105.<\/span><\/li>\n<li><span data-preserver-spaces=\"true\">Wysy\u0142amy <\/span><strong><span data-preserver-spaces=\"true\">faktur\u0119 na podstawie zarobionej przez nas prowizji.<\/span><\/strong><\/li>\n<\/ol>\n<p><!-- notionvc: 0c35d7a2-fcd4-4623-82ae-7d4d85dd7355 --><\/p>\n<p><!-- notionvc: dd1fecc1-25d9-41ee-a612-afd37cc47726 --><\/p>\n\t\t\n<style>\n#text-1793947272 {\n  font-size: 1.2rem;\n}\n@media (min-width:550px) {\n  #text-1793947272 {\n    font-size: 1.5rem;\n  }\n}\n<\/style>\n\t<\/div>\n\t\n\n\t\t<\/div>\n\t\t\t\t\n<style>\n#col-316082392 > .col-inner {\n  padding: 25px 25px 0px 25px;\n}\n<\/style>\n\t<\/div>\n\n\t\n\n<\/div>\n\n\t\t<\/div>\n\n\t\t\n<style>\n#section_1655178756 {\n  padding-top: 30px;\n  padding-bottom: 30px;\n}\n@media (min-width:550px) {\n  #section_1655178756 {\n    padding-top: 30px;\n    padding-bottom: 30px;\n  }\n}\n<\/style>\n\t<\/section>\n\t\n\n\t<section class=\"section\" id=\"section_239579364\">\n\t\t<div class=\"section-bg fill\" >\n\t\t\t\t\t\t\t\t\t\n\t\t\t\n\n\t\t<\/div>\n\n\t\t\n\n\t\t<div class=\"section-content relative\">\n\t\t\t\n\n<div class=\"row row-collapse align-center\"  id=\"row-727002204\">\n\n\n\t<div id=\"col-297432215\" class=\"col medium-7 small-12 large-7\"  >\n\t\t\t\t<div class=\"col-inner\"  >\n\t\t\t\n\t\t\t\n\n\t<div id=\"text-2643615105\" class=\"text\">\n\t\t\n\n<h2>Inwestujemy w Ciebie pieni\u0105dze<\/h2>\n<p class=\"\" data-start=\"142\" data-end=\"249\">Musisz zrozumie\u0107 - <strong data-start=\"167\" data-end=\"210\">po\u015bwi\u0119camy w\u0142asny czas i pieni\u0105dze<\/strong> aby zbudowa\u0107 zesp\u00f3\u0142 wok\u00f3\u0142 Twojego konta.<\/p>\n<p class=\"\" data-start=\"251\" data-end=\"380\"><strong>Pokrywamy wszystkie koszty z g\u00f3ry<\/strong> - przegl\u0105darka anty-detect, mobilne serwery proxy, tworzenie kont, rozgrzewka pracownik\u00f3w, testowanie tre\u015bci i zarz\u0105dzanie postami - wszystko to zanim zobaczymy cho\u0107by jednego dolara.<\/p>\n<p class=\"\" data-start=\"382\" data-end=\"468\">Sparzyli\u015bmy si\u0119 ju\u017c wcze\u015bniej, wi\u0119c szukamy tylko <strong data-start=\"434\" data-end=\"466\">powa\u017cnych, d\u0142ugoterminowych partner\u00f3w.<\/strong><\/p>\n<p class=\"\" data-start=\"470\" data-end=\"585\">Chcemy rozwija\u0107 si\u0119 razem z Tob\u0105, <strong data-start=\"496\" data-end=\"528\">pokry\u0107 inwestycje, kt\u00f3rych dokonujemy<\/strong>oraz <strong data-start=\"534\" data-end=\"564\">Zarabiaj pieni\u0105dze razem z nami<\/strong> na d\u0142u\u017csz\u0105 met\u0119.<\/p>\n<p><!-- notionvc: 0c35d7a2-fcd4-4623-82ae-7d4d85dd7355 --><\/p>\n<p><!-- notionvc: dd1fecc1-25d9-41ee-a612-afd37cc47726 --><\/p>\n\t\t\n<style>\n#text-2643615105 {\n  font-size: 1.2rem;\n}\n@media (min-width:550px) {\n  #text-2643615105 {\n    font-size: 1.5rem;\n  }\n}\n<\/style>\n\t<\/div>\n\t\n\n\t\t<\/div>\n\t\t\t\t\n<style>\n#col-297432215 > .col-inner {\n  padding: 25px 25px 0px 25px;\n}\n<\/style>\n\t<\/div>\n\n\t\n\n<\/div>\n\n\t\t<\/div>\n\n\t\t\n<style>\n#section_239579364 {\n  padding-top: 30px;\n  padding-bottom: 30px;\n  background-color: rgb(215, 223, 226);\n}\n@media (min-width:550px) {\n  #section_239579364 {\n    padding-top: 30px;\n    padding-bottom: 30px;\n  }\n}\n<\/style>\n\t<\/section>\n\t\n\n\t<section class=\"section\" id=\"section_606231897\">\n\t\t<div class=\"section-bg fill\" >\n\t\t\t\t\t\t\t\t\t\n\t\t\t\n\n\t\t<\/div>\n\n\t\t\n\n\t\t<div class=\"section-content relative\">\n\t\t\t\n\n<div class=\"row row-collapse align-center\"  id=\"row-876998144\">\n\n\n\t<div id=\"col-192704122\" class=\"col medium-7 small-12 large-7\"  >\n\t\t\t\t<div class=\"col-inner\"  >\n\t\t\t\n\t\t\t\n\n<span class=\"scroll-to\" data-label=\"Scroll to: #learn\" data-bullet=\"false\" data-link=\"#learn\" data-title=\"learn\"><a name=\"learn\"><\/a><\/span>\n\n\t<div id=\"text-1529064768\" class=\"text\">\n\t\t\n\n<p class=\"\" data-start=\"470\" data-end=\"585\">\u00a0<\/p>\n<h2>Masz wi\u0119cej pyta\u0144?<\/h2>\n<h3><strong>Dlaczego nie pobierasz op\u0142at z g\u00f3ry?<\/strong><\/h3>\n<p>Poniewa\u017c Reddit jest bardzo konkurencyjny. Zamiast sk\u0142ada\u0107 fa\u0142szywe obietnice, pozwalamy <strong>Wyniki m\u00f3wi\u0105 same za siebie.<\/strong> Je\u015bli ruch nie konwertuje, nie p\u0142acisz.<strong>zero ryzyka dla Ciebie.<\/strong><\/p>\n<h3><strong>Z iloma modelami pracujesz?<\/strong><\/h3>\n<p>Przyjmujemy tylko <strong>5 modeli miesi\u0119cznie<\/strong> do <strong>Zapewnij wysokiej jako\u015bci wyniki.<\/strong><\/p>\n<h3><strong>Pracujesz z darmowymi lub p\u0142atnymi stronami OnlyFans?<\/strong><\/h3>\n<p>Wsp\u00f3\u0142pracujemy g\u0142\u00f3wnie z <strong>darmowe strony<\/strong>poniewa\u017c lepiej konwertuj\u0105 dzi\u0119ki naszej strategii Reddit.<\/p>\n<h3><strong>Dlaczego nie masz w\u0142asnych modeli?<\/strong><\/h3>\n<p>Specjalizujemy si\u0119 w <strong>tylko jedna rzecz - pozyskiwanie ruchu z Reddita.<\/strong> Prowadzenie agencji OF wymaga zarz\u0105dzania <strong>tre\u015bci, czaty, ceny, strategia i nie tylko<\/strong>-Skupiamy si\u0119 na <strong>Co robimy najlepiej<\/strong> dzi\u0119ki czemu mo\u017cesz skupi\u0107 si\u0119 na monetyzacji.<\/p>\n<h3><strong>Jak otrzymujesz wynagrodzenie?<\/strong><\/h3>\n<p><strong data-start=\"50\" data-end=\"117\">Pobieramy 25% cz\u0119\u015b\u0107 zarobk\u00f3w od fan\u00f3w, kt\u00f3rych ci dostarczamy. <\/strong>Na przyk\u0142ad, je\u015bli jeden z naszych fan\u00f3w wyda $1,000 na twoje tre\u015bci (subskrypcje, porady, PPV, niestandardowe tre\u015bci itp.), zarobimy $250.<\/p>\n<h3><strong>Jak mo\u017cesz sprawdzi\u0107, sk\u0105d pochodz\u0105 fani i ile wydaj\u0105?<\/strong><\/h3>\n<p>Jest to mo\u017cliwe tylko wtedy, gdy korzystasz ju\u017c z us\u0142ugi takiej jak <strong>Nap\u0142yw<\/strong>. Z <strong>Linki \u015bledz\u0105ce Infloww<\/strong>mo\u017cesz monitorowa\u0107:<\/p>\n<ul>\n<li><strong>Sk\u0105d pochodzi wentylator<\/strong> (np. Reddit, TikTok, Twitter itp.).<\/li>\n<li><strong>Ile wydaj\u0105<\/strong>w tym subskrypcje, zawarto\u015b\u0107 PPV, porady i nie tylko.<\/li>\n<\/ul>\n<h3><strong>Czy mo\u017cesz przedstawi\u0107 \"dow\u00f3d pracy\"?<\/strong><\/h3>\n<p class=\"\" data-start=\"77\" data-end=\"232\">Nie dostarczamy dowod\u00f3w pracy z g\u00f3ry, poniewa\u017c ka\u017cde konto jest inne i <a href=\"https:\/\/www.fiverr.com\/search\/gigs?query=video%20testimonial&amp;source=drop_down_filters&amp;acmpl=1&amp;search_in=everywhere&amp;search-autocomplete-original-term=testimonial&amp;search-autocomplete-available=true&amp;search-autocomplete-type=suggest&amp;search-autocomplete-position=1&amp;ref_ctx_id=1d763d9ed2cb405694a502452014eb3f&amp;ref=presentor%3Awoman\" target=\"_blank\" rel=\"noopener\">nie ma prawdziwego sposobu, aby to udowodni\u0107<\/a>. Dlatego nie pobieramy \u017cadnych op\u0142at z g\u00f3ry.<\/p>\n<h3><strong>Czy radzisz sobie z czatowaniem?<\/strong><\/h3>\n<p>Nie. Naszym zadaniem jest <strong>Wysy\u0142aj ruch wysokiej jako\u015bci<\/strong>, a Twoi czatuj\u0105cy przekszta\u0142caj\u0105 ich w p\u0142ac\u0105cych fan\u00f3w.<\/p>\n<h3><strong>Ile tre\u015bci potrzebuj\u0119?<\/strong><\/h3>\n<p>Im wi\u0119cej, tym lepiej! Posiadanie <strong>sp\u00f3jne dostarczanie tre\u015bci<\/strong> z czasem pomaga lepiej konwertowa\u0107 ruch z Reddit.<\/p>\n<h3><strong>Czy jeste\u015b ju\u017c na Reddit?<\/strong><\/h3>\n<p>Je\u015bli korzystasz ju\u017c z ruchu w serwisie Reddit, nasza us\u0142uga mo\u017ce nie by\u0107 dla Ciebie odpowiednia. My <strong>najlepiej wsp\u00f3\u0142pracuj z agencjami, kt\u00f3re jeszcze nie korzystaj\u0105 z Reddita<\/strong> aby\u015bmy mogli zbudowa\u0107 i skalowa\u0107 go od podstaw.<\/p>\n<h3><strong>Ilu fan\u00f3w mo\u017cesz wygenerowa\u0107?<\/strong><\/h3>\n<p>Trudno przewidzie\u0107 dok\u0142adne liczby, poniewa\u017c <strong>Ruch na Reddicie zale\u017cy od wielu czynnik\u00f3w<\/strong>-Tre\u015b\u0107, zaanga\u017cowanie i konkurencja w Twojej niszy. Jednak my <strong>Przyjmujemy tylko te modele, co do kt\u00f3rych wierzymy, \u017ce mo\u017cemy je z powodzeniem rozwija\u0107.<\/strong><\/p>\n<p>\u00a0<\/p>\n<p><!-- notionvc: 0c35d7a2-fcd4-4623-82ae-7d4d85dd7355 --><\/p>\n<p><!-- notionvc: dd1fecc1-25d9-41ee-a612-afd37cc47726 --><\/p>\n\t\t\n<style>\n#text-1529064768 {\n  font-size: 1.2rem;\n}\n@media (min-width:550px) {\n  #text-1529064768 {\n    font-size: 1.5rem;\n  }\n}\n<\/style>\n\t<\/div>\n\t\n\n\t\t<\/div>\n\t\t\t\t\n<style>\n#col-192704122 > .col-inner {\n  padding: 25px 25px 0px 25px;\n}\n<\/style>\n\t<\/div>\n\n\t\n\n<\/div>\n\t<div id=\"gap-857500579\" class=\"gap-element clearfix\" style=\"display:block; height:auto;\">\n\t\t\n<style>\n#gap-857500579 {\n  padding-top: 30px;\n}\n<\/style>\n\t<\/div>\n\t\n\n\t<div id=\"text-397579372\" class=\"text\">\n\t\t\n\n<p>Ta strona nie jest cz\u0119\u015bci\u0105 witryny Facebook ani Facebook Inc. Ponadto ta strona NIE jest w \u017caden spos\u00f3b wspierana przez Facebook. FACEBOOK jest znakiem towarowym FACEBOOK, Inc.<\/p>\n<p><a href=\"https:\/\/redditforcreators.com\/pl\/polityka-prywatnosci\/\">Polityka prywatno\u015bci<\/a><\/p>\n<p>\u00a9 2024 Perfect Pose LTD. Wszelkie prawa zastrze\u017cone | Polityka prywatno\u015bci | Warunki i postanowienia<\/p>\n\t\t\n<style>\n#text-397579372 {\n  font-size: 0.75rem;\n  line-height: 0.9;\n  text-align: center;\n}\n<\/style>\n\t<\/div>\n\t\n\t<div id=\"gap-777462653\" class=\"gap-element clearfix\" style=\"display:block; height:auto;\">\n\t\t\n<style>\n#gap-777462653 {\n  padding-top: 153px;\n}\n<\/style>\n\t<\/div>\n\t\n\n\n\t\t<\/div>\n\n\t\t\n<style>\n#section_606231897 {\n  padding-top: 30px;\n  padding-bottom: 30px;\n}\n@media (min-width:550px) {\n  #section_606231897 {\n    padding-top: 30px;\n    padding-bottom: 30px;\n  }\n}\n<\/style>\n\t<\/section>\n\t\n\n\t<section class=\"section fixed-bottom-section show-for-small\" id=\"section_1442294787\">\n\t\t<div class=\"section-bg fill\" >\n\t\t\t\t\t\t\t\t\t\n\t\t\t\n\t<div class=\"is-border\"\n\t\tstyle=\"border-width:0px 0px 0px 0px;\">\n\t<\/div>\n\n\t\t<\/div>\n\n\t\t\n\n\t\t<div class=\"section-content relative\">\n\t\t\t\n\n<div class=\"row row-collapse align-center\"  id=\"row-428729100\">\n\n\n\t<div id=\"col-390766666\" class=\"col small-12 large-12\"  >\n\t\t\t\t<div class=\"col-inner text-center\"  >\n\t\t\t\n\t\t\t\n\n<a href=\"https:\/\/cal.com\/broadhollow\/reddit-for-creators\" class=\"button primary instagram-button\" target=\"_blank\" rel=\"noopener\">\n\t<i class=\"icon-phone\" aria-hidden=\"true\"><\/i>\t<span>Zarezerwuj po\u0142\u0105czenie<\/span>\n\t<\/a>\n\n\n<a href=\"http:\/\/m.me\/61572140380741\" class=\"button primary messenger-button hidden\">\n\t<i class=\"icon-facebook\" aria-hidden=\"true\"><\/i>\t<span>Messenger<\/span>\n\t<\/a>\n\n\n<a href=\"https:\/\/wa.me\/4915510086467\" class=\"button primary telegram-button hidden\" target=\"_blank\" rel=\"noopener\">\n\t<i class=\"icon-telegram\" aria-hidden=\"true\"><\/i>\t<span>Telegram<\/span>\n\t<\/a>\n\n\n\n\t\t<\/div>\n\t\t\t\t\t<\/div>\n\n\t\n\n\n<style>\n#row-428729100 > .col > .col-inner {\n  padding: 0px 0px 0px 0px;\n}\n<\/style>\n<\/div>\n\n\t\t<\/div>\n\n\t\t\n<style>\n#section_1442294787 {\n  padding-top: 0px;\n  padding-bottom: 0px;\n  background-color: rgb(242, 246, 247);\n}\n@media (min-width:550px) {\n  #section_1442294787 {\n    padding-top: 30px;\n    padding-bottom: 30px;\n  }\n}\n<\/style>\n\t<\/section>\n\t\n\n\n<style>\n\n.fixed-bottom-section {\n  position: fixed;  \/* Fix the section to the bottom *\/\n  bottom: 0;        \/* Stick to the bottom of the page *\/\n  left: 0;          \/* Align to the left *\/\n  width: 100%;      \/* Make it full width *\/\n  padding: 15px;\n  box-shadow: 0 -2px 5px rgba(0, 0, 0, 0.2);\n  z-index: 9999;    \/* High z-index to make sure it's above other elements *\/\n}\n\n.instagram-button, .messenger-button {\n  pointer-events: auto; \/* Ensure buttons are clickable *\/\n  z-index: 10000;       \/* Make sure buttons are clickable above any overlays *\/\n}\n\n.content-wrapper {\n  padding-bottom: 120px; \/* Ensure content above doesn't overlap the fixed section *\/\n}\n\n\n.dropshadow {\n    box-shadow: 5px 5px 15px rgba(0,0,0,0.5);\n}\n\n\/* Base styles for mobile (default) *\/\n.whatsapp-button,\n.telegram-button,\n.messenger-button,\n.instagram-button {\n  background-color: #25d366; \/* WhatsApp color *\/\n  margin: 7px;\n  color: white;\n  border-radius: 5px;\n  padding: 10px 20px;\n  text-align: center;\n  display: inline-block;\n  box-sizing: border-box; \/* Ensures padding and borders are included in width *\/\n}\n\n\/* Different colors for each button *\/\n.telegram-button {\n  background-color: #0088cc; \/* Telegram color *\/\n}\n\n.messenger-button {\n  background-color: #0084ff; \/* Messenger color *\/\n}\n\n.instagram-button {\n  background-color: #e4405f; \/* Instagram color *\/\n  font-weight: bold; \/* Bold text for emphasis *\/\n  font-family: Arial, sans-serif; \/* Simple, modern font *\/\n  box-shadow: 0 4px 6px rgba(0, 0, 0, 0.1); \/* Subtle shadow for a lifted effect *\/\n  transition: background-color 0.3s ease; \/* Smooth hover effect *\/\n}\n\n.instagram-button:hover {\n  background-color: #d2365c; \/* Slightly darker shade on hover *\/\n}\n\n\/* Styles for mobile *\/\n@media (max-width: 768px) {\n  .whatsapp-button,\n  .telegram-button,\n  .messenger-button,\n  .instagram-button {\n    width: 100%; \/* Full width on mobile *\/\n    max-width: 300px; \/* Limit max width on mobile *\/\n    margin-left: auto;\n    margin-right: auto;\n  }\n}\n\n\/* Make buttons the same width on desktop *\/\n@media (min-width: 768px) {\n  .whatsapp-button,\n  .telegram-button,\n  .messenger-button,\n  .instagram-button {\n    margin: 7px 20px; \/* Desktop spacing *\/\n    width: 250px; \/* Set the same width for all buttons on desktop *\/\n  }\n}\n\nh1 {\n  text-shadow: 2px 2px 4px rgba(0, 0, 0, 0.5); \/* X-offset, Y-offset, blur-radius, color *\/\n}\n<\/style>\n\n\n\t<div id=\"text-2951444856\" class=\"text hidden\">\n\t\t\n\n<p>Kliknij, aby porozmawia\u0107 \u2014 bez presji, po prostu odpowiadaj.<\/p>\n\t\t\n<style>\n#text-2951444856 {\n  color: rgb(209, 218, 225);\n}\n#text-2951444856 > * {\n  color: rgb(209, 218, 225);\n}\n<\/style>\n\t<\/div>\n\t\n<a href=\"https:\/\/wa.me\/4915510086467\" class=\"button primary whatsapp-button hidden\" target=\"_blank\" rel=\"noopener\">\n\t<i class=\"icon-whatsapp\" aria-hidden=\"true\"><\/i>\t<span>What's App<\/span>\n\t<\/a>","protected":false},"excerpt":{"rendered":"","protected":false},"author":1,"featured_media":580,"parent":0,"menu_order":0,"comment_status":"closed","ping_status":"closed","template":"page-blank.php","meta":{"_monsterinsights_skip_tracking":false,"_monsterinsights_sitenote_active":false,"_monsterinsights_sitenote_note":"","_monsterinsights_sitenote_category":0,"footnotes":""},"class_list":["post-2","page","type-page","status-publish","has-post-thumbnail","hentry"],"_links":{"self":[{"href":"https:\/\/redditforcreators.com\/pl\/wp-json\/wp\/v2\/pages\/2","targetHints":{"allow":["GET"]}}],"collection":[{"href":"https:\/\/redditforcreators.com\/pl\/wp-json\/wp\/v2\/pages"}],"about":[{"href":"https:\/\/redditforcreators.com\/pl\/wp-json\/wp\/v2\/types\/page"}],"author":[{"embeddable":true,"href":"https:\/\/redditforcreators.com\/pl\/wp-json\/wp\/v2\/users\/1"}],"replies":[{"embeddable":true,"href":"https:\/\/redditforcreators.com\/pl\/wp-json\/wp\/v2\/comments?post=2"}],"version-history":[{"count":156,"href":"https:\/\/redditforcreators.com\/pl\/wp-json\/wp\/v2\/pages\/2\/revisions"}],"predecessor-version":[{"id":598,"href":"https:\/\/redditforcreators.com\/pl\/wp-json\/wp\/v2\/pages\/2\/revisions\/598"}],"wp:featuredmedia":[{"embeddable":true,"href":"https:\/\/redditforcreators.com\/pl\/wp-json\/wp\/v2\/media\/580"}],"wp:attachment":[{"href":"https:\/\/redditforcreators.com\/pl\/wp-json\/wp\/v2\/media?parent=2"}],"curies":[{"name":"wp","href":"https:\/\/api.w.org\/{rel}","templated":true}]}}