{"id":3,"date":"2024-09-10T08:22:46","date_gmt":"2024-09-10T08:22:46","guid":{"rendered":"https:\/\/redditforcreators.com\/?page_id=3"},"modified":"2024-10-03T14:33:16","modified_gmt":"2024-10-03T14:33:16","slug":"privacy-policy","status":"publish","type":"page","link":"https:\/\/redditforcreators.com\/pl\/polityka-prywatnosci\/","title":{"rendered":"Polityka prywatno\u015bci"},"content":{"rendered":"<p><strong>Kim jeste\u015bmy<\/strong><\/p>\n\n\n\n<p>Adres naszej strony internetowej to: <a href=\"https:\/\/redditforcreators.com\/pl\/\">https:\/\/redditforcreators.com<\/a>.<\/p>\n\n\n\n<p><strong>Reklamy wiod\u0105ce w Meta<\/strong><\/p>\n\n\n\n<p>U\u017cywamy funkcji Lead Ads Meta do zbierania informacji, takich jak adresy e-mail i inne dane u\u017cytkownika, gdy zdecydujesz si\u0119 je poda\u0107 za po\u015brednictwem naszych reklam. Podaj\u0105c swoje dane za po\u015brednictwem reklamy Lead Ad, wyra\u017casz zgod\u0119 na warunki okre\u015blone poni\u017cej:<\/p>\n\n\n\n<ol class=\"wp-block-list\">\n<li><strong>Wykorzystanie danych reklam wiod\u0105cych<\/strong>: Zbieramy i przechowujemy informacje, kt\u00f3re podajesz za po\u015brednictwem Meta's Lead Ads, w tym Tw\u00f3j adres e-mail i wszelkie inne dane, kt\u00f3re zdecydujesz si\u0119 przes\u0142a\u0107. Dane te b\u0119d\u0105 wykorzystywane zgodnie z niniejsz\u0105 polityk\u0105 prywatno\u015bci, polityk\u0105 platformy Meta (<a href=\"https:\/\/developers.facebook.com\/policy\/\" target=\"_blank\" rel=\"noopener\">https:\/\/developers.facebook.com\/policy\/<\/a>), Zasady reklamowe Meta (<a href=\"https:\/\/www.facebook.com\/policies\/ads\" target=\"_blank\" rel=\"noopener\">https:\/\/www.facebook.com\/policies\/ads<\/a>) oraz wszelkimi obowi\u0105zuj\u0105cymi przepisami prawa i regulacjami. Dane nie b\u0119d\u0105 rozszerzane, \u0142\u0105czone ani uzupe\u0142niane danymi pochodz\u0105cymi od innych reklamodawc\u00f3w lub \u017ar\u00f3de\u0142.<\/li>\n\n\n\n<li><strong>Cel<\/strong>: U\u017cywamy informacji zebranych za po\u015brednictwem Lead Ads w celu dostarczania odpowiednich komunikat\u00f3w i ofert w oparciu o podane przez Ciebie informacje. Twoje dane b\u0119d\u0105 wykorzystywane wy\u0142\u0105cznie w celu, w jakim zosta\u0142y zebrane, i nie b\u0119dziemy ich sprzedawa\u0107 ani przekazywa\u0107, chyba \u017ce b\u0119dzie to konieczne do realizacji tego celu.<\/li>\n\n\n\n<li><strong>Dost\u0119p os\u00f3b trzecich<\/strong>: Je\u015bli udost\u0119pniamy Twoje dane partnerom zewn\u0119trznym w celu realizacji cel\u00f3w, dla kt\u00f3rych dane zosta\u0142y zebrane, zapewniamy, \u017ce te strony trzecie przestrzegaj\u0105 obowi\u0105zuj\u0105cych przepis\u00f3w prawa, w tym przepis\u00f3w dotycz\u0105cych ochrony danych i prywatno\u015bci. Nie ponosimy jednak odpowiedzialno\u015bci za ich zgodno\u015b\u0107, a Ty udost\u0119pniasz im swoje dane na w\u0142asne ryzyko.<\/li>\n\n\n\n<li><strong>Ochrona danych<\/strong>: Wdro\u017cyli\u015bmy odpowiednie \u015brodki techniczne i organizacyjne w celu ochrony Twoich danych przed nieuprawnionym dost\u0119pem, utrat\u0105 lub uszkodzeniem. Wszelkie przetwarzanie danych Lead Ad Data odbywa si\u0119 zgodnie z odpowiednimi przepisami prawa i wytycznymi Meta.<\/li>\n\n\n\n<li><strong>Modyfikacje<\/strong>: Meta mo\u017ce zmieni\u0107 lub zaprzesta\u0107 udost\u0119pniania Lead Ads w dowolnym momencie, a my mo\u017cemy zaktualizowa\u0107 niniejsze zasady, aby odzwierciedli\u0107 te zmiany.<\/li>\n<\/ol>\n\n\n\n<p><strong>Meta Pixel<\/strong><\/p>\n\n\n\n<p>U\u017cywamy Meta Pixel na naszej stronie internetowej do \u015bledzenia interakcji u\u017cytkownik\u00f3w z nasz\u0105 witryn\u0105. Meta Pixel pozwala nam mierzy\u0107 skuteczno\u015b\u0107 naszych reklam poprzez zrozumienie, w jaki spos\u00f3b odwiedzaj\u0105cy wchodz\u0105 w interakcj\u0119 z nasz\u0105 witryn\u0105 i naszymi reklamami. Dane gromadzone przez Meta Pixel obejmuj\u0105:<\/p>\n\n\n\n<ul class=\"wp-block-list\">\n<li>Informacje o Twojej wizycie w naszej witrynie, w tym przegl\u0105dane strony, podj\u0119te dzia\u0142ania (np. zakupy lub wype\u0142nianie formularzy) oraz Tw\u00f3j adres IP.<\/li>\n\n\n\n<li>Dane gromadzone za po\u015brednictwem Meta Pixel s\u0105 przetwarzane zgodnie z zasadami Meta <a href=\"https:\/\/www.facebook.com\/policy.php\" target=\"_blank\" rel=\"noopener\">Polityka dotycz\u0105ca danych<\/a>.<\/li>\n<\/ul>\n\n\n\n<p>Dane te s\u0105 wykorzystywane do poprawy trafno\u015bci naszych reklam na platformach Meta. Mo\u017cesz zarz\u0105dza\u0107 swoimi ustawieniami prywatno\u015bci za po\u015brednictwem konta Meta lub odwiedzaj\u0105c stron\u0119 <a href=\"https:\/\/www.facebook.com\/about\/privacy\/\" target=\"_blank\" rel=\"noopener\">Opcje prywatno\u015bci Meta<\/a>.<\/p>\n\n\n\n<p><strong>Google Analytics<\/strong><\/p>\n\n\n\n<p>U\u017cywamy Google Analytics do zbierania informacji o tym, jak odwiedzaj\u0105cy korzystaj\u0105 z naszej witryny. Google Analytics zbiera dane takie jak:<\/p>\n\n\n\n<ul class=\"wp-block-list\">\n<li>Odwiedzane strony i czas pozostawania na ka\u017cdej z nich.<\/li>\n\n\n\n<li>Urz\u0105dzenie i przegl\u0105darka, z kt\u00f3rych korzystasz w celu uzyskania dost\u0119pu do witryny.<\/li>\n\n\n\n<li>Twoja lokalizacja geograficzna i adres IP.<\/li>\n<\/ul>\n\n\n\n<p>Dane te pomagaj\u0105 nam analizowa\u0107 ruch w witrynie, ulepsza\u0107 nasz\u0105 witryn\u0119 i rozumie\u0107 zachowanie u\u017cytkownik\u00f3w. Google Analytics wykorzystuje pliki cookie do gromadzenia tych danych. Mo\u017cesz dowiedzie\u0107 si\u0119 wi\u0119cej o tym, jak Google przetwarza Twoje dane, odwiedzaj\u0105c stron\u0119 <a>Polityka prywatno\u015bci Google<\/a>.<\/p>\n\n\n\n<p>Aby zrezygnowa\u0107 ze \u015bledzenia przez Google Analytics, mo\u017cesz u\u017cy\u0107 opcji <a>Dodatek do przegl\u0105darki blokuj\u0105cy Google Analytics<\/a>.<\/p>\n\n\n\n<p><strong>Ciasteczka<\/strong><\/p>\n\n\n\n<p>U\u017cywamy plik\u00f3w cookie, aby poprawi\u0107 Twoje wra\u017cenia z korzystania z naszej witryny i do cel\u00f3w analitycznych. Obejmuj\u0105 one:<\/p>\n\n\n\n<ul class=\"wp-block-list\">\n<li><strong>Niezb\u0119dne pliki cookie<\/strong>: Te pliki cookie s\u0105 niezb\u0119dne do prawid\u0142owego funkcjonowania witryny i nie mo\u017cna ich wy\u0142\u0105czy\u0107 w naszych systemach.<\/li>\n\n\n\n<li><strong>Wydajno\u015bciowe i analityczne pliki cookie<\/strong>: Te pliki cookie umo\u017cliwiaj\u0105 nam zliczanie odwiedzin i \u017ar\u00f3de\u0142 ruchu, dzi\u0119ki czemu mo\u017cemy mierzy\u0107 i poprawia\u0107 wydajno\u015b\u0107 naszej witryny.<\/li>\n\n\n\n<li><strong>Reklamowe pliki cookie<\/strong>: Meta Pixel i inne pliki cookie stron trzecich mog\u0105 by\u0107 wykorzystywane do dostarczania spersonalizowanych reklam opartych na Twoich interakcjach z nasz\u0105 witryn\u0105.<\/li>\n<\/ul>\n\n\n\n<p>Mo\u017cesz zarz\u0105dza\u0107 preferencjami dotycz\u0105cymi plik\u00f3w cookie, dostosowuj\u0105c ustawienia przegl\u0105darki. Pami\u0119taj, \u017ce wy\u0142\u0105czenie plik\u00f3w cookie mo\u017ce wp\u0142yn\u0105\u0107 na funkcjonalno\u015b\u0107 witryny.<\/p>\n\n\n\n<p><strong>Osadzona zawarto\u015b\u0107 z innych stron internetowych<\/strong><\/p>\n\n\n\n<p>Nasze artyku\u0142y mog\u0105 zawiera\u0107 osadzone tre\u015bci (takie jak filmy lub obrazy). Osadzone tre\u015bci z innych witryn internetowych zachowuj\u0105 si\u0119 w taki sam spos\u00f3b, jak gdyby\u015b odwiedza\u0142 inn\u0105 witryn\u0119 bezpo\u015brednio. Te zewn\u0119trzne strony internetowe mog\u0105 zbiera\u0107 dane o Tobie, u\u017cywa\u0107 plik\u00f3w cookie i monitorowa\u0107 Twoj\u0105 interakcj\u0119 z osadzonymi tre\u015bciami.<\/p>\n\n\n\n<p><strong>Komu udost\u0119pniamy Twoje dane<\/strong><\/p>\n\n\n\n<p>Je\u015bli poprosisz o zresetowanie has\u0142a, Tw\u00f3j adres IP zostanie uwzgl\u0119dniony w wiadomo\u015bci e-mail z pro\u015bb\u0105 o zresetowanie has\u0142a. Dane gromadzone za po\u015brednictwem Meta Pixel i Google Analytics s\u0105 przetwarzane zgodnie z odpowiednimi politykami Meta i Google.<\/p>\n\n\n\n<p><strong>Jak d\u0142ugo przechowujemy Twoje dane<\/strong><\/p>\n\n\n\n<p>Je\u015bli zostawisz komentarz, zachowamy go i jego metadane na czas nieokre\u015blony. W przypadku u\u017cytkownik\u00f3w, kt\u00f3rzy zarejestruj\u0105 si\u0119 na naszej stronie internetowej, przechowujemy ich dane osobowe w ich profilach u\u017cytkownika przez czas nieokre\u015blony, ale u\u017cytkownicy mog\u0105 przegl\u0105da\u0107, edytowa\u0107 lub usuwa\u0107 swoje dane osobowe w dowolnym momencie.<\/p>\n\n\n\n<p><strong>Jakie masz prawa do swoich danych<\/strong><\/p>\n\n\n\n<p>Je\u015bli zostawi\u0142e\u015b komentarz lub poda\u0142e\u015b dane za po\u015brednictwem Lead Ads, Meta Pixel lub Google Analytics, mo\u017cesz poprosi\u0107 o otrzymanie wyeksportowanego pliku danych osobowych, kt\u00f3re posiadamy na Tw\u00f3j temat, w tym wszelkich podanych przez Ciebie danych. Mo\u017cesz r\u00f3wnie\u017c poprosi\u0107 o usuni\u0119cie wszelkich danych osobowych, kt\u00f3re przechowujemy na Tw\u00f3j temat, z wyj\u0105tkiem danych, kt\u00f3re musimy zachowa\u0107 do cel\u00f3w prawnych lub administracyjnych.<\/p>\n\n\n\n<p><strong>Gdzie wysy\u0142ane s\u0105 Twoje dane<\/strong><\/p>\n\n\n\n<p>Komentarze odwiedzaj\u0105cych mog\u0105 by\u0107 sprawdzane za pomoc\u0105 automatycznej us\u0142ugi wykrywania spamu. Dane gromadzone za po\u015brednictwem Meta Pixel i Google Analytics mog\u0105 by\u0107 przetwarzane poza Twoim krajem zamieszkania i podlegaj\u0105 polityce prywatno\u015bci Meta i Google.<\/p>\n\n\n\n<p><strong>Informacje kontaktowe<\/strong><\/p>\n\n\n\n<p>Je\u015bli masz jakiekolwiek w\u0105tpliwo\u015bci dotycz\u0105ce niniejszej polityki prywatno\u015bci, skontaktuj si\u0119 z nami pod adresem:<\/p>\n\n\n\n<p><strong>Perfect Pose LTD<\/strong><br>8 Derwent Drive<br>Doncaster<br>DN4 5PB<br>Email: <a>perfectpose.uk@gmail.com<\/a><\/p>","protected":false},"excerpt":{"rendered":"<p>Kim jeste\u015bmy Adres naszej strony internetowej: https:\/\/redditforcreators.com. Lead Ads na Meta U\u017cywamy funkcji Lead Ads Meta do zbierania informacji, takich jak adresy e-mail i inne dane u\u017cytkownika, gdy zdecydujesz si\u0119 je poda\u0107 za po\u015brednictwem naszych reklam. Podaj\u0105c swoje dane za po\u015brednictwem reklamy Lead Ad, zgadzasz si\u0119 na warunki okre\u015blone poni\u017cej: Meta Pixel [...]","protected":false},"author":1,"featured_media":0,"parent":0,"menu_order":0,"comment_status":"closed","ping_status":"open","template":"","meta":{"_monsterinsights_skip_tracking":false,"_monsterinsights_sitenote_active":false,"_monsterinsights_sitenote_note":"","_monsterinsights_sitenote_category":0,"footnotes":""},"class_list":["post-3","page","type-page","status-publish","hentry"],"_links":{"self":[{"href":"https:\/\/redditforcreators.com\/pl\/wp-json\/wp\/v2\/pages\/3","targetHints":{"allow":["GET"]}}],"collection":[{"href":"https:\/\/redditforcreators.com\/pl\/wp-json\/wp\/v2\/pages"}],"about":[{"href":"https:\/\/redditforcreators.com\/pl\/wp-json\/wp\/v2\/types\/page"}],"author":[{"embeddable":true,"href":"https:\/\/redditforcreators.com\/pl\/wp-json\/wp\/v2\/users\/1"}],"replies":[{"embeddable":true,"href":"https:\/\/redditforcreators.com\/pl\/wp-json\/wp\/v2\/comments?post=3"}],"version-history":[{"count":2,"href":"https:\/\/redditforcreators.com\/pl\/wp-json\/wp\/v2\/pages\/3\/revisions"}],"predecessor-version":[{"id":160,"href":"https:\/\/redditforcreators.com\/pl\/wp-json\/wp\/v2\/pages\/3\/revisions\/160"}],"wp:attachment":[{"href":"https:\/\/redditforcreators.com\/pl\/wp-json\/wp\/v2\/media?parent=3"}],"curies":[{"name":"wp","href":"https:\/\/api.w.org\/{rel}","templated":true}]}}