{"id":2,"date":"2024-09-10T08:22:46","date_gmt":"2024-09-10T08:22:46","guid":{"rendered":"https:\/\/redditforcreators.com\/?page_id=2"},"modified":"2025-12-13T15:21:35","modified_gmt":"2025-12-13T15:21:35","slug":"home","status":"publish","type":"page","link":"https:\/\/redditforcreators.com\/pt\/","title":{"rendered":"In\u00edcio"},"content":{"rendered":"<section class=\"section\" id=\"section_1342567639\">\n\t\t<div class=\"section-bg fill\" >\n\t\t\t\t\t\t\t\t\t\n\t\t\t\n\n\t\t<\/div>\n\n\t\t\n\n\t\t<div class=\"section-content relative\">\n\t\t\t\n\n<div class=\"row row-collapse align-center\"  id=\"row-1450806422\">\n\n\n\t<div id=\"col-675286009\" class=\"col small-11 large-12\"  >\n\t\t\t\t<div class=\"col-inner text-center\"  >\n\t\t\t\n\t\t\t\n\n\t<div id=\"text-1656969900\" class=\"text\">\n\t\t\n\n<h1>Obtenha mais f\u00e3s de OnlyFans. Sem custo inicial.<\/h1>\n\t\t\n<style>\n#text-1656969900 {\n  font-size: 1.3rem;\n  line-height: 0.75;\n  color: rgb(255,255,255);\n}\n#text-1656969900 > * {\n  color: rgb(255,255,255);\n}\n@media (min-width:550px) {\n  #text-1656969900 {\n    font-size: 1.8rem;\n  }\n}\n<\/style>\n\t<\/div>\n\t\n\n\t\t<\/div>\n\t\t\t\t\t<\/div>\n\n\t\n\n\t<div id=\"col-1722468828\" class=\"col medium-8 small-12 large-8\"  >\n\t\t\t\t<div class=\"col-inner\"  >\n\t\t\t\n\t\t\t\n\n\t<div id=\"text-2543327614\" class=\"text\">\n\t\t\n\n<p>Ao contr\u00e1rio de outros servi\u00e7os que cobram adiantado, n\u00f3s colocamos o nosso dinheiro onde a nossa boca est\u00e1 - voc\u00ea s\u00f3 paga quando n\u00f3s entregamos resultados.<\/p>\n\t\t\n<style>\n#text-2543327614 {\n  font-size: 1rem;\n  line-height: 1.45;\n  text-align: left;\n  color: rgb(255,255,255);\n}\n#text-2543327614 > * {\n  color: rgb(255,255,255);\n}\n@media (min-width:550px) {\n  #text-2543327614 {\n    font-size: 1.55rem;\n  }\n}\n<\/style>\n\t<\/div>\n\t\n\n\t\t<\/div>\n\t\t\t\t\n<style>\n#col-1722468828 > .col-inner {\n  padding: 0px 16px 0px 16px;\n}\n<\/style>\n\t<\/div>\n\n\t\n\n<\/div>\n<div class=\"row row-collapse align-center\"  id=\"row-1906692632\">\n\n\n\t<div id=\"col-683871266\" class=\"col hide-for-small small-11 large-12\"  >\n\t\t\t\t<div class=\"col-inner text-center\"  >\n\t\t\t\n\t\t\t\n\n<a href=\"https:\/\/cal.com\/redditforcreators\/reddit-for-creators\" class=\"button white is-shade is-large box-shadow-4 box-shadow-5-hover lowercase\" style=\"border-radius:10px;\" target=\"_blank\" rel=\"noopener\">\n\t\t<span>Marcar uma chamada<\/span>\n\t<\/a>\n\n\n<a href=\"#learn\" class=\"button white is-underline is-large box-shadow-4 box-shadow-5-hover lowercase\" style=\"border-radius:10px;\">\n\t\t<span>Saiba mais<\/span>\n\t<\/a>\n\n\n\t<div id=\"text-1126152306\" class=\"text\">\n\t\t\n\n<p>We only accept five models at a time to ensure quality and focus.<\/p>\n\t\t\n<style>\n#text-1126152306 {\n  font-size: 1rem;\n  line-height: 1.45;\n  text-align: left;\n  color: rgb(255,255,255);\n}\n#text-1126152306 > * {\n  color: rgb(255,255,255);\n}\n@media (min-width:550px) {\n  #text-1126152306 {\n    font-size: 0.9rem;\n    text-align: center;\n  }\n}\n<\/style>\n\t<\/div>\n\t\n\n\t\t<\/div>\n\t\t\t\t\t<\/div>\n\n\t\n\n<\/div>\n\n\t\t<\/div>\n\n\t\t\n<style>\n#section_1342567639 {\n  padding-top: 0px;\n  padding-bottom: 0px;\n  min-height: 422px;\n  background-color: rgb(23, 46, 53);\n}\n@media (min-width:550px) {\n  #section_1342567639 {\n    padding-top: 60px;\n    padding-bottom: 60px;\n    min-height: 603px;\n  }\n}\n<\/style>\n\t<\/section>\n\t\n\n\t<section class=\"section\" id=\"section_465284897\">\n\t\t<div class=\"section-bg fill\" >\n\t\t\t\t\t\t\t\t\t\n\t\t\t\n\n\t\t<\/div>\n\n\t\t\n\n\t\t<div class=\"section-content relative\">\n\t\t\t\n\n<div class=\"row row-collapse align-center\"  id=\"row-390101766\">\n\n\n\t<div id=\"col-1966755947\" class=\"col medium-7 small-12 large-7\"  >\n\t\t\t\t<div class=\"col-inner\"  >\n\t\t\t\n\t\t\t\n\n<span class=\"scroll-to\" data-label=\"Scroll to: #learn\" data-bullet=\"false\" data-link=\"#learn\" data-title=\"learn\"><a name=\"learn\"><\/a><\/span>\n\n\t<div id=\"text-880067412\" class=\"text\">\n\t\t\n\n<h2>Como \u00e9 que funciona?<\/h2>\n<ol>\n<li><span data-preserver-spaces=\"true\">Envia-nos <\/span><strong><span data-preserver-spaces=\"true\">conte\u00fado<\/span><\/strong><span data-preserver-spaces=\"true\"> para publicar no Reddit.<\/span><\/li>\n<li><span data-preserver-spaces=\"true\">Criamos um <\/span><strong><span data-preserver-spaces=\"true\">conta de marca no Reddit<\/span><\/strong><span data-preserver-spaces=\"true\"> para o seu modelo no Dia 1.<\/span><\/li>\n<li><span data-preserver-spaces=\"true\">O utilizador d\u00e1-nos acesso <strong>apenas para as liga\u00e7\u00f5es de acompanhamento na sec\u00e7\u00e3o Crescimento do Infloww<\/strong> para podermos monitorizar os resultados.<\/span><\/li>\n<li><span data-preserver-spaces=\"true\">Conduzimos <\/span><strong><span data-preserver-spaces=\"true\">tr\u00e1fego direcionado<\/span><\/strong><span data-preserver-spaces=\"true\"> diretamente para a sua p\u00e1gina OnlyFans.<\/span><\/li>\n<li><span data-preserver-spaces=\"true\">Trata do <\/span><strong><span data-preserver-spaces=\"true\">conversa\u00e7\u00e3o e vendas.<\/span><\/strong><\/li>\n<li><span data-preserver-spaces=\"true\">Os f\u00e3s pagam-lhe.<\/span><\/li>\n<li><span data-preserver-spaces=\"true\">Enviamos um <\/span><strong><span data-preserver-spaces=\"true\">fatura com base na comiss\u00e3o que ganh\u00e1mos.<\/span><\/strong><\/li>\n<\/ol>\n<p><!-- notionvc: 0c35d7a2-fcd4-4623-82ae-7d4d85dd7355 --><\/p>\n<p><!-- notionvc: dd1fecc1-25d9-41ee-a612-afd37cc47726 --><\/p>\n\t\t\n<style>\n#text-880067412 {\n  font-size: 1.2rem;\n}\n@media (min-width:550px) {\n  #text-880067412 {\n    font-size: 1.5rem;\n  }\n}\n<\/style>\n\t<\/div>\n\t\n\n\t\t<\/div>\n\t\t\t\t\n<style>\n#col-1966755947 > .col-inner {\n  padding: 25px 25px 0px 25px;\n}\n<\/style>\n\t<\/div>\n\n\t\n\n<\/div>\n\n\t\t<\/div>\n\n\t\t\n<style>\n#section_465284897 {\n  padding-top: 30px;\n  padding-bottom: 30px;\n}\n@media (min-width:550px) {\n  #section_465284897 {\n    padding-top: 30px;\n    padding-bottom: 30px;\n  }\n}\n<\/style>\n\t<\/section>\n\t\n\n\t<section class=\"section\" id=\"section_2040025632\">\n\t\t<div class=\"section-bg fill\" >\n\t\t\t\t\t\t\t\t\t\n\t\t\t\n\n\t\t<\/div>\n\n\t\t\n\n\t\t<div class=\"section-content relative\">\n\t\t\t\n\n<div class=\"row row-collapse align-center\"  id=\"row-1942714559\">\n\n\n\t<div id=\"col-550866802\" class=\"col medium-7 small-12 large-7\"  >\n\t\t\t\t<div class=\"col-inner\"  >\n\t\t\t\n\t\t\t\n\n\t<div id=\"text-630884237\" class=\"text\">\n\t\t\n\n<h2>Estamos a investir dinheiro em si<\/h2>\n<p class=\"\" data-start=\"142\" data-end=\"249\">\u00c9 preciso compreender - <strong data-start=\"167\" data-end=\"210\">estamos a investir o nosso pr\u00f3prio tempo e dinheiro<\/strong> para criar uma equipa em torno da sua conta.<\/p>\n<p class=\"\" data-start=\"251\" data-end=\"380\"><strong>Cobrimos todos os custos antecipadamente<\/strong> - navegador anti-dete\u00e7\u00e3o, proxies m\u00f3veis, cria\u00e7\u00e3o de contas, aquecimento de funcion\u00e1rios, testes de conte\u00fados e gest\u00e3o de publica\u00e7\u00f5es - tudo isto antes de vermos um \u00fanico d\u00f3lar.<\/p>\n<p class=\"\" data-start=\"382\" data-end=\"468\">J\u00e1 fomos queimados antes, por isso s\u00f3 estamos \u00e0 procura de <strong data-start=\"434\" data-end=\"466\">parceiros s\u00e9rios e duradouros.<\/strong><\/p>\n<p class=\"\" data-start=\"470\" data-end=\"585\">Queremos crescer consigo, <strong data-start=\"496\" data-end=\"528\">cobrir o investimento que fazemos<\/strong>e <strong data-start=\"534\" data-end=\"564\">continuar a ganhar dinheiro juntos<\/strong> a longo prazo.<\/p>\n<p><!-- notionvc: 0c35d7a2-fcd4-4623-82ae-7d4d85dd7355 --><\/p>\n<p><!-- notionvc: dd1fecc1-25d9-41ee-a612-afd37cc47726 --><\/p>\n\t\t\n<style>\n#text-630884237 {\n  font-size: 1.2rem;\n}\n@media (min-width:550px) {\n  #text-630884237 {\n    font-size: 1.5rem;\n  }\n}\n<\/style>\n\t<\/div>\n\t\n\n\t\t<\/div>\n\t\t\t\t\n<style>\n#col-550866802 > .col-inner {\n  padding: 25px 25px 0px 25px;\n}\n<\/style>\n\t<\/div>\n\n\t\n\n<\/div>\n\n\t\t<\/div>\n\n\t\t\n<style>\n#section_2040025632 {\n  padding-top: 30px;\n  padding-bottom: 30px;\n  background-color: rgb(215, 223, 226);\n}\n@media (min-width:550px) {\n  #section_2040025632 {\n    padding-top: 30px;\n    padding-bottom: 30px;\n  }\n}\n<\/style>\n\t<\/section>\n\t\n\n\t<section class=\"section\" id=\"section_151827129\">\n\t\t<div class=\"section-bg fill\" >\n\t\t\t\t\t\t\t\t\t\n\t\t\t\n\n\t\t<\/div>\n\n\t\t\n\n\t\t<div class=\"section-content relative\">\n\t\t\t\n\n<div class=\"row row-collapse align-center\"  id=\"row-1763922842\">\n\n\n\t<div id=\"col-546054703\" class=\"col medium-7 small-12 large-7\"  >\n\t\t\t\t<div class=\"col-inner\"  >\n\t\t\t\n\t\t\t\n\n<span class=\"scroll-to\" data-label=\"Scroll to: #learn\" data-bullet=\"false\" data-link=\"#learn\" data-title=\"learn\"><a name=\"learn\"><\/a><\/span>\n\n\t<div id=\"text-139483616\" class=\"text\">\n\t\t\n\n<p class=\"\" data-start=\"470\" data-end=\"585\">\u00a0<\/p>\n<h2>Tem mais perguntas?<\/h2>\n<h3><strong>Porque n\u00e3o cobram \u00e0 cabe\u00e7a?<\/strong><\/h3>\n<p>Porque o Reddit \u00e9 altamente competitivo. Em vez de fazermos promessas falsas, deixamos <strong>os resultados falam por si.<\/strong> Se o tr\u00e1fego n\u00e3o for convertido, n\u00e3o paga.<strong>risco zero para si.<\/strong><\/p>\n<h3><strong>Com quantos modelos trabalha?<\/strong><\/h3>\n<p>S\u00f3 aceitamos <strong>5 modelos por m\u00eas<\/strong> para <strong>garantir resultados de alta qualidade.<\/strong><\/p>\n<h3><strong>Trabalha com p\u00e1ginas OnlyFans gratuitas ou pagas?<\/strong><\/h3>\n<p>Trabalhamos principalmente com <strong>p\u00e1ginas gratuitas<\/strong>pois convertem melhor com a nossa estrat\u00e9gia Reddit.<\/p>\n<h3><strong>Porque \u00e9 que n\u00e3o t\u00eam os vossos pr\u00f3prios modelos?<\/strong><\/h3>\n<p>Somos especializados em <strong>apenas uma coisa - obter tr\u00e1fego do Reddit.<\/strong> Para gerir uma ag\u00eancia OF \u00e9 necess\u00e1rio gerir <strong>conte\u00fados, chatters, pre\u00e7os, estrat\u00e9gia e muito mais<\/strong>-nos concentramos em <strong>o que fazemos melhor<\/strong> para que se possa concentrar na rentabiliza\u00e7\u00e3o.<\/p>\n<h3><strong>Como \u00e9 que lhe pagam?<\/strong><\/h3>\n<p><strong data-start=\"50\" data-end=\"117\">Recebemos uma parte 25% dos ganhos dos f\u00e3s que lhe apresentamos. <\/strong>Por exemplo, se um dos nossos f\u00e3s gastar $1.000 no vosso conte\u00fado (subscri\u00e7\u00f5es, dicas, PPV, conte\u00fado personalizado, etc.), n\u00f3s ganhamos $250.<\/p>\n<h3><strong>Como \u00e9 que se v\u00ea de onde vem o f\u00e3 e quanto \u00e9 que ele gasta?<\/strong><\/h3>\n<p>Isto s\u00f3 \u00e9 poss\u00edvel se j\u00e1 estiver a utilizar um servi\u00e7o como o <strong>Infloww<\/strong>. Com <strong>Liga\u00e7\u00f5es de rastreio do Infloww<\/strong>, \u00e9 poss\u00edvel controlar:<\/p>\n<ul>\n<li><strong>De onde vem o ventilador<\/strong> (por exemplo, Reddit, TikTok, Twitter, etc.)<\/li>\n<li><strong>Quanto gastam<\/strong>incluindo subscri\u00e7\u00f5es, conte\u00fado PPV, sugest\u00f5es e muito mais.<\/li>\n<\/ul>\n<h3><strong>Pode fornecer uma \"prova de trabalho\"?<\/strong><\/h3>\n<p class=\"\" data-start=\"77\" data-end=\"232\">N\u00e3o fornecemos provas de trabalho antecipadamente porque cada conta \u00e9 diferente e <a href=\"https:\/\/www.fiverr.com\/search\/gigs?query=video%20testimonial&amp;source=drop_down_filters&amp;acmpl=1&amp;search_in=everywhere&amp;search-autocomplete-original-term=testimonial&amp;search-autocomplete-available=true&amp;search-autocomplete-type=suggest&amp;search-autocomplete-position=1&amp;ref_ctx_id=1d763d9ed2cb405694a502452014eb3f&amp;ref=presentor%3Awoman\" target=\"_blank\" rel=\"noopener\">n\u00e3o h\u00e1 uma forma real de o provar<\/a>. \u00c9 por isso que n\u00e3o cobramos nada adiantado.<\/p>\n<h3><strong>Consegue conversar?<\/strong><\/h3>\n<p>N\u00e3o. O nosso trabalho \u00e9 <strong>enviar tr\u00e1fego de qualidade<\/strong>e os seus conversadores convertem-nos em f\u00e3s pagantes.<\/p>\n<h3><strong>De quanto conte\u00fado preciso?<\/strong><\/h3>\n<p>Quanto mais, melhor! Ter um <strong>fornecimento coerente de conte\u00fados<\/strong> ajuda o tr\u00e1fego do Reddit a converter-se melhor ao longo do tempo.<\/p>\n<h3><strong>J\u00e1 est\u00e1s no Reddit?<\/strong><\/h3>\n<p>Se j\u00e1 estiver a gerir tr\u00e1fego do Reddit, o nosso servi\u00e7o poder\u00e1 n\u00e3o ser adequado. N\u00f3s <strong>funcionam melhor com ag\u00eancias que ainda n\u00e3o est\u00e3o a utilizar o Reddit<\/strong> para o podermos construir e escalar a partir do zero.<\/p>\n<h3><strong>Quantos f\u00e3s pode gerar?<\/strong><\/h3>\n<p>\u00c9 dif\u00edcil prever n\u00fameros exactos, uma vez que <strong>O tr\u00e1fego do Reddit depende de muitos factores<\/strong>-conte\u00fado, envolvimento e concorr\u00eancia no seu nicho. No entanto, n\u00f3s <strong>s\u00f3 aceitamos modelos que acreditamos poder desenvolver com \u00eaxito.<\/strong><\/p>\n<p>\u00a0<\/p>\n<p><!-- notionvc: 0c35d7a2-fcd4-4623-82ae-7d4d85dd7355 --><\/p>\n<p><!-- notionvc: dd1fecc1-25d9-41ee-a612-afd37cc47726 --><\/p>\n\t\t\n<style>\n#text-139483616 {\n  font-size: 1.2rem;\n}\n@media (min-width:550px) {\n  #text-139483616 {\n    font-size: 1.5rem;\n  }\n}\n<\/style>\n\t<\/div>\n\t\n\n\t\t<\/div>\n\t\t\t\t\n<style>\n#col-546054703 > .col-inner {\n  padding: 25px 25px 0px 25px;\n}\n<\/style>\n\t<\/div>\n\n\t\n\n<\/div>\n\t<div id=\"gap-1858873600\" class=\"gap-element clearfix\" style=\"display:block; height:auto;\">\n\t\t\n<style>\n#gap-1858873600 {\n  padding-top: 30px;\n}\n<\/style>\n\t<\/div>\n\t\n\n\t<div id=\"text-1348543449\" class=\"text\">\n\t\t\n\n<p>Este site n\u00e3o faz parte do site do Facebook ou do Facebook Inc. Para al\u00e9m disso, este site N\u00c3O \u00e9 apoiado pelo Facebook de forma alguma. FACEBOOK \u00e9 uma marca registada da FACEBOOK, Inc.<\/p>\n<p><a href=\"https:\/\/redditforcreators.com\/pt\/privacy-policy\/\">Pol\u00edtica de privacidade<\/a><\/p>\n<p>\u00a9 2024 Perfect Pose LTD. Todos os Direitos Reservados | Pol\u00edtica de Privacidade | Condi\u00e7\u00f5es &amp; Condi\u00e7\u00f5es<\/p>\n\t\t\n<style>\n#text-1348543449 {\n  font-size: 0.75rem;\n  line-height: 0.9;\n  text-align: center;\n}\n<\/style>\n\t<\/div>\n\t\n\t<div id=\"gap-596513879\" class=\"gap-element clearfix\" style=\"display:block; height:auto;\">\n\t\t\n<style>\n#gap-596513879 {\n  padding-top: 153px;\n}\n<\/style>\n\t<\/div>\n\t\n\n\n\t\t<\/div>\n\n\t\t\n<style>\n#section_151827129 {\n  padding-top: 30px;\n  padding-bottom: 30px;\n}\n@media (min-width:550px) {\n  #section_151827129 {\n    padding-top: 30px;\n    padding-bottom: 30px;\n  }\n}\n<\/style>\n\t<\/section>\n\t\n\n\t<section class=\"section fixed-bottom-section show-for-small\" id=\"section_1063913337\">\n\t\t<div class=\"section-bg fill\" >\n\t\t\t\t\t\t\t\t\t\n\t\t\t\n\t<div class=\"is-border\"\n\t\tstyle=\"border-width:0px 0px 0px 0px;\">\n\t<\/div>\n\n\t\t<\/div>\n\n\t\t\n\n\t\t<div class=\"section-content relative\">\n\t\t\t\n\n<div class=\"row row-collapse align-center\"  id=\"row-714801743\">\n\n\n\t<div id=\"col-1991789708\" class=\"col small-12 large-12\"  >\n\t\t\t\t<div class=\"col-inner text-center\"  >\n\t\t\t\n\t\t\t\n\n<a href=\"https:\/\/cal.com\/broadhollow\/reddit-for-creators\" class=\"button primary instagram-button\" target=\"_blank\" rel=\"noopener\">\n\t<i class=\"icon-phone\" aria-hidden=\"true\"><\/i>\t<span>Marcar uma chamada<\/span>\n\t<\/a>\n\n\n<a href=\"http:\/\/m.me\/61572140380741\" class=\"button primary messenger-button hidden\">\n\t<i class=\"icon-facebook\" aria-hidden=\"true\"><\/i>\t<span>Mensageiro<\/span>\n\t<\/a>\n\n\n<a href=\"https:\/\/wa.me\/4915510086467\" class=\"button primary telegram-button hidden\" target=\"_blank\" rel=\"noopener\">\n\t<i class=\"icon-telegram\" aria-hidden=\"true\"><\/i>\t<span>Telegrama<\/span>\n\t<\/a>\n\n\n\n\t\t<\/div>\n\t\t\t\t\t<\/div>\n\n\t\n\n\n<style>\n#row-714801743 > .col > .col-inner {\n  padding: 0px 0px 0px 0px;\n}\n<\/style>\n<\/div>\n\n\t\t<\/div>\n\n\t\t\n<style>\n#section_1063913337 {\n  padding-top: 0px;\n  padding-bottom: 0px;\n  background-color: rgb(242, 246, 247);\n}\n@media (min-width:550px) {\n  #section_1063913337 {\n    padding-top: 30px;\n    padding-bottom: 30px;\n  }\n}\n<\/style>\n\t<\/section>\n\t\n\n\n<style>\n\n.fixed-bottom-section {\n  position: fixed;  \/* Fix the section to the bottom *\/\n  bottom: 0;        \/* Stick to the bottom of the page *\/\n  left: 0;          \/* Align to the left *\/\n  width: 100%;      \/* Make it full width *\/\n  padding: 15px;\n  box-shadow: 0 -2px 5px rgba(0, 0, 0, 0.2);\n  z-index: 9999;    \/* High z-index to make sure it's above other elements *\/\n}\n\n.instagram-button, .messenger-button {\n  pointer-events: auto; \/* Ensure buttons are clickable *\/\n  z-index: 10000;       \/* Make sure buttons are clickable above any overlays *\/\n}\n\n.content-wrapper {\n  padding-bottom: 120px; \/* Ensure content above doesn't overlap the fixed section *\/\n}\n\n\n.dropshadow {\n    box-shadow: 5px 5px 15px rgba(0,0,0,0.5);\n}\n\n\/* Base styles for mobile (default) *\/\n.whatsapp-button,\n.telegram-button,\n.messenger-button,\n.instagram-button {\n  background-color: #25d366; \/* WhatsApp color *\/\n  margin: 7px;\n  color: white;\n  border-radius: 5px;\n  padding: 10px 20px;\n  text-align: center;\n  display: inline-block;\n  box-sizing: border-box; \/* Ensures padding and borders are included in width *\/\n}\n\n\/* Different colors for each button *\/\n.telegram-button {\n  background-color: #0088cc; \/* Telegram color *\/\n}\n\n.messenger-button {\n  background-color: #0084ff; \/* Messenger color *\/\n}\n\n.instagram-button {\n  background-color: #e4405f; \/* Instagram color *\/\n  font-weight: bold; \/* Bold text for emphasis *\/\n  font-family: Arial, sans-serif; \/* Simple, modern font *\/\n  box-shadow: 0 4px 6px rgba(0, 0, 0, 0.1); \/* Subtle shadow for a lifted effect *\/\n  transition: background-color 0.3s ease; \/* Smooth hover effect *\/\n}\n\n.instagram-button:hover {\n  background-color: #d2365c; \/* Slightly darker shade on hover *\/\n}\n\n\/* Styles for mobile *\/\n@media (max-width: 768px) {\n  .whatsapp-button,\n  .telegram-button,\n  .messenger-button,\n  .instagram-button {\n    width: 100%; \/* Full width on mobile *\/\n    max-width: 300px; \/* Limit max width on mobile *\/\n    margin-left: auto;\n    margin-right: auto;\n  }\n}\n\n\/* Make buttons the same width on desktop *\/\n@media (min-width: 768px) {\n  .whatsapp-button,\n  .telegram-button,\n  .messenger-button,\n  .instagram-button {\n    margin: 7px 20px; \/* Desktop spacing *\/\n    width: 250px; \/* Set the same width for all buttons on desktop *\/\n  }\n}\n\nh1 {\n  text-shadow: 2px 2px 4px rgba(0, 0, 0, 0.5); \/* X-offset, Y-offset, blur-radius, color *\/\n}\n<\/style>\n\n\n\t<div id=\"text-1157390881\" class=\"text hidden\">\n\t\t\n\n<p>Toque para conversar - sem press\u00e3o, apenas respostas.<\/p>\n\t\t\n<style>\n#text-1157390881 {\n  color: rgb(209, 218, 225);\n}\n#text-1157390881 > * {\n  color: rgb(209, 218, 225);\n}\n<\/style>\n\t<\/div>\n\t\n<a href=\"https:\/\/wa.me\/4915510086467\" class=\"button primary whatsapp-button hidden\" target=\"_blank\" rel=\"noopener\">\n\t<i class=\"icon-whatsapp\" aria-hidden=\"true\"><\/i>\t<span>O que \u00e9 a aplica\u00e7\u00e3o<\/span>\n\t<\/a>","protected":false},"excerpt":{"rendered":"","protected":false},"author":1,"featured_media":580,"parent":0,"menu_order":0,"comment_status":"closed","ping_status":"closed","template":"page-blank.php","meta":{"_monsterinsights_skip_tracking":false,"_monsterinsights_sitenote_active":false,"_monsterinsights_sitenote_note":"","_monsterinsights_sitenote_category":0,"footnotes":""},"class_list":["post-2","page","type-page","status-publish","has-post-thumbnail","hentry"],"_links":{"self":[{"href":"https:\/\/redditforcreators.com\/pt\/wp-json\/wp\/v2\/pages\/2","targetHints":{"allow":["GET"]}}],"collection":[{"href":"https:\/\/redditforcreators.com\/pt\/wp-json\/wp\/v2\/pages"}],"about":[{"href":"https:\/\/redditforcreators.com\/pt\/wp-json\/wp\/v2\/types\/page"}],"author":[{"embeddable":true,"href":"https:\/\/redditforcreators.com\/pt\/wp-json\/wp\/v2\/users\/1"}],"replies":[{"embeddable":true,"href":"https:\/\/redditforcreators.com\/pt\/wp-json\/wp\/v2\/comments?post=2"}],"version-history":[{"count":156,"href":"https:\/\/redditforcreators.com\/pt\/wp-json\/wp\/v2\/pages\/2\/revisions"}],"predecessor-version":[{"id":598,"href":"https:\/\/redditforcreators.com\/pt\/wp-json\/wp\/v2\/pages\/2\/revisions\/598"}],"wp:featuredmedia":[{"embeddable":true,"href":"https:\/\/redditforcreators.com\/pt\/wp-json\/wp\/v2\/media\/580"}],"wp:attachment":[{"href":"https:\/\/redditforcreators.com\/pt\/wp-json\/wp\/v2\/media?parent=2"}],"curies":[{"name":"wp","href":"https:\/\/api.w.org\/{rel}","templated":true}]}}