{"id":2,"date":"2024-09-10T08:22:46","date_gmt":"2024-09-10T08:22:46","guid":{"rendered":"https:\/\/redditforcreators.com\/?page_id=2"},"modified":"2025-12-13T15:21:35","modified_gmt":"2025-12-13T15:21:35","slug":"home","status":"publish","type":"page","link":"https:\/\/redditforcreators.com\/ro\/","title":{"rendered":"Acas\u0103"},"content":{"rendered":"<section class=\"section\" id=\"section_263131726\">\n\t\t<div class=\"section-bg fill\" >\n\t\t\t\t\t\t\t\t\t\n\t\t\t\n\n\t\t<\/div>\n\n\t\t\n\n\t\t<div class=\"section-content relative\">\n\t\t\t\n\n<div class=\"row row-collapse align-center\"  id=\"row-1115017930\">\n\n\n\t<div id=\"col-193435606\" class=\"col small-11 large-12\"  >\n\t\t\t\t<div class=\"col-inner text-center\"  >\n\t\t\t\n\t\t\t\n\n\t<div id=\"text-1249710491\" class=\"text\">\n\t\t\n\n<h1>Ob\u021bine\u021bi mai mul\u021bi fani OnlyFans. F\u0103r\u0103 costuri ini\u021biale.<\/h1>\n\t\t\n<style>\n#text-1249710491 {\n  font-size: 1.3rem;\n  line-height: 0.75;\n  color: rgb(255,255,255);\n}\n#text-1249710491 > * {\n  color: rgb(255,255,255);\n}\n@media (min-width:550px) {\n  #text-1249710491 {\n    font-size: 1.8rem;\n  }\n}\n<\/style>\n\t<\/div>\n\t\n\n\t\t<\/div>\n\t\t\t\t\t<\/div>\n\n\t\n\n\t<div id=\"col-1462012169\" class=\"col medium-8 small-12 large-8\"  >\n\t\t\t\t<div class=\"col-inner\"  >\n\t\t\t\n\t\t\t\n\n\t<div id=\"text-704694122\" class=\"text\">\n\t\t\n\n<p>Spre deosebire de alte servicii care percep taxe \u00een avans, noi ne punem banii la b\u0103taie - pl\u0103ti\u021bi doar atunci c\u00e2nd ob\u021binem rezultate.<\/p>\n\t\t\n<style>\n#text-704694122 {\n  font-size: 1rem;\n  line-height: 1.45;\n  text-align: left;\n  color: rgb(255,255,255);\n}\n#text-704694122 > * {\n  color: rgb(255,255,255);\n}\n@media (min-width:550px) {\n  #text-704694122 {\n    font-size: 1.55rem;\n  }\n}\n<\/style>\n\t<\/div>\n\t\n\n\t\t<\/div>\n\t\t\t\t\n<style>\n#col-1462012169 > .col-inner {\n  padding: 0px 16px 0px 16px;\n}\n<\/style>\n\t<\/div>\n\n\t\n\n<\/div>\n<div class=\"row row-collapse align-center\"  id=\"row-928506920\">\n\n\n\t<div id=\"col-23684751\" class=\"col hide-for-small small-11 large-12\"  >\n\t\t\t\t<div class=\"col-inner text-center\"  >\n\t\t\t\n\t\t\t\n\n<a href=\"https:\/\/cal.com\/redditforcreators\/reddit-for-creators\" class=\"button white is-shade is-large box-shadow-4 box-shadow-5-hover lowercase\" style=\"border-radius:10px;\" target=\"_blank\" rel=\"noopener\">\n\t\t<span>Rezerv\u0103 un apel<\/span>\n\t<\/a>\n\n\n<a href=\"#learn\" class=\"button white is-underline is-large box-shadow-4 box-shadow-5-hover lowercase\" style=\"border-radius:10px;\">\n\t\t<span>Afla\u021bi mai multe<\/span>\n\t<\/a>\n\n\n\t<div id=\"text-1825182923\" class=\"text\">\n\t\t\n\n<p>We only accept five models at a time to ensure quality and focus.<\/p>\n\t\t\n<style>\n#text-1825182923 {\n  font-size: 1rem;\n  line-height: 1.45;\n  text-align: left;\n  color: rgb(255,255,255);\n}\n#text-1825182923 > * {\n  color: rgb(255,255,255);\n}\n@media (min-width:550px) {\n  #text-1825182923 {\n    font-size: 0.9rem;\n    text-align: center;\n  }\n}\n<\/style>\n\t<\/div>\n\t\n\n\t\t<\/div>\n\t\t\t\t\t<\/div>\n\n\t\n\n<\/div>\n\n\t\t<\/div>\n\n\t\t\n<style>\n#section_263131726 {\n  padding-top: 0px;\n  padding-bottom: 0px;\n  min-height: 422px;\n  background-color: rgb(23, 46, 53);\n}\n@media (min-width:550px) {\n  #section_263131726 {\n    padding-top: 60px;\n    padding-bottom: 60px;\n    min-height: 603px;\n  }\n}\n<\/style>\n\t<\/section>\n\t\n\n\t<section class=\"section\" id=\"section_1760583696\">\n\t\t<div class=\"section-bg fill\" >\n\t\t\t\t\t\t\t\t\t\n\t\t\t\n\n\t\t<\/div>\n\n\t\t\n\n\t\t<div class=\"section-content relative\">\n\t\t\t\n\n<div class=\"row row-collapse align-center\"  id=\"row-1617931411\">\n\n\n\t<div id=\"col-828553750\" class=\"col medium-7 small-12 large-7\"  >\n\t\t\t\t<div class=\"col-inner\"  >\n\t\t\t\n\t\t\t\n\n<span class=\"scroll-to\" data-label=\"Scroll to: #learn\" data-bullet=\"false\" data-link=\"#learn\" data-title=\"learn\"><a name=\"learn\"><\/a><\/span>\n\n\t<div id=\"text-2480219264\" class=\"text\">\n\t\t\n\n<h2>Cum func\u021bioneaz\u0103?<\/h2>\n<ol>\n<li><span data-preserver-spaces=\"true\">Ne trimite\u021bi <\/span><strong><span data-preserver-spaces=\"true\">con\u021binut<\/span><\/strong><span data-preserver-spaces=\"true\"> pentru a posta pe Reddit.<\/span><\/li>\n<li><span data-preserver-spaces=\"true\">Noi cre\u0103m un <\/span><strong><span data-preserver-spaces=\"true\">cont Reddit de marc\u0103<\/span><\/strong><span data-preserver-spaces=\"true\"> pentru modelul dvs. \u00een ziua 1.<\/span><\/li>\n<li><span data-preserver-spaces=\"true\">Ne da\u021bi acces <strong>numai la linkurile de urm\u0103rire din sec\u021biunea Cre\u0219tere a Infloww<\/strong> astfel \u00eenc\u00e2t s\u0103 putem monitoriza rezultatele.<\/span><\/li>\n<li><span data-preserver-spaces=\"true\">Noi conducem <\/span><strong><span data-preserver-spaces=\"true\">trafic direc\u021bionat<\/span><\/strong><span data-preserver-spaces=\"true\"> direct pe pagina ta OnlyFans.<\/span><\/li>\n<li><span data-preserver-spaces=\"true\">V\u0103 ocupa\u021bi de <\/span><strong><span data-preserver-spaces=\"true\">chat \u0219i v\u00e2nz\u0103ri.<\/span><\/strong><\/li>\n<li><span data-preserver-spaces=\"true\">Fanii te pl\u0103tesc.<\/span><\/li>\n<li><span data-preserver-spaces=\"true\">Noi trimitem un <\/span><strong><span data-preserver-spaces=\"true\">factur\u0103 bazat\u0103 pe comisionul pe care l-am c\u00e2\u0219tigat.<\/span><\/strong><\/li>\n<\/ol>\n<p><!-- notionvc: 0c35d7a2-fcd4-4623-82ae-7d4d85dd7355 --><\/p>\n<p><!-- notionvc: dd1fecc1-25d9-41ee-a612-afd37cc47726 --><\/p>\n\t\t\n<style>\n#text-2480219264 {\n  font-size: 1.2rem;\n}\n@media (min-width:550px) {\n  #text-2480219264 {\n    font-size: 1.5rem;\n  }\n}\n<\/style>\n\t<\/div>\n\t\n\n\t\t<\/div>\n\t\t\t\t\n<style>\n#col-828553750 > .col-inner {\n  padding: 25px 25px 0px 25px;\n}\n<\/style>\n\t<\/div>\n\n\t\n\n<\/div>\n\n\t\t<\/div>\n\n\t\t\n<style>\n#section_1760583696 {\n  padding-top: 30px;\n  padding-bottom: 30px;\n}\n@media (min-width:550px) {\n  #section_1760583696 {\n    padding-top: 30px;\n    padding-bottom: 30px;\n  }\n}\n<\/style>\n\t<\/section>\n\t\n\n\t<section class=\"section\" id=\"section_67352900\">\n\t\t<div class=\"section-bg fill\" >\n\t\t\t\t\t\t\t\t\t\n\t\t\t\n\n\t\t<\/div>\n\n\t\t\n\n\t\t<div class=\"section-content relative\">\n\t\t\t\n\n<div class=\"row row-collapse align-center\"  id=\"row-1162025966\">\n\n\n\t<div id=\"col-1208919649\" class=\"col medium-7 small-12 large-7\"  >\n\t\t\t\t<div class=\"col-inner\"  >\n\t\t\t\n\t\t\t\n\n\t<div id=\"text-3836491598\" class=\"text\">\n\t\t\n\n<h2>Investim bani \u00een tine<\/h2>\n<p class=\"\" data-start=\"142\" data-end=\"249\">Trebuie s\u0103 \u00een\u021belege\u021bi - <strong data-start=\"167\" data-end=\"210\">punem la dispozi\u021bie timpul \u0219i banii no\u0219tri<\/strong> pentru a construi o echip\u0103 \u00een jurul contului dvs.<\/p>\n<p class=\"\" data-start=\"251\" data-end=\"380\"><strong>Noi acoperim toate costurile \u00een avans<\/strong> - browser anti-detec\u021bie, proxy-uri mobile, crearea de conturi, \u00eenc\u0103lzirea angaja\u021bilor, testarea con\u021binutului \u0219i gestionarea posturilor - toate \u00eenainte de a vedea un singur dolar.<\/p>\n<p class=\"\" data-start=\"382\" data-end=\"468\">Am mai fost ar\u0219i \u00eenainte, a\u0219a c\u0103 nu c\u0103ut\u0103m dec\u00e2t <strong data-start=\"434\" data-end=\"466\">parteneri serio\u0219i, pe termen lung.<\/strong><\/p>\n<p class=\"\" data-start=\"470\" data-end=\"585\">Vrem s\u0103 cre\u0219tem \u00eempreun\u0103 cu tine, <strong data-start=\"496\" data-end=\"528\">acoperim investi\u021bia pe care o facem<\/strong>, \u0219i <strong data-start=\"534\" data-end=\"564\">continua\u021bi s\u0103 face\u021bi bani \u00eempreun\u0103<\/strong> pe termen lung.<\/p>\n<p><!-- notionvc: 0c35d7a2-fcd4-4623-82ae-7d4d85dd7355 --><\/p>\n<p><!-- notionvc: dd1fecc1-25d9-41ee-a612-afd37cc47726 --><\/p>\n\t\t\n<style>\n#text-3836491598 {\n  font-size: 1.2rem;\n}\n@media (min-width:550px) {\n  #text-3836491598 {\n    font-size: 1.5rem;\n  }\n}\n<\/style>\n\t<\/div>\n\t\n\n\t\t<\/div>\n\t\t\t\t\n<style>\n#col-1208919649 > .col-inner {\n  padding: 25px 25px 0px 25px;\n}\n<\/style>\n\t<\/div>\n\n\t\n\n<\/div>\n\n\t\t<\/div>\n\n\t\t\n<style>\n#section_67352900 {\n  padding-top: 30px;\n  padding-bottom: 30px;\n  background-color: rgb(215, 223, 226);\n}\n@media (min-width:550px) {\n  #section_67352900 {\n    padding-top: 30px;\n    padding-bottom: 30px;\n  }\n}\n<\/style>\n\t<\/section>\n\t\n\n\t<section class=\"section\" id=\"section_915174439\">\n\t\t<div class=\"section-bg fill\" >\n\t\t\t\t\t\t\t\t\t\n\t\t\t\n\n\t\t<\/div>\n\n\t\t\n\n\t\t<div class=\"section-content relative\">\n\t\t\t\n\n<div class=\"row row-collapse align-center\"  id=\"row-1479739631\">\n\n\n\t<div id=\"col-1730305180\" class=\"col medium-7 small-12 large-7\"  >\n\t\t\t\t<div class=\"col-inner\"  >\n\t\t\t\n\t\t\t\n\n<span class=\"scroll-to\" data-label=\"Scroll to: #learn\" data-bullet=\"false\" data-link=\"#learn\" data-title=\"learn\"><a name=\"learn\"><\/a><\/span>\n\n\t<div id=\"text-806282563\" class=\"text\">\n\t\t\n\n<p class=\"\" data-start=\"470\" data-end=\"585\">\u00a0<\/p>\n<h2>Ave\u021bi mai multe \u00eentreb\u0103ri?<\/h2>\n<h3><strong>De ce nu taxa\u021bi \u00een avans?<\/strong><\/h3>\n<p>Deoarece Reddit este extrem de competitiv. \u00cen loc s\u0103 facem promisiuni false, l\u0103s\u0103m <strong>rezultatele vorbesc de la sine.<\/strong> Dac\u0103 traficul nu converte\u0219te, nu pl\u0103ti\u021bi.<strong>risc zero pentru tine.<\/strong><\/p>\n<h3><strong>Cu c\u00e2te modele lucra\u021bi?<\/strong><\/h3>\n<p>Ne ocup\u0103m doar de <strong>5 modele pe lun\u0103<\/strong> pentru <strong>asigur\u0103 rezultate de \u00eenalt\u0103 calitate.<\/strong><\/p>\n<h3><strong>Lucra\u021bi cu pagini OnlyFans gratuite sau pl\u0103tite?<\/strong><\/h3>\n<p>Lucr\u0103m \u00een principal cu <strong>pagini gratuite<\/strong>, deoarece acestea se convertesc mai bine cu strategia noastr\u0103 Reddit.<\/p>\n<h3><strong>De ce nu ave\u021bi propriile modele?<\/strong><\/h3>\n<p>Ne specializ\u0103m \u00een <strong>un singur lucru - atragerea de trafic din Reddit.<\/strong> Conducerea unei agen\u021bii OF presupune gestionarea <strong>con\u021binut, chat-uri, pre\u021buri, strategie \u0219i multe altele<\/strong>-ne concentr\u0103m pe <strong>ceea ce facem cel mai bine<\/strong> astfel \u00eenc\u00e2t s\u0103 v\u0103 pute\u021bi concentra pe monetizare.<\/p>\n<h3><strong>Cum sunte\u021bi pl\u0103tit?<\/strong><\/h3>\n<p><strong data-start=\"50\" data-end=\"117\">Noi lu\u0103m o cot\u0103 25% din c\u00e2\u0219tigurile fanilor pe care vi-i aducem. <\/strong>De exemplu, dac\u0103 unul dintre fanii no\u0219tri cheltuie\u0219te $1.000 pe con\u021binutul dvs. (abonamente, sfaturi, PPV, con\u021binut personalizat etc.), noi c\u00e2\u0219tig\u0103m $250.<\/p>\n<h3><strong>Cum vede\u021bi de unde vin fanii \u0219i c\u00e2t cheltuiesc?<\/strong><\/h3>\n<p>Acest lucru este posibil numai dac\u0103 utiliza\u021bi deja un serviciu precum <strong>Infloww<\/strong>. Cu <strong>Leg\u0103turile de urm\u0103rire ale Infloww<\/strong>, pute\u021bi monitoriza:<\/p>\n<ul>\n<li><strong>De unde provine ventilatorul<\/strong> (de exemplu, Reddit, TikTok, Twitter etc.)<\/li>\n<li><strong>C\u00e2t de mult cheltuiesc<\/strong>, inclusiv abonamente, con\u021binut PPV, sfaturi \u0219i multe altele.<\/li>\n<\/ul>\n<h3><strong>Pute\u021bi furniza o \"dovad\u0103 a activit\u0103\u021bii\"?<\/strong><\/h3>\n<p class=\"\" data-start=\"77\" data-end=\"232\">Nu oferim dovezi de lucru \u00een avans, deoarece fiecare cont este diferit \u0219i <a href=\"https:\/\/www.fiverr.com\/search\/gigs?query=video%20testimonial&amp;source=drop_down_filters&amp;acmpl=1&amp;search_in=everywhere&amp;search-autocomplete-original-term=testimonial&amp;search-autocomplete-available=true&amp;search-autocomplete-type=suggest&amp;search-autocomplete-position=1&amp;ref_ctx_id=1d763d9ed2cb405694a502452014eb3f&amp;ref=presentor%3Awoman\" target=\"_blank\" rel=\"noopener\">nu exist\u0103 nicio modalitate real\u0103 de a o dovedi<\/a>. Acesta este motivul pentru care nu percepem nimic \u00een avans.<\/p>\n<h3><strong>V\u0103 descurca\u021bi cu chat-ul?<\/strong><\/h3>\n<p>Nu. Treaba noastr\u0103 este s\u0103 <strong>trimite\u021bi trafic de calitate<\/strong>, iar chatterii dvs. \u00eei transform\u0103 \u00een fani pl\u0103titori.<\/p>\n<h3><strong>De c\u00e2t con\u021binut am nevoie?<\/strong><\/h3>\n<p>Cu c\u00e2t mai multe, cu at\u00e2t mai bine! Av\u00e2nd un <strong>furnizare consecvent\u0103 de con\u021binut<\/strong> ajut\u0103 traficul Reddit s\u0103 converteasc\u0103 mai bine \u00een timp.<\/p>\n<h3><strong>Sunte\u021bi deja pe Reddit?<\/strong><\/h3>\n<p>Dac\u0103 ave\u021bi deja trafic Reddit, este posibil ca serviciul nostru s\u0103 nu fie potrivit. Noi <strong>func\u021bioneaz\u0103 cel mai bine cu agen\u021biile care nu folosesc \u00eenc\u0103 Reddit<\/strong> astfel \u00eenc\u00e2t s\u0103 \u00eel putem construi \u0219i scala de la zero.<\/p>\n<h3><strong>C\u00e2\u021bi fani pute\u021bi genera?<\/strong><\/h3>\n<p>Este greu de prezis cifrele exacte, deoarece <strong>Traficul Reddit depinde de mul\u021bi factori<\/strong>-con\u021binut, implicare \u0219i concuren\u021b\u0103 \u00een ni\u0219a dvs. Cu toate acestea, noi <strong>prelu\u0103m doar modele pe care credem c\u0103 le putem dezvolta cu succes.<\/strong><\/p>\n<p>\u00a0<\/p>\n<p><!-- notionvc: 0c35d7a2-fcd4-4623-82ae-7d4d85dd7355 --><\/p>\n<p><!-- notionvc: dd1fecc1-25d9-41ee-a612-afd37cc47726 --><\/p>\n\t\t\n<style>\n#text-806282563 {\n  font-size: 1.2rem;\n}\n@media (min-width:550px) {\n  #text-806282563 {\n    font-size: 1.5rem;\n  }\n}\n<\/style>\n\t<\/div>\n\t\n\n\t\t<\/div>\n\t\t\t\t\n<style>\n#col-1730305180 > .col-inner {\n  padding: 25px 25px 0px 25px;\n}\n<\/style>\n\t<\/div>\n\n\t\n\n<\/div>\n\t<div id=\"gap-99366046\" class=\"gap-element clearfix\" style=\"display:block; height:auto;\">\n\t\t\n<style>\n#gap-99366046 {\n  padding-top: 30px;\n}\n<\/style>\n\t<\/div>\n\t\n\n\t<div id=\"text-2591143736\" class=\"text\">\n\t\t\n\n<p>Acest site nu face parte din site-ul Facebook sau din Facebook Inc. \u00cen plus, acest site NU este aprobat de Facebook \u00een niciun fel. FACEBOOK este o marc\u0103 comercial\u0103 a FACEBOOK, Inc.<\/p>\n<p><a href=\"https:\/\/redditforcreators.com\/ro\/politica-de-confidentialitate\/\">Politica de confiden\u021bialitate<\/a><\/p>\n<p>\u00a9 2024 Perfect Pose LTD. Toate drepturile rezervate | Politica de confiden\u021bialitate | Condi\u021bii \u0219i condi\u021bii<\/p>\n\t\t\n<style>\n#text-2591143736 {\n  font-size: 0.75rem;\n  line-height: 0.9;\n  text-align: center;\n}\n<\/style>\n\t<\/div>\n\t\n\t<div id=\"gap-537391897\" class=\"gap-element clearfix\" style=\"display:block; height:auto;\">\n\t\t\n<style>\n#gap-537391897 {\n  padding-top: 153px;\n}\n<\/style>\n\t<\/div>\n\t\n\n\n\t\t<\/div>\n\n\t\t\n<style>\n#section_915174439 {\n  padding-top: 30px;\n  padding-bottom: 30px;\n}\n@media (min-width:550px) {\n  #section_915174439 {\n    padding-top: 30px;\n    padding-bottom: 30px;\n  }\n}\n<\/style>\n\t<\/section>\n\t\n\n\t<section class=\"section fixed-bottom-section show-for-small\" id=\"section_1463305076\">\n\t\t<div class=\"section-bg fill\" >\n\t\t\t\t\t\t\t\t\t\n\t\t\t\n\t<div class=\"is-border\"\n\t\tstyle=\"border-width:0px 0px 0px 0px;\">\n\t<\/div>\n\n\t\t<\/div>\n\n\t\t\n\n\t\t<div class=\"section-content relative\">\n\t\t\t\n\n<div class=\"row row-collapse align-center\"  id=\"row-925521067\">\n\n\n\t<div id=\"col-1088649917\" class=\"col small-12 large-12\"  >\n\t\t\t\t<div class=\"col-inner text-center\"  >\n\t\t\t\n\t\t\t\n\n<a href=\"https:\/\/cal.com\/broadhollow\/reddit-for-creators\" class=\"button primary instagram-button\" target=\"_blank\" rel=\"noopener\">\n\t<i class=\"icon-phone\" aria-hidden=\"true\"><\/i>\t<span>Rezerva\u021bi un apel<\/span>\n\t<\/a>\n\n\n<a href=\"http:\/\/m.me\/61572140380741\" class=\"button primary messenger-button hidden\">\n\t<i class=\"icon-facebook\" aria-hidden=\"true\"><\/i>\t<span>Mesager<\/span>\n\t<\/a>\n\n\n<a href=\"https:\/\/wa.me\/4915510086467\" class=\"button primary telegram-button hidden\" target=\"_blank\" rel=\"noopener\">\n\t<i class=\"icon-telegram\" aria-hidden=\"true\"><\/i>\t<span>Telegrama<\/span>\n\t<\/a>\n\n\n\n\t\t<\/div>\n\t\t\t\t\t<\/div>\n\n\t\n\n\n<style>\n#row-925521067 > .col > .col-inner {\n  padding: 0px 0px 0px 0px;\n}\n<\/style>\n<\/div>\n\n\t\t<\/div>\n\n\t\t\n<style>\n#section_1463305076 {\n  padding-top: 0px;\n  padding-bottom: 0px;\n  background-color: rgb(242, 246, 247);\n}\n@media (min-width:550px) {\n  #section_1463305076 {\n    padding-top: 30px;\n    padding-bottom: 30px;\n  }\n}\n<\/style>\n\t<\/section>\n\t\n\n\n<style>\n\n.fixed-bottom-section {\n  position: fixed;  \/* Fix the section to the bottom *\/\n  bottom: 0;        \/* Stick to the bottom of the page *\/\n  left: 0;          \/* Align to the left *\/\n  width: 100%;      \/* Make it full width *\/\n  padding: 15px;\n  box-shadow: 0 -2px 5px rgba(0, 0, 0, 0.2);\n  z-index: 9999;    \/* High z-index to make sure it's above other elements *\/\n}\n\n.instagram-button, .messenger-button {\n  pointer-events: auto; \/* Ensure buttons are clickable *\/\n  z-index: 10000;       \/* Make sure buttons are clickable above any overlays *\/\n}\n\n.content-wrapper {\n  padding-bottom: 120px; \/* Ensure content above doesn't overlap the fixed section *\/\n}\n\n\n.dropshadow {\n    box-shadow: 5px 5px 15px rgba(0,0,0,0.5);\n}\n\n\/* Base styles for mobile (default) *\/\n.whatsapp-button,\n.telegram-button,\n.messenger-button,\n.instagram-button {\n  background-color: #25d366; \/* WhatsApp color *\/\n  margin: 7px;\n  color: white;\n  border-radius: 5px;\n  padding: 10px 20px;\n  text-align: center;\n  display: inline-block;\n  box-sizing: border-box; \/* Ensures padding and borders are included in width *\/\n}\n\n\/* Different colors for each button *\/\n.telegram-button {\n  background-color: #0088cc; \/* Telegram color *\/\n}\n\n.messenger-button {\n  background-color: #0084ff; \/* Messenger color *\/\n}\n\n.instagram-button {\n  background-color: #e4405f; \/* Instagram color *\/\n  font-weight: bold; \/* Bold text for emphasis *\/\n  font-family: Arial, sans-serif; \/* Simple, modern font *\/\n  box-shadow: 0 4px 6px rgba(0, 0, 0, 0.1); \/* Subtle shadow for a lifted effect *\/\n  transition: background-color 0.3s ease; \/* Smooth hover effect *\/\n}\n\n.instagram-button:hover {\n  background-color: #d2365c; \/* Slightly darker shade on hover *\/\n}\n\n\/* Styles for mobile *\/\n@media (max-width: 768px) {\n  .whatsapp-button,\n  .telegram-button,\n  .messenger-button,\n  .instagram-button {\n    width: 100%; \/* Full width on mobile *\/\n    max-width: 300px; \/* Limit max width on mobile *\/\n    margin-left: auto;\n    margin-right: auto;\n  }\n}\n\n\/* Make buttons the same width on desktop *\/\n@media (min-width: 768px) {\n  .whatsapp-button,\n  .telegram-button,\n  .messenger-button,\n  .instagram-button {\n    margin: 7px 20px; \/* Desktop spacing *\/\n    width: 250px; \/* Set the same width for all buttons on desktop *\/\n  }\n}\n\nh1 {\n  text-shadow: 2px 2px 4px rgba(0, 0, 0, 0.5); \/* X-offset, Y-offset, blur-radius, color *\/\n}\n<\/style>\n\n\n\t<div id=\"text-549368936\" class=\"text hidden\">\n\t\t\n\n<p>Atinge\u021bi pentru a discuta - f\u0103r\u0103 presiune, doar r\u0103spunsuri.<\/p>\n\t\t\n<style>\n#text-549368936 {\n  color: rgb(209, 218, 225);\n}\n#text-549368936 > * {\n  color: rgb(209, 218, 225);\n}\n<\/style>\n\t<\/div>\n\t\n<a href=\"https:\/\/wa.me\/4915510086467\" class=\"button primary whatsapp-button hidden\" target=\"_blank\" rel=\"noopener\">\n\t<i class=\"icon-whatsapp\" aria-hidden=\"true\"><\/i>\t<span>Ce este aplica\u021bia<\/span>\n\t<\/a>","protected":false},"excerpt":{"rendered":"","protected":false},"author":1,"featured_media":580,"parent":0,"menu_order":0,"comment_status":"closed","ping_status":"closed","template":"page-blank.php","meta":{"_monsterinsights_skip_tracking":false,"_monsterinsights_sitenote_active":false,"_monsterinsights_sitenote_note":"","_monsterinsights_sitenote_category":0,"footnotes":""},"class_list":["post-2","page","type-page","status-publish","has-post-thumbnail","hentry"],"_links":{"self":[{"href":"https:\/\/redditforcreators.com\/ro\/wp-json\/wp\/v2\/pages\/2","targetHints":{"allow":["GET"]}}],"collection":[{"href":"https:\/\/redditforcreators.com\/ro\/wp-json\/wp\/v2\/pages"}],"about":[{"href":"https:\/\/redditforcreators.com\/ro\/wp-json\/wp\/v2\/types\/page"}],"author":[{"embeddable":true,"href":"https:\/\/redditforcreators.com\/ro\/wp-json\/wp\/v2\/users\/1"}],"replies":[{"embeddable":true,"href":"https:\/\/redditforcreators.com\/ro\/wp-json\/wp\/v2\/comments?post=2"}],"version-history":[{"count":156,"href":"https:\/\/redditforcreators.com\/ro\/wp-json\/wp\/v2\/pages\/2\/revisions"}],"predecessor-version":[{"id":598,"href":"https:\/\/redditforcreators.com\/ro\/wp-json\/wp\/v2\/pages\/2\/revisions\/598"}],"wp:featuredmedia":[{"embeddable":true,"href":"https:\/\/redditforcreators.com\/ro\/wp-json\/wp\/v2\/media\/580"}],"wp:attachment":[{"href":"https:\/\/redditforcreators.com\/ro\/wp-json\/wp\/v2\/media?parent=2"}],"curies":[{"name":"wp","href":"https:\/\/api.w.org\/{rel}","templated":true}]}}