{"id":3,"date":"2024-09-10T08:22:46","date_gmt":"2024-09-10T08:22:46","guid":{"rendered":"https:\/\/redditforcreators.com\/?page_id=3"},"modified":"2024-10-03T14:33:16","modified_gmt":"2024-10-03T14:33:16","slug":"privacy-policy","status":"publish","type":"page","link":"https:\/\/redditforcreators.com\/ro\/politica-de-confidentialitate\/","title":{"rendered":"Politica de confiden\u021bialitate"},"content":{"rendered":"<p><strong>Cine suntem<\/strong><\/p>\n\n\n\n<p>Adresa site-ului nostru este: <a href=\"https:\/\/redditforcreators.com\/ro\/\">https:\/\/redditforcreators.com<\/a>.<\/p>\n\n\n\n<p><strong>Lead Ads pe Meta<\/strong><\/p>\n\n\n\n<p>Utiliz\u0103m func\u021bia Lead Ads a Meta pentru a colecta informa\u021bii precum adresele de e-mail \u0219i alte date ale utilizatorului atunci c\u00e2nd alege\u021bi s\u0103 le furniza\u021bi prin intermediul anun\u021burilor noastre. Prin furnizarea informa\u021biilor dvs. prin intermediul unui Lead Ad, sunte\u021bi de acord cu termenii prezenta\u021bi mai jos:<\/p>\n\n\n\n<ol class=\"wp-block-list\">\n<li><strong>Utilizarea datelor privind anun\u021burile liderilor<\/strong>: Colect\u0103m \u0219i stoc\u0103m informa\u021biile pe care le furniza\u021bi prin intermediul Lead Ads de la Meta, inclusiv adresa dvs. de e-mail \u0219i orice alte detalii pe care alege\u021bi s\u0103 le trimite\u021bi. Aceste date vor fi utilizate \u00een conformitate cu aceast\u0103 politic\u0103 de confiden\u021bialitate, cu Politica platformei Meta (<a href=\"https:\/\/developers.facebook.com\/policy\/\" target=\"_blank\" rel=\"noopener\">https:\/\/developers.facebook.com\/policy\/<\/a>), Politicile de publicitate ale Meta (<a href=\"https:\/\/www.facebook.com\/policies\/ads\" target=\"_blank\" rel=\"noopener\">https:\/\/www.facebook.com\/policies\/ads<\/a>), precum \u0219i orice legi \u0219i reglement\u0103ri aplicabile. Datele nu vor fi augmentate, amestecate sau completate cu date de la al\u021bi agen\u021bi de publicitate sau surse.<\/li>\n\n\n\n<li><strong>Scop<\/strong>: Utiliz\u0103m informa\u021biile colectate prin intermediul Lead Ads cu scopul de a furniza comunic\u0103ri \u0219i oferte relevante pe baza informa\u021biilor pe care le-a\u021bi furnizat. Datele dvs. vor fi utilizate numai \u00een scopul pentru care au fost colectate \u0219i nu vom vinde sau transfera datele dvs. dec\u00e2t dac\u0103 este necesar pentru \u00eendeplinirea acestui scop.<\/li>\n\n\n\n<li><strong>Accesul ter\u021bilor<\/strong>: Dac\u0103 \u00eemp\u0103rt\u0103\u0219im informa\u021biile dvs. cu parteneri ter\u021bi pentru a \u00eendeplini scopurile pentru care au fost colectate datele, ne asigur\u0103m c\u0103 aceste p\u0103r\u021bi ter\u021be respect\u0103 legile aplicabile, inclusiv reglement\u0103rile privind protec\u021bia datelor \u0219i confiden\u021bialitatea. Cu toate acestea, nu suntem responsabili pentru conformitatea acestora \u0219i partaja\u021bi datele dvs. cu ace\u0219tia pe propriul risc.<\/li>\n\n\n\n<li><strong>Protec\u021bia datelor<\/strong>: Am implementat m\u0103suri tehnice \u0219i organiza\u021bionale adecvate pentru a v\u0103 proteja datele \u00eempotriva accesului neautorizat, pierderii sau deterior\u0103rii. Toate prelucr\u0103rile datelor Lead Ad sunt efectuate \u00een conformitate cu legile relevante \u0219i cu orient\u0103rile Meta.<\/li>\n\n\n\n<li><strong>Modific\u0103ri<\/strong>: Meta poate modifica sau \u00eentrerupe disponibilitatea Lead Ads \u00een orice moment, iar noi putem actualiza aceast\u0103 politic\u0103 pentru a reflecta aceste modific\u0103ri.<\/li>\n<\/ol>\n\n\n\n<p><strong>Meta Pixel<\/strong><\/p>\n\n\n\n<p>Utiliz\u0103m Meta Pixel pe site-ul nostru pentru a urm\u0103ri interac\u021biunile utilizatorilor cu site-ul nostru. Meta Pixel ne permite s\u0103 m\u0103sur\u0103m eficien\u021ba publicit\u0103\u021bii noastre prin \u00een\u021belegerea modului \u00een care vizitatorii interac\u021bioneaz\u0103 cu site-ul nostru \u0219i cu reclamele noastre. Datele colectate prin Meta Pixel includ:<\/p>\n\n\n\n<ul class=\"wp-block-list\">\n<li>Informa\u021bii despre vizita dvs. pe site-ul nostru, inclusiv paginile vizualizate, ac\u021biunile \u00eentreprinse (de exemplu, achizi\u021bii sau trimiterea de formulare) \u0219i adresa dvs. IP.<\/li>\n\n\n\n<li>Datele colectate prin intermediul Meta Pixel sunt prelucrate \u00een conformitate cu <a href=\"https:\/\/www.facebook.com\/policy.php\" target=\"_blank\" rel=\"noopener\">Politica privind datele<\/a>.<\/li>\n<\/ul>\n\n\n\n<p>Aceste date sunt utilizate pentru a ne ajuta s\u0103 \u00eembun\u0103t\u0103\u021bim relevan\u021ba publicit\u0103\u021bii noastre pe platformele Meta. V\u0103 pute\u021bi gestiona set\u0103rile de confiden\u021bialitate prin intermediul contului Meta sau acces\u00e2nd <a href=\"https:\/\/www.facebook.com\/about\/privacy\/\" target=\"_blank\" rel=\"noopener\">Op\u021biunile de confiden\u021bialitate ale Meta<\/a>.<\/p>\n\n\n\n<p><strong>Google Analytics<\/strong><\/p>\n\n\n\n<p>Utiliz\u0103m Google Analytics pentru a colecta informa\u021bii despre modul \u00een care vizitatorii utilizeaz\u0103 site-ul nostru. Google Analytics colecteaz\u0103 date precum:<\/p>\n\n\n\n<ul class=\"wp-block-list\">\n<li>Paginile pe care le vizita\u021bi \u0219i c\u00e2t timp sta\u021bi pe fiecare pagin\u0103.<\/li>\n\n\n\n<li>Dispozitivul \u0219i browserul pe care le utiliza\u021bi pentru a accesa site-ul.<\/li>\n\n\n\n<li>Loca\u021bia dvs. geografic\u0103 \u0219i adresa IP.<\/li>\n<\/ul>\n\n\n\n<p>Aceste date ne ajut\u0103 s\u0103 analiz\u0103m traficul pe site, s\u0103 ne \u00eembun\u0103t\u0103\u021bim site-ul \u0219i s\u0103 \u00een\u021belegem comportamentul utilizatorilor. Google Analytics utilizeaz\u0103 module cookie pentru a colecta aceste date. Pute\u021bi afla mai multe despre modul \u00een care Google proceseaz\u0103 datele dvs. vizit\u00e2nd <a>Politica de confiden\u021bialitate a Google<\/a>.<\/p>\n\n\n\n<p>Pentru a renun\u021ba la urm\u0103rirea Google Analytics, pute\u021bi utiliza <a>Add-on pentru browser Google Analytics Opt-Out<\/a>.<\/p>\n\n\n\n<p><strong>Cookie-uri<\/strong><\/p>\n\n\n\n<p>Utiliz\u0103m module cookie pentru a v\u0103 \u00eembun\u0103t\u0103\u021bi experien\u021ba pe site-ul nostru \u0219i \u00een scopuri analitice. Acestea includ:<\/p>\n\n\n\n<ul class=\"wp-block-list\">\n<li><strong>Cookie-uri esen\u021biale<\/strong>: Aceste module cookie sunt necesare pentru ca site-ul s\u0103 func\u021bioneze corect \u0219i nu pot fi dezactivate \u00een sistemele noastre.<\/li>\n\n\n\n<li><strong>Cookie-uri de performan\u021b\u0103 \u0219i analiz\u0103<\/strong>: Aceste module cookie ne permit s\u0103 num\u0103r\u0103m vizitele \u0219i sursele de trafic, astfel \u00eenc\u00e2t s\u0103 putem m\u0103sura \u0219i \u00eembun\u0103t\u0103\u021bi performan\u021ba site-ului nostru.<\/li>\n\n\n\n<li><strong>Cookie-uri publicitare<\/strong>: Meta Pixel \u0219i alte module cookie ter\u021b\u0103 parte pot fi utilizate pentru a oferi reclame personalizate bazate pe interac\u021biunile dvs. cu site-ul nostru.<\/li>\n<\/ul>\n\n\n\n<p>V\u0103 pute\u021bi gestiona preferin\u021bele privind modulele cookie prin ajustarea set\u0103rilor browserului. Re\u021bine\u021bi c\u0103 dezactivarea modulelor cookie poate afecta func\u021bionalitatea site-ului web.<\/p>\n\n\n\n<p><strong>Con\u021binut \u00eencorporat de pe alte site-uri web<\/strong><\/p>\n\n\n\n<p>Articolele noastre pot include con\u021binut \u00eencorporat (cum ar fi videoclipuri sau imagini). Con\u021binutul \u00eencorporat de pe alte site-uri web se comport\u0103 \u00een acela\u0219i mod ca \u0219i cum a\u021bi vizita direct cel\u0103lalt site web. Aceste site-uri externe pot colecta date despre dvs., pot utiliza module cookie \u0219i pot monitoriza interac\u021biunea dvs. cu con\u021binutul \u00eencorporat.<\/p>\n\n\n\n<p><strong>Cu cine \u00eemp\u0103rt\u0103\u0219im datele dumneavoastr\u0103<\/strong><\/p>\n\n\n\n<p>Dac\u0103 solicita\u021bi o resetare a parolei, adresa dvs. de IP va fi inclus\u0103 \u00een e-mailul de resetare. Datele colectate prin Meta Pixel \u0219i Google Analytics sunt prelucrate \u00een conformitate cu politicile respective ale Meta \u0219i Google.<\/p>\n\n\n\n<p><strong>C\u00e2t timp p\u0103str\u0103m datele dumneavoastr\u0103<\/strong><\/p>\n\n\n\n<p>Dac\u0103 l\u0103sa\u021bi un comentariu, p\u0103str\u0103m comentariul \u0219i metadatele acestuia pe o perioad\u0103 nedeterminat\u0103. Pentru utilizatorii care se \u00eenregistreaz\u0103 pe site-ul nostru, stoc\u0103m informa\u021biile lor personale \u00een profilurile lor de utilizator pe termen nelimitat, dar utilizatorii pot vedea, edita sau \u0219terge informa\u021biile lor personale \u00een orice moment.<\/p>\n\n\n\n<p><strong>Ce drepturi ave\u021bi asupra datelor dvs.<\/strong><\/p>\n\n\n\n<p>Dac\u0103 a\u021bi l\u0103sat comentarii sau a\u021bi furnizat date prin intermediul Lead Ads, Meta Pixel sau Google Analytics, pute\u021bi solicita s\u0103 primi\u021bi un fi\u0219ier exportat al datelor personale pe care le de\u021binem despre dvs., inclusiv orice date pe care le-a\u021bi furnizat. De asemenea, pute\u021bi solicita s\u0103 \u0219tergem orice date cu caracter personal pe care le de\u021binem despre dvs., cu excep\u021bia datelor pe care trebuie s\u0103 le p\u0103str\u0103m \u00een scopuri juridice sau administrative.<\/p>\n\n\n\n<p><strong>Unde sunt trimise datele dvs.<\/strong><\/p>\n\n\n\n<p>Comentariile vizitatorilor pot fi verificate prin intermediul unui serviciu automat de detectare a spam-ului. Datele colectate prin Meta Pixel \u0219i Google Analytics pot fi prelucrate \u00een afara \u021b\u0103rii dumneavoastr\u0103 de re\u0219edin\u021b\u0103 \u0219i sunt supuse politicilor de confiden\u021bialitate ale Meta \u0219i Google.<\/p>\n\n\n\n<p><strong>Informa\u021bii de contact<\/strong><\/p>\n\n\n\n<p>Dac\u0103 ave\u021bi nel\u0103muriri cu privire la aceast\u0103 politic\u0103 de confiden\u021bialitate, v\u0103 rug\u0103m s\u0103 ne contacta\u021bi la:<\/p>\n\n\n\n<p><strong>Perfect Pose LTD<\/strong><br>8 Derwent Drive<br>Doncaster<br>DN4 5PB<br>Email: <a>perfectpose.uk@gmail.com<\/a><\/p>","protected":false},"excerpt":{"rendered":"<p>Cine suntem Adresa site-ului nostru este: https:\/\/redditforcreators.com. Lead Ads pe Meta Utiliz\u0103m func\u021bia Lead Ads a Meta pentru a colecta informa\u021bii precum adrese de e-mail \u0219i alte date ale utilizatorului atunci c\u00e2nd alege\u021bi s\u0103 le furniza\u021bi prin intermediul anun\u021burilor noastre. Prin furnizarea informa\u021biilor dvs. prin intermediul unui Lead Ad, sunte\u021bi de acord cu termenii prezenta\u021bi mai jos: Meta Pixel [...]","protected":false},"author":1,"featured_media":0,"parent":0,"menu_order":0,"comment_status":"closed","ping_status":"open","template":"","meta":{"_monsterinsights_skip_tracking":false,"_monsterinsights_sitenote_active":false,"_monsterinsights_sitenote_note":"","_monsterinsights_sitenote_category":0,"footnotes":""},"class_list":["post-3","page","type-page","status-publish","hentry"],"_links":{"self":[{"href":"https:\/\/redditforcreators.com\/ro\/wp-json\/wp\/v2\/pages\/3","targetHints":{"allow":["GET"]}}],"collection":[{"href":"https:\/\/redditforcreators.com\/ro\/wp-json\/wp\/v2\/pages"}],"about":[{"href":"https:\/\/redditforcreators.com\/ro\/wp-json\/wp\/v2\/types\/page"}],"author":[{"embeddable":true,"href":"https:\/\/redditforcreators.com\/ro\/wp-json\/wp\/v2\/users\/1"}],"replies":[{"embeddable":true,"href":"https:\/\/redditforcreators.com\/ro\/wp-json\/wp\/v2\/comments?post=3"}],"version-history":[{"count":2,"href":"https:\/\/redditforcreators.com\/ro\/wp-json\/wp\/v2\/pages\/3\/revisions"}],"predecessor-version":[{"id":160,"href":"https:\/\/redditforcreators.com\/ro\/wp-json\/wp\/v2\/pages\/3\/revisions\/160"}],"wp:attachment":[{"href":"https:\/\/redditforcreators.com\/ro\/wp-json\/wp\/v2\/media?parent=3"}],"curies":[{"name":"wp","href":"https:\/\/api.w.org\/{rel}","templated":true}]}}